{"id":4318,"date":"2021-03-18T15:31:23","date_gmt":"2021-03-18T14:31:23","guid":{"rendered":"https:\/\/www.doppiomalto.com\/it\/?post_type=product&#038;p=4318"},"modified":"2026-01-08T17:53:07","modified_gmt":"2026-01-08T16:53:07","slug":"extra-bitter","status":"publish","type":"product","link":"https:\/\/www.doppiomalto.com\/it\/prodotto\/extra-bitter\/","title":{"rendered":"Extra Bitter"},"content":{"rendered":"<h3>Carattere<\/h3>\n<p>DISSETANTE E PERSUASIVA<\/p>\n<p>La vostra corsa all\u2019oro \u00e8 finita. Sedetevi, mettete su un pezzo di Springsteen. Meglio se siete in due, o tre. Assaggiate, vi lascer\u00e0 secchi.<\/p>\n<h3>Qualit\u00e0<\/h3>\n<p><span class=\"marker\">Americana.\u00a0Stile Extra Special Bitter.\u00a0Con 5 luppoli americani.<br \/>\n<\/span>Secca e dissetante, l\u2019oro amaro del luppolo non \u00e8 mai stato cos\u00ec aromatico, convincente e seducente.<\/p>\n<h3><\/h3>\n<h3>Ingredienti<\/h3>\n<p>Acqua, malto d&#8217;<strong>orzo<\/strong>, luppolo, lievito.<br \/>\n<strong>Birra artigianale.<\/strong><\/p>\n","protected":false},"excerpt":{"rendered":"<p>Carattere DISSETANTE E PERSUASIVA La vostra corsa all\u2019oro \u00e8 finita. Sedetevi, mettete su un pezzo di Springsteen. Meglio se siete in due, o tre. Assaggiate, vi lascer\u00e0 secchi. Qualit\u00e0 Americana.\u00a0Stile Extra Special Bitter.\u00a0Con 5 luppoli americani. Secca e dissetante, l\u2019oro amaro del luppolo non \u00e8 mai stato cos\u00ec aromatico, convincente e seducente. Ingredienti Acqua, malto &hellip;<\/p>\n<p class=\"read-more\"> <a class=\"\" href=\"https:\/\/www.doppiomalto.com\/it\/prodotto\/extra-bitter\/\"> <span class=\"screen-reader-text\">Extra Bitter<\/span> Leggi di pi\u00f9 \u00bb<\/a><\/p>\n","protected":false},"featured_media":55708,"comment_status":"open","ping_status":"closed","template":"","meta":[],"acf":[],"yoast_head":"<!-- This site is optimized with the Yoast SEO plugin v16.2 - https:\/\/yoast.com\/wordpress\/plugins\/seo\/ -->\n<title>Extra Bitter | Doppio Malto<\/title>\n<meta name=\"robots\" content=\"index, follow, max-snippet:-1, max-image-preview:large, max-video-preview:-1\" \/>\n<link rel=\"canonical\" href=\"https:\/\/www.doppiomalto.com\/it\/prodotto\/extra-bitter\/\" \/>\n<meta property=\"og:locale\" content=\"it_IT\" \/>\n<meta property=\"og:type\" content=\"article\" \/>\n<meta property=\"og:title\" content=\"Extra Bitter | Doppio Malto\" \/>\n<meta property=\"og:description\" content=\"Carattere DISSETANTE E PERSUASIVA La vostra corsa all\u2019oro \u00e8 finita. Sedetevi, mettete su un pezzo di Springsteen. Meglio se siete in due, o tre. Assaggiate, vi lascer\u00e0 secchi. Qualit\u00e0 Americana.\u00a0Stile Extra Special Bitter.\u00a0Con 5 luppoli americani. Secca e dissetante, l\u2019oro amaro del luppolo non \u00e8 mai stato cos\u00ec aromatico, convincente e seducente. Ingredienti Acqua, malto &hellip; Extra Bitter Leggi di pi\u00f9 \u00bb\" \/>\n<meta property=\"og:url\" content=\"https:\/\/www.doppiomalto.com\/it\/prodotto\/extra-bitter\/\" \/>\n<meta property=\"og:site_name\" content=\"Doppio Malto\" \/>\n<meta property=\"article:publisher\" content=\"https:\/\/www.facebook.com\/DoppioMaltoPeople\/\" \/>\n<meta property=\"article:modified_time\" content=\"2026-01-08T16:53:07+00:00\" \/>\n<meta property=\"og:image\" content=\"https:\/\/www.doppiomalto.com\/wp-content\/uploads\/2021\/03\/DM-Bitter-07-2025.png\" \/>\n\t<meta property=\"og:image:width\" content=\"5000\" \/>\n\t<meta property=\"og:image:height\" content=\"2813\" \/>\n<meta name=\"twitter:card\" content=\"summary_large_image\" \/>\n<meta name=\"twitter:label1\" content=\"Tempo di lettura stimato\">\n\t<meta name=\"twitter:data1\" content=\"1 minuto\">\n<script type=\"application\/ld+json\" class=\"yoast-schema-graph\">{\"@context\":\"https:\/\/schema.org\",\"@graph\":[{\"@type\":\"Organization\",\"@id\":\"https:\/\/www.doppiomalto.com\/it\/#organization\",\"name\":\"Doppio Malto\",\"url\":\"https:\/\/www.doppiomalto.com\/it\/\",\"sameAs\":[\"https:\/\/www.facebook.com\/DoppioMaltoPeople\/\",\"https:\/\/www.instagram.com\/doppiomalto_people\/\",\"https:\/\/www.linkedin.com\/company\/fodbrand-spa\/\"],\"logo\":{\"@type\":\"ImageObject\",\"@id\":\"https:\/\/www.doppiomalto.com\/it\/#logo\",\"inLanguage\":\"it-IT\",\"url\":\"https:\/\/www.doppiomalto.com\/wp-content\/uploads\/2020\/07\/logo-doppiomalto-colorato.png\",\"contentUrl\":\"https:\/\/www.doppiomalto.com\/wp-content\/uploads\/2020\/07\/logo-doppiomalto-colorato.png\",\"width\":709,\"height\":258,\"caption\":\"Doppio Malto\"},\"image\":{\"@id\":\"https:\/\/www.doppiomalto.com\/it\/#logo\"}},{\"@type\":\"WebSite\",\"@id\":\"https:\/\/www.doppiomalto.com\/it\/#website\",\"url\":\"https:\/\/www.doppiomalto.com\/it\/\",\"name\":\"Doppio Malto\",\"description\":\"\",\"publisher\":{\"@id\":\"https:\/\/www.doppiomalto.com\/it\/#organization\"},\"potentialAction\":[{\"@type\":\"SearchAction\",\"target\":\"https:\/\/www.doppiomalto.com\/it\/?s={search_term_string}\",\"query-input\":\"required name=search_term_string\"}],\"inLanguage\":\"it-IT\"},{\"@type\":\"ImageObject\",\"@id\":\"https:\/\/www.doppiomalto.com\/it\/prodotto\/extra-bitter\/#primaryimage\",\"inLanguage\":\"it-IT\",\"url\":\"https:\/\/www.doppiomalto.com\/wp-content\/uploads\/2021\/03\/DM-Bitter-07-2025.png\",\"contentUrl\":\"https:\/\/www.doppiomalto.com\/wp-content\/uploads\/2021\/03\/DM-Bitter-07-2025.png\",\"width\":5000,\"height\":2813},{\"@type\":\"WebPage\",\"@id\":\"https:\/\/www.doppiomalto.com\/it\/prodotto\/extra-bitter\/#webpage\",\"url\":\"https:\/\/www.doppiomalto.com\/it\/prodotto\/extra-bitter\/\",\"name\":\"Extra Bitter | Doppio Malto\",\"isPartOf\":{\"@id\":\"https:\/\/www.doppiomalto.com\/it\/#website\"},\"primaryImageOfPage\":{\"@id\":\"https:\/\/www.doppiomalto.com\/it\/prodotto\/extra-bitter\/#primaryimage\"},\"datePublished\":\"2021-03-18T14:31:23+00:00\",\"dateModified\":\"2026-01-08T16:53:07+00:00\",\"breadcrumb\":{\"@id\":\"https:\/\/www.doppiomalto.com\/it\/prodotto\/extra-bitter\/#breadcrumb\"},\"inLanguage\":\"it-IT\",\"potentialAction\":[{\"@type\":\"ReadAction\",\"target\":[\"https:\/\/www.doppiomalto.com\/it\/prodotto\/extra-bitter\/\"]}]},{\"@type\":\"BreadcrumbList\",\"@id\":\"https:\/\/www.doppiomalto.com\/it\/prodotto\/extra-bitter\/#breadcrumb\",\"itemListElement\":[{\"@type\":\"ListItem\",\"position\":1,\"item\":{\"@type\":\"WebPage\",\"@id\":\"https:\/\/www.doppiomalto.com\/it\/\",\"url\":\"https:\/\/www.doppiomalto.com\/it\/\",\"name\":\"Home\"}},{\"@type\":\"ListItem\",\"position\":2,\"item\":{\"@type\":\"WebPage\",\"@id\":\"https:\/\/www.doppiomalto.com\/it\/ehi-commerce\/\",\"url\":\"https:\/\/www.doppiomalto.com\/it\/ehi-commerce\/\",\"name\":\"Ehi! Commerce\"}},{\"@type\":\"ListItem\",\"position\":3,\"item\":{\"@id\":\"https:\/\/www.doppiomalto.com\/it\/prodotto\/extra-bitter\/#webpage\"}}]}]}<\/script>\n<!-- \/ Yoast SEO plugin. -->","_links":{"self":[{"href":"https:\/\/www.doppiomalto.com\/it\/wp-json\/wp\/v2\/product\/4318"}],"collection":[{"href":"https:\/\/www.doppiomalto.com\/it\/wp-json\/wp\/v2\/product"}],"about":[{"href":"https:\/\/www.doppiomalto.com\/it\/wp-json\/wp\/v2\/types\/product"}],"replies":[{"embeddable":true,"href":"https:\/\/www.doppiomalto.com\/it\/wp-json\/wp\/v2\/comments?post=4318"}],"wp:featuredmedia":[{"embeddable":true,"href":"https:\/\/www.doppiomalto.com\/it\/wp-json\/wp\/v2\/media\/55708"}],"wp:attachment":[{"href":"https:\/\/www.doppiomalto.com\/it\/wp-json\/wp\/v2\/media?parent=4318"}],"curies":[{"name":"wp","href":"https:\/\/api.w.org\/{rel}","templated":true}]}}