{"id":40777,"date":"2024-08-23T10:20:42","date_gmt":"2024-08-23T08:20:42","guid":{"rendered":"https:\/\/www.doppiomalto.com\/it\/?post_type=product&#038;p=40777"},"modified":"2025-12-17T16:55:14","modified_gmt":"2025-12-17T15:55:14","slug":"super-blanche","status":"publish","type":"product","link":"https:\/\/www.doppiomalto.com\/it\/prodotto\/super-blanche\/","title":{"rendered":"Blanche"},"content":{"rendered":"<h3>Carattere<\/h3>\n<p>GENTILE E VIVACE<\/p>\n<p>Il suo segno zodiacale \u00e8 la primavera e l\u2019ascendente la gentilezza. Ha una conversazione leggera ma acuta e pungente. Non si pu\u00f2 bere per dispetto<\/p>\n<h3>Qualit\u00e0<\/h3>\n<p>Amabile ma ricca di spunti aromatici. La genealogia belga non le impedisce una forte originalit\u00e0, agrumata, floreale e speziata. La sua acidula freschezza \u00e8 balsamica<\/p>\n<h3>Ingredienti<\/h3>\n<p>Acqua, malto di <strong>frumento<\/strong>, malto d\u2019<strong>orzo<\/strong>, malto d\u2019<strong>avena<\/strong>, destrosio, coriandolo, bergamotto, lievito, luppolo<\/p>\n<p><strong>Birra artigianale.<\/strong><\/p>\n","protected":false},"excerpt":{"rendered":"<p>Carattere GENTILE E VIVACE Il suo segno zodiacale \u00e8 la primavera e l\u2019ascendente la gentilezza. Ha una conversazione leggera ma acuta e pungente. Non si pu\u00f2 bere per dispetto Qualit\u00e0 Amabile ma ricca di spunti aromatici. La genealogia belga non le impedisce una forte originalit\u00e0, agrumata, floreale e speziata. La sua acidula freschezza \u00e8 balsamica &hellip;<\/p>\n<p class=\"read-more\"> <a class=\"\" href=\"https:\/\/www.doppiomalto.com\/it\/prodotto\/super-blanche\/\"> <span class=\"screen-reader-text\">Blanche<\/span> Leggi di pi\u00f9 \u00bb<\/a><\/p>\n","protected":false},"featured_media":55676,"comment_status":"open","ping_status":"closed","template":"","meta":[],"acf":[],"yoast_head":"<!-- This site is optimized with the Yoast SEO plugin v16.2 - https:\/\/yoast.com\/wordpress\/plugins\/seo\/ -->\n<title>Blanche | Doppio Malto<\/title>\n<meta name=\"robots\" content=\"index, follow, max-snippet:-1, max-image-preview:large, max-video-preview:-1\" \/>\n<link rel=\"canonical\" href=\"https:\/\/www.doppiomalto.com\/it\/prodotto\/super-blanche\/\" \/>\n<meta property=\"og:locale\" content=\"it_IT\" \/>\n<meta property=\"og:type\" content=\"article\" \/>\n<meta property=\"og:title\" content=\"Blanche | Doppio Malto\" \/>\n<meta property=\"og:description\" content=\"Carattere GENTILE E VIVACE Il suo segno zodiacale \u00e8 la primavera e l\u2019ascendente la gentilezza. Ha una conversazione leggera ma acuta e pungente. Non si pu\u00f2 bere per dispetto Qualit\u00e0 Amabile ma ricca di spunti aromatici. La genealogia belga non le impedisce una forte originalit\u00e0, agrumata, floreale e speziata. La sua acidula freschezza \u00e8 balsamica &hellip; Blanche Leggi di pi\u00f9 \u00bb\" \/>\n<meta property=\"og:url\" content=\"https:\/\/www.doppiomalto.com\/it\/prodotto\/super-blanche\/\" \/>\n<meta property=\"og:site_name\" content=\"Doppio Malto\" \/>\n<meta property=\"article:publisher\" content=\"https:\/\/www.facebook.com\/DoppioMaltoPeople\/\" \/>\n<meta property=\"article:modified_time\" content=\"2025-12-17T15:55:14+00:00\" \/>\n<meta property=\"og:image\" content=\"https:\/\/www.doppiomalto.com\/wp-content\/uploads\/2024\/08\/DM-Blanche-02-2025.png\" \/>\n\t<meta property=\"og:image:width\" content=\"5000\" \/>\n\t<meta property=\"og:image:height\" content=\"2813\" \/>\n<meta name=\"twitter:card\" content=\"summary_large_image\" \/>\n<meta name=\"twitter:label1\" content=\"Tempo di lettura stimato\">\n\t<meta name=\"twitter:data1\" content=\"1 minuto\">\n<script type=\"application\/ld+json\" class=\"yoast-schema-graph\">{\"@context\":\"https:\/\/schema.org\",\"@graph\":[{\"@type\":\"Organization\",\"@id\":\"https:\/\/www.doppiomalto.com\/it\/#organization\",\"name\":\"Doppio Malto\",\"url\":\"https:\/\/www.doppiomalto.com\/it\/\",\"sameAs\":[\"https:\/\/www.facebook.com\/DoppioMaltoPeople\/\",\"https:\/\/www.instagram.com\/doppiomalto_people\/\",\"https:\/\/www.linkedin.com\/company\/fodbrand-spa\/\"],\"logo\":{\"@type\":\"ImageObject\",\"@id\":\"https:\/\/www.doppiomalto.com\/it\/#logo\",\"inLanguage\":\"it-IT\",\"url\":\"https:\/\/www.doppiomalto.com\/wp-content\/uploads\/2020\/07\/logo-doppiomalto-colorato.png\",\"contentUrl\":\"https:\/\/www.doppiomalto.com\/wp-content\/uploads\/2020\/07\/logo-doppiomalto-colorato.png\",\"width\":709,\"height\":258,\"caption\":\"Doppio Malto\"},\"image\":{\"@id\":\"https:\/\/www.doppiomalto.com\/it\/#logo\"}},{\"@type\":\"WebSite\",\"@id\":\"https:\/\/www.doppiomalto.com\/it\/#website\",\"url\":\"https:\/\/www.doppiomalto.com\/it\/\",\"name\":\"Doppio Malto\",\"description\":\"\",\"publisher\":{\"@id\":\"https:\/\/www.doppiomalto.com\/it\/#organization\"},\"potentialAction\":[{\"@type\":\"SearchAction\",\"target\":\"https:\/\/www.doppiomalto.com\/it\/?s={search_term_string}\",\"query-input\":\"required name=search_term_string\"}],\"inLanguage\":\"it-IT\"},{\"@type\":\"ImageObject\",\"@id\":\"https:\/\/www.doppiomalto.com\/it\/prodotto\/super-blanche\/#primaryimage\",\"inLanguage\":\"it-IT\",\"url\":\"https:\/\/www.doppiomalto.com\/wp-content\/uploads\/2024\/08\/DM-Blanche-02-2025.png\",\"contentUrl\":\"https:\/\/www.doppiomalto.com\/wp-content\/uploads\/2024\/08\/DM-Blanche-02-2025.png\",\"width\":5000,\"height\":2813},{\"@type\":\"WebPage\",\"@id\":\"https:\/\/www.doppiomalto.com\/it\/prodotto\/super-blanche\/#webpage\",\"url\":\"https:\/\/www.doppiomalto.com\/it\/prodotto\/super-blanche\/\",\"name\":\"Blanche | Doppio Malto\",\"isPartOf\":{\"@id\":\"https:\/\/www.doppiomalto.com\/it\/#website\"},\"primaryImageOfPage\":{\"@id\":\"https:\/\/www.doppiomalto.com\/it\/prodotto\/super-blanche\/#primaryimage\"},\"datePublished\":\"2024-08-23T08:20:42+00:00\",\"dateModified\":\"2025-12-17T15:55:14+00:00\",\"breadcrumb\":{\"@id\":\"https:\/\/www.doppiomalto.com\/it\/prodotto\/super-blanche\/#breadcrumb\"},\"inLanguage\":\"it-IT\",\"potentialAction\":[{\"@type\":\"ReadAction\",\"target\":[\"https:\/\/www.doppiomalto.com\/it\/prodotto\/super-blanche\/\"]}]},{\"@type\":\"BreadcrumbList\",\"@id\":\"https:\/\/www.doppiomalto.com\/it\/prodotto\/super-blanche\/#breadcrumb\",\"itemListElement\":[{\"@type\":\"ListItem\",\"position\":1,\"item\":{\"@type\":\"WebPage\",\"@id\":\"https:\/\/www.doppiomalto.com\/it\/\",\"url\":\"https:\/\/www.doppiomalto.com\/it\/\",\"name\":\"Home\"}},{\"@type\":\"ListItem\",\"position\":2,\"item\":{\"@type\":\"WebPage\",\"@id\":\"https:\/\/www.doppiomalto.com\/it\/ehi-commerce\/\",\"url\":\"https:\/\/www.doppiomalto.com\/it\/ehi-commerce\/\",\"name\":\"Ehi! Commerce\"}},{\"@type\":\"ListItem\",\"position\":3,\"item\":{\"@id\":\"https:\/\/www.doppiomalto.com\/it\/prodotto\/super-blanche\/#webpage\"}}]}]}<\/script>\n<!-- \/ Yoast SEO plugin. -->","_links":{"self":[{"href":"https:\/\/www.doppiomalto.com\/it\/wp-json\/wp\/v2\/product\/40777"}],"collection":[{"href":"https:\/\/www.doppiomalto.com\/it\/wp-json\/wp\/v2\/product"}],"about":[{"href":"https:\/\/www.doppiomalto.com\/it\/wp-json\/wp\/v2\/types\/product"}],"replies":[{"embeddable":true,"href":"https:\/\/www.doppiomalto.com\/it\/wp-json\/wp\/v2\/comments?post=40777"}],"wp:featuredmedia":[{"embeddable":true,"href":"https:\/\/www.doppiomalto.com\/it\/wp-json\/wp\/v2\/media\/55676"}],"wp:attachment":[{"href":"https:\/\/www.doppiomalto.com\/it\/wp-json\/wp\/v2\/media?parent=40777"}],"curies":[{"name":"wp","href":"https:\/\/api.w.org\/{rel}","templated":true}]}}