{"id":5298,"date":"2021-04-23T11:33:30","date_gmt":"2021-04-23T09:33:30","guid":{"rendered":"https:\/\/www.doppiomalto.com\/?page_id=5298"},"modified":"2023-07-11T09:28:06","modified_gmt":"2023-07-11T07:28:06","slug":"termini-e-condizioni","status":"publish","type":"page","link":"https:\/\/www.doppiomalto.com\/it\/termini-e-condizioni\/","title":{"rendered":"Termini e Condizioni"},"content":{"rendered":"\t\t<div data-elementor-type=\"wp-page\" data-elementor-id=\"5298\" class=\"elementor elementor-5298\">\n\t\t\t\t\t\t<div class=\"elementor-inner\">\n\t\t\t\t<div class=\"elementor-section-wrap\">\n\t\t\t\t\t\t\t\t\t<section class=\"elementor-section elementor-top-section elementor-element elementor-element-343843c5 elementor-section-boxed elementor-section-height-default elementor-section-height-default\" data-id=\"343843c5\" data-element_type=\"section\">\n\t\t\t\t\t\t<div class=\"elementor-container elementor-column-gap-default\">\n\t\t\t\t\t\t\t<div class=\"elementor-row\">\n\t\t\t\t\t<div class=\"elementor-column elementor-col-100 elementor-top-column elementor-element elementor-element-3f090924\" data-id=\"3f090924\" data-element_type=\"column\">\n\t\t\t<div class=\"elementor-column-wrap elementor-element-populated\">\n\t\t\t\t\t\t\t<div class=\"elementor-widget-wrap\">\n\t\t\t\t\t\t<div class=\"elementor-element elementor-element-203e9d6f elementor-widget elementor-widget-text-editor\" data-id=\"203e9d6f\" data-element_type=\"widget\" data-widget_type=\"text-editor.default\">\n\t\t\t\t<div class=\"elementor-widget-container\">\n\t\t\t\t\t\t\t\t<div class=\"elementor-text-editor elementor-clearfix\">\n\t\t\t\t<h3>CONDIZIONI DI VENDITA<\/h3><p>I prodotti presenti sul sito sono offerti in vendita da\u00a0 Doppio Malto SpA con sede in via G. A. Amadeo, 59, 20134 Milano, Italia.<\/p><h4>1. Oggetto<\/h4><p><b>1.1<\/b> Le Condizioni Generali disciplinano tutti i Contratti di Compravendita costituendone parte essenziale ed integrante.<\/p><p><b>1.2<\/b>\u00a0Doppio Malto SpA si riserva il diritto di modificare in ogni momento le Condizioni Generali, fermo restando che a ciascun Contratto di Compravendita si intenderanno applicabili quelle pubblicate su doppiomalto.com al momento dell&#8217;invio del relativo Ordine da parte del Cliente.<\/p><p><b>1.3<\/b> In caso di contrasto tra le norme di cui alle Condizioni Generali con eventuali altre norme specifiche relative al Contratto di Compravendita sempre che pubblicate su doppiomalto.com, troveranno applicazione queste ultime.<\/p><h4>\u00a0<\/h4><h4>2. Conclusione del Contratto di Compravendita<\/h4><p><strong>2.1<\/strong> I Contratti di Compravendita si intendono conclusi tra le Parti nel momento in cui il Cliente riceve la Conferma d&#8217;Ordine.<\/p><p><strong>2.2<\/strong> Con l&#8217;invio dell&#8217;Ordine, il Cliente dichiara di avere preso visione di tutte le istruzioni inerenti alla modalit\u00e0 di acquisto dei Prodotti di cui all&#8217;art. 5 e di aver accettato integralmente le Condizioni Generali nonch\u00e9 di aver preso visione di tutte le ulteriori informazioni contenute su doppiomalto.com, anche richiamate tramite link.\u00a0\u00a0\u00a0\u00a0\u00a0\u00a0<\/p><p><strong>2.3<\/strong>\u00a0Doppio Malto SpA promuove il consumo responsabile degli alcolici. Acquistando un qualsiasi prodotto alcolico, il cliente dichiara di essere maggiorenne.\u00a0Doppio Malto SpA non si assume alcuna responsabilit\u00e0 a proprio carico in caso di acquisto effettuato da minori di 18 anni che abbiano dichiarato di avere un\u2019et\u00e0 diversa.<\/p><h4>\u00a0<\/h4><h4>3. Disponibilit\u00e0 dei Prodotti<\/h4><p><strong>3.1<\/strong> La tipologia di Prodotti pubblicati su doppiomalto.com e la loro disponibilit\u00e0 potranno variare in qualsiasi momento senza che ci\u00f2 comporti alcuna responsabilit\u00e0 per\u00a0Doppio Malto SpA nei confronti dei Clienti.<\/p><p><strong>3.2<\/strong> In caso di indisponibilit\u00e0 dei prodotti,\u00a0Doppio Malto SpA comunicher\u00e0 sul sito doppiomalto.com i prodotti non acquistabili.<\/p><h4>\u00a0<\/h4><h4>4. Prezzo e costi di spedizione<\/h4><p><strong>4.1<\/strong> I Prezzi esposti sono espressi in Euro (\u20ac) comprensivi di I.V.A. e delle spese accessorie relative a recipienti e imballaggi.<\/p><p><strong>4.2<\/strong> Gli ordini superiori a 12 bottiglie di birra sono effettuati senza costi di spedizione, mentre ad un ordine di sole 12 bottiglie di birra viene applicato un contributo per i costi di spedizione pari a 4 euro iva inclusa.<\/p><p><strong>4.3<\/strong> I Prodotti saranno consegnati unicamente all&#8217;interno del territorio dello Stato italiano, il Vaticano e lo stato di San Marino.<\/p><h4>\u00a0<\/h4><h4>5. Modalit\u00e0 di invio degli Ordini<\/h4><p><strong>5.1<\/strong> Il Cliente potr\u00e0 effettuare un ordine per multipli di 12 bottiglie di qualsiasi tipologia.<\/p><p><strong>5.2<\/strong> Il Cliente potr\u00e0 acquistare i Prodotti selezionandoli nella sezione di doppiomalto.com a ci\u00f2 dedicata, inserendoli nel &#8220;carrello&#8221; e completando l\u2019ordine.<\/p><h4>\u00a0<\/h4><h4>6. Modalit\u00e0 di pagamento<\/h4><p>I metodi di pagamento consentiti sono:<\/p><p>&#8211; PayPal<\/p><p>&#8211; Carta di credito (Visa e Mastercard)<\/p><h4>\u00a0<\/h4><h4>7. Spedizione e tempi di consegna dei Prodotti<\/h4><p><strong>7.1<\/strong> Le vendite sono limitate al territorio italiano e la consegna avviene mediante corriere espresso convenzionato (TNT), entro 3-4 giorni lavorativi da quello successivo al ricevimento dell\u2019ordine.<\/p><p><strong>7.2<\/strong> I Prodotti sono spediti da\u00a0Doppio Malto SpA, e consegnati dal Corriere all&#8217;indirizzo indicato dai Clienti al momento dell&#8217;invio dell&#8217;Ordine.<\/p><p><strong>7.3<\/strong> Il Cliente, o altri soggetti incaricati dal Cliente che si trovino all&#8217;indirizzo indicato per la consegna dei Prodotti nella Conferma d&#8217;Ordine, sono tenuti a verificare, al momento della consegna, che:<br \/>(I) i Prodotti corrispondano a quanto indicato nel documento di trasporto (DDT) del Corriere sia per numero che per tipologia; (II) l&#8217;imballaggio\/ confezione dei Prodotti sia integra, non danneggiata, n\u00e9 bagnata o comunque alterata, anche nei materiali di chiusura.<\/p><p><strong>7.4<\/strong> Qualsiasi danno all&#8217;imballaggio\/confezione dei Prodotti deve essere immediatamente contestato dal Cliente mediante l&#8217;apposizione di una riserva di controllo scritta sulla prova di avvenuta consegna del Corriere. Resta inteso che, una volta firmato il documento del Corriere senza alcuna contestazione, il Cliente non potr\u00e0 pi\u00f9 sollevare alcuna contestazione a\u00a0Doppio Malto SpA con riferimento ai Prodotti consegnati.<\/p><p><strong>7.5<\/strong> Nel caso in cui uno o pi\u00f9 prodotti risultassero danneggiati o non dovessero essere rispondenti all\u2019ordine effettuato, il Cliente entro 3 (tre) giorni lavorativi dalla consegna dovr\u00e0 informare a mezzo email\u00a0Doppio Malto SpA all\u2019indirizzo diccitutto@doppiomalto.com, provvedendo altres\u00ec a fornire documentazione, anche fotografica, relativa al danno o all\u2019erronea fornitura, la cui prova grava sul cliente.\u00a0Doppio Malto SpA, verificata la sussistenza del danno o dell\u2019erronea fornitura, entro e non oltre il termine di 30 giorni dalla data della segnalazione, provveder\u00e0 a rimborsare il Cliente del loro importo.\u00a0Doppio Malto SpA si riserva la facolt\u00e0 di valutare le singole casistiche e adottare la soluzione pi\u00f9 opportuna.<\/p><h4>\u00a0<\/h4><h4>8. Diritto di recesso<\/h4><p><strong>8.1<\/strong> Ai sensi del D. Lgs. 21\/2014 del 21 febbraio 2014 il Cliente ha facolt\u00e0 di esercitare il diritto di recesso procedendo alla restituzione dei prodotti acquistati.<\/p><p><strong>8.2<\/strong> Il diritto di recesso si applica alle persone fisiche che agiscono per scopi non direttamente riferibili all\u2019attivit\u00e0 professionale eventualmente svolta (sono pertanto esclusi dal diritto gli acquisti effettuati da rivenditori e aziende) e si esercita mediante l\u2019invio, entro il termine di 14 giorni dal ricevimento dei prodotti, di comunicazione scritta all\u2019indirizzo email diccitutto@doppiomalto.com, contenente:<\/p><p>(I) la manifestazione di volont\u00e0 di avvalersi del diritto di recesso;<\/p><p>(II) l\u2019indicazione dell\u2019Ordine che ha dato luogo al Contratto di Compravendita dal quale intendono recedere.<\/p><p><strong>8.3<\/strong> L\u2019esercizio del diritto di recesso presuppone la restituzione, in buono stato di conservazione, dei prodotti acquistati.<\/p><p><strong>8.4<\/strong> In caso di esercizio da parte del Cliente del diritto di recesso di cui al presente art. 8.1:<\/p><p>(I) il Cliente si impegna a restituire i Prodotti entro 7 giorni lavorativi dalla data della comunicazione di recesso di cui all\u2019art. 8.2;<\/p><p>(II) tutti i costi connessi alla restituzione dei Prodotti sono interamente a carico del Cliente;<\/p><p>(III)\u00a0Doppio Malto SpA riconoscer\u00e0 a titolo di rimborso l\u2019ammontare totale della transazione.<\/p><p><strong>8.5<\/strong>\u00a0Doppio Malto SpA si impegna a rimborsare il Prezzo a condizione che:<\/p><p>&#8211; i Prodotti siano stati restituiti e siano integri;<\/p><p>&#8211; sia restituito anche l\u2019imballaggio\/confezione originale dei Prodotti e lo stesso sia integro;<\/p><p>&#8211; siano restituiti anche eventuali accessori e gli stessi siano integri;<\/p><p>&#8211; i Prodotti non siano stati utilizzati.<\/p><p><strong>8.6<\/strong>\u00a0Doppio Malto SpA comunicher\u00e0 al Cliente le modalit\u00e0 di rimborso del Prezzo. Il rimborso verr\u00e0 effettuato sullo stesso mezzo utilizzato al momento della prenotazione.<\/p><p><strong>8.7<\/strong> Qualora il Cliente eserciti il diritto di recesso in modo non conforme alle modalit\u00e0 e termini di cui al presente articolo 8, il Cliente non ha diritto al rimborso del Prezzo.<\/p><h4>\u00a0<\/h4><h4>9. Fatturazione<\/h4><p>I soggetti obbligati a richiedere fattura devono farne richiesta al momento dell\u2019ordinazione, previa comunicazione del numero di Partita Iva e degli altri elementi utili alla fatturazione. Dopo l\u2019emissione della fattura non sar\u00e0 possibile apportare alcuna modifica ai dati indicati nella stessa.<\/p><h4>\u00a0<\/h4><h4>10. Vizi \/ difformit\u00e0 dei Prodotti<\/h4><p>Ai Clienti &#8220;consumatori&#8221; sono riconosciuti i diritti del consumatore di cui all&#8217;art. 130 del D.lgs 206\/05; tali diritti devono essere esercitati nei termini di cui dall&#8217;art. 132 del medesimo D.lgs 206\/05.<\/p><h4>\u00a0<\/h4><h4>11. Privacy<\/h4><p>Il titolare dei trattamenti dei dati raccolti tramite doppiomalto.com \u00e8\u00a0Doppio Malto SpA che dichiara e garantisce che i dati personali dei Clienti saranno trattati in conformit\u00e0 alle disposizioni di cui al D.Lgs. 196\/03, e successive modifiche.<\/p><p>I responsabili del trattamento dei dati dei clienti sono i seguenti:<\/p><p>&#8211; Paypal in quanto gestore del sistema di pagamento online tramite Paypal; i dati saranno utilizzati esclusivamente per il completamento del pagamento dell\u2019ordine;<\/p><p>&#8211; Axepta BNP Paribas, in quanto gestore dei pagamenti con circuiti Visa e Mastercard delle carte di credito; i dati saranno utilizzati esclusivamente per il completamento del pagamento dell\u2019ordine;<\/p><h4>\u00a0<\/h4><h4>12. Propriet\u00e0 Intellettuale<\/h4><p>Tutti i diritti di propriet\u00e0 intellettuale connessi a doppiomalto.com (compresi i contenuti) sono di titolarit\u00e0 esclusiva di Doppio Malto SpA. Doppiomalto.com e i suoi contenuti non possono essere riprodotti n\u00e9 integralmente n\u00e9 parzialmente, trasferiti con mezzi elettronici o convenzionali, modificati, collegati e utilizzati per qualsivoglia fine senza il previo consenso scritto di Doppio Malto SpA.<\/p><h4>\u00a0<\/h4><h4>13. Legge applicabile<\/h4><p>Le Condizioni Generali e i Contratti di Compravendita sono disciplinati dal diritto italiano (e in particolare dal Decreto Legislativo 206 del 06\/09\/2005 \u2013 che agli artt. da 50 a 67 disciplina i contratti a distanza &#8211; e dal Decreto Legislativo 70 del 09\/04\/2003 in materia di commercio elettronico) e alla luce di questo devono essere interpretate.<\/p><h4>\u00a0<\/h4><h4>14. Servizio clienti<\/h4><p>Per qualsiasi segnalazione, richiesta di chiarimenti e informazioni \u00e8 possibile contattare il Servizio Clienti inviando una mail a diccitutto@doppiomalto.com<\/p>\t\t\t\t\t<\/div>\n\t\t\t\t\t\t<\/div>\n\t\t\t\t<\/div>\n\t\t\t\t<div class=\"elementor-element elementor-element-a96bbef elementor-widget elementor-widget-text-editor\" data-id=\"a96bbef\" data-element_type=\"widget\" data-widget_type=\"text-editor.default\">\n\t\t\t\t<div class=\"elementor-widget-container\">\n\t\t\t\t\t\t\t\t<div class=\"elementor-text-editor elementor-clearfix\">\n\t\t\t\t<p>I nostri mastri birrai lavorano ogni giorno nei due birrifici Doppio Malto per regalare ai clienti ettolitri di felicit\u00e0.<\/p>\t\t\t\t\t<\/div>\n\t\t\t\t\t\t<\/div>\n\t\t\t\t<\/div>\n\t\t\t\t<div class=\"elementor-element elementor-element-498fb63 elementor-widget elementor-widget-text-editor\" data-id=\"498fb63\" data-element_type=\"widget\" data-widget_type=\"text-editor.default\">\n\t\t\t\t<div class=\"elementor-widget-container\">\n\t\t\t\t\t\t\t\t<div class=\"elementor-text-editor elementor-clearfix\">\n\t\t\t\t<p>I nostri mastri birrai lavorano ogni giorno nei due birrifici Doppio Malto per regalare ai clienti ettolitri di felicit\u00e0.<\/p>\t\t\t\t\t<\/div>\n\t\t\t\t\t\t<\/div>\n\t\t\t\t<\/div>\n\t\t\t\t\t\t<\/div>\n\t\t\t\t\t<\/div>\n\t\t<\/div>\n\t\t\t\t\t\t\t\t<\/div>\n\t\t\t\t\t<\/div>\n\t\t<\/section>\n\t\t\t\t\t\t\t\t\t<\/div>\n\t\t\t<\/div>\n\t\t\t\t\t<\/div>\n\t\t","protected":false},"excerpt":{"rendered":"<p>CONDIZIONI DI VENDITA I prodotti presenti sul sito sono offerti in vendita da\u00a0 Doppio Malto SpA con sede in via G. A. Amadeo, 59, 20134 Milano, Italia. 1. Oggetto 1.1 Le Condizioni Generali disciplinano tutti i Contratti di Compravendita costituendone parte essenziale ed integrante. 1.2\u00a0Doppio Malto SpA si riserva il diritto di modificare in ogni &hellip;<\/p>\n<p class=\"read-more\"> <a class=\"\" href=\"https:\/\/www.doppiomalto.com\/it\/termini-e-condizioni\/\"> <span class=\"screen-reader-text\">Termini e Condizioni<\/span> Leggi di pi\u00f9 \u00bb<\/a><\/p>\n","protected":false},"author":10,"featured_media":0,"parent":0,"menu_order":0,"comment_status":"closed","ping_status":"closed","template":"","meta":[],"acf":[],"yoast_head":"<!-- This site is optimized with the Yoast SEO plugin v16.2 - https:\/\/yoast.com\/wordpress\/plugins\/seo\/ -->\n<title>Termini e Condizioni | Doppio Malto<\/title>\n<meta name=\"robots\" content=\"index, follow, max-snippet:-1, max-image-preview:large, max-video-preview:-1\" \/>\n<link rel=\"canonical\" href=\"https:\/\/www.doppiomalto.com\/it\/termini-e-condizioni\/\" \/>\n<meta property=\"og:locale\" content=\"it_IT\" \/>\n<meta property=\"og:type\" content=\"article\" \/>\n<meta property=\"og:title\" content=\"Termini e Condizioni | Doppio Malto\" \/>\n<meta property=\"og:description\" content=\"CONDIZIONI DI VENDITA I prodotti presenti sul sito sono offerti in vendita da\u00a0 Doppio Malto SpA con sede in via G. A. Amadeo, 59, 20134 Milano, Italia. 1. Oggetto 1.1 Le Condizioni Generali disciplinano tutti i Contratti di Compravendita costituendone parte essenziale ed integrante. 1.2\u00a0Doppio Malto SpA si riserva il diritto di modificare in ogni &hellip; Termini e Condizioni Leggi di pi\u00f9 \u00bb\" \/>\n<meta property=\"og:url\" content=\"https:\/\/www.doppiomalto.com\/it\/termini-e-condizioni\/\" \/>\n<meta property=\"og:site_name\" content=\"Doppio Malto\" \/>\n<meta property=\"article:publisher\" content=\"https:\/\/www.facebook.com\/DoppioMaltoPeople\/\" \/>\n<meta property=\"article:modified_time\" content=\"2023-07-11T07:28:06+00:00\" \/>\n<meta property=\"og:image\" content=\"https:\/\/www.doppiomalto.com\/wp-content\/uploads\/2020\/09\/social-doppiomalto.jpg\" \/>\n\t<meta property=\"og:image:width\" content=\"1080\" \/>\n\t<meta property=\"og:image:height\" content=\"528\" \/>\n<meta name=\"twitter:card\" content=\"summary_large_image\" \/>\n<meta name=\"twitter:label1\" content=\"Tempo di lettura stimato\">\n\t<meta name=\"twitter:data1\" content=\"7 minuti\">\n<script type=\"application\/ld+json\" class=\"yoast-schema-graph\">{\"@context\":\"https:\/\/schema.org\",\"@graph\":[{\"@type\":\"Organization\",\"@id\":\"https:\/\/www.doppiomalto.com\/it\/#organization\",\"name\":\"Doppio Malto\",\"url\":\"https:\/\/www.doppiomalto.com\/it\/\",\"sameAs\":[\"https:\/\/www.facebook.com\/DoppioMaltoPeople\/\",\"https:\/\/www.instagram.com\/doppiomalto_people\/\",\"https:\/\/www.linkedin.com\/company\/fodbrand-spa\/\"],\"logo\":{\"@type\":\"ImageObject\",\"@id\":\"https:\/\/www.doppiomalto.com\/it\/#logo\",\"inLanguage\":\"it-IT\",\"url\":\"https:\/\/www.doppiomalto.com\/wp-content\/uploads\/2020\/07\/logo-doppiomalto-colorato.png\",\"contentUrl\":\"https:\/\/www.doppiomalto.com\/wp-content\/uploads\/2020\/07\/logo-doppiomalto-colorato.png\",\"width\":709,\"height\":258,\"caption\":\"Doppio Malto\"},\"image\":{\"@id\":\"https:\/\/www.doppiomalto.com\/it\/#logo\"}},{\"@type\":\"WebSite\",\"@id\":\"https:\/\/www.doppiomalto.com\/it\/#website\",\"url\":\"https:\/\/www.doppiomalto.com\/it\/\",\"name\":\"Doppio Malto\",\"description\":\"\",\"publisher\":{\"@id\":\"https:\/\/www.doppiomalto.com\/it\/#organization\"},\"potentialAction\":[{\"@type\":\"SearchAction\",\"target\":\"https:\/\/www.doppiomalto.com\/it\/?s={search_term_string}\",\"query-input\":\"required name=search_term_string\"}],\"inLanguage\":\"it-IT\"},{\"@type\":\"WebPage\",\"@id\":\"https:\/\/www.doppiomalto.com\/it\/termini-e-condizioni\/#webpage\",\"url\":\"https:\/\/www.doppiomalto.com\/it\/termini-e-condizioni\/\",\"name\":\"Termini e Condizioni | Doppio Malto\",\"isPartOf\":{\"@id\":\"https:\/\/www.doppiomalto.com\/it\/#website\"},\"datePublished\":\"2021-04-23T09:33:30+00:00\",\"dateModified\":\"2023-07-11T07:28:06+00:00\",\"breadcrumb\":{\"@id\":\"https:\/\/www.doppiomalto.com\/it\/termini-e-condizioni\/#breadcrumb\"},\"inLanguage\":\"it-IT\",\"potentialAction\":[{\"@type\":\"ReadAction\",\"target\":[\"https:\/\/www.doppiomalto.com\/it\/termini-e-condizioni\/\"]}]},{\"@type\":\"BreadcrumbList\",\"@id\":\"https:\/\/www.doppiomalto.com\/it\/termini-e-condizioni\/#breadcrumb\",\"itemListElement\":[{\"@type\":\"ListItem\",\"position\":1,\"item\":{\"@type\":\"WebPage\",\"@id\":\"https:\/\/www.doppiomalto.com\/it\/\",\"url\":\"https:\/\/www.doppiomalto.com\/it\/\",\"name\":\"Home\"}},{\"@type\":\"ListItem\",\"position\":2,\"item\":{\"@id\":\"https:\/\/www.doppiomalto.com\/it\/termini-e-condizioni\/#webpage\"}}]}]}<\/script>\n<!-- \/ Yoast SEO plugin. -->","_links":{"self":[{"href":"https:\/\/www.doppiomalto.com\/it\/wp-json\/wp\/v2\/pages\/5298"}],"collection":[{"href":"https:\/\/www.doppiomalto.com\/it\/wp-json\/wp\/v2\/pages"}],"about":[{"href":"https:\/\/www.doppiomalto.com\/it\/wp-json\/wp\/v2\/types\/page"}],"author":[{"embeddable":true,"href":"https:\/\/www.doppiomalto.com\/it\/wp-json\/wp\/v2\/users\/10"}],"replies":[{"embeddable":true,"href":"https:\/\/www.doppiomalto.com\/it\/wp-json\/wp\/v2\/comments?post=5298"}],"version-history":[{"count":22,"href":"https:\/\/www.doppiomalto.com\/it\/wp-json\/wp\/v2\/pages\/5298\/revisions"}],"predecessor-version":[{"id":31693,"href":"https:\/\/www.doppiomalto.com\/it\/wp-json\/wp\/v2\/pages\/5298\/revisions\/31693"}],"wp:attachment":[{"href":"https:\/\/www.doppiomalto.com\/it\/wp-json\/wp\/v2\/media?parent=5298"}],"curies":[{"name":"wp","href":"https:\/\/api.w.org\/{rel}","templated":true}]}}