{"id":40098,"date":"2024-07-23T18:51:08","date_gmt":"2024-07-23T16:51:08","guid":{"rendered":"https:\/\/www.doppiomalto.com\/?page_id=40098"},"modified":"2024-08-05T09:35:15","modified_gmt":"2024-08-05T07:35:15","slug":"senza-birra-non-ce-partita","status":"publish","type":"page","link":"https:\/\/www.doppiomalto.com\/it\/senza-birra-non-ce-partita\/","title":{"rendered":"Senza birra non c&#8217;\u00e8 partita"},"content":{"rendered":"\t\t<div data-elementor-type=\"wp-post\" data-elementor-id=\"40098\" class=\"elementor elementor-40098\">\n\t\t\t\t\t\t<div class=\"elementor-inner\">\n\t\t\t\t<div class=\"elementor-section-wrap\">\n\t\t\t\t\t\t\t\t\t<section class=\"elementor-section elementor-top-section elementor-element elementor-element-b8e5529 elementor-section-height-min-height elementor-section-content-middle elementor-section-boxed elementor-section-height-default elementor-section-items-middle\" data-id=\"b8e5529\" data-element_type=\"section\" data-settings=\"{&quot;background_background&quot;:&quot;video&quot;,&quot;animation&quot;:&quot;none&quot;,&quot;background_motion_fx_mouseTrack_effect&quot;:&quot;yes&quot;,&quot;background_motion_fx_mouseTrack_direction&quot;:&quot;negative&quot;,&quot;background_motion_fx_mouseTrack_speed&quot;:{&quot;unit&quot;:&quot;px&quot;,&quot;size&quot;:&quot;0.5&quot;,&quot;sizes&quot;:[]},&quot;background_video_link&quot;:&quot;https:\\\/\\\/www.doppiomalto.com\\\/wp-content\\\/uploads\\\/2024\\\/07\\\/DM-1920x1080-Cagliari-Calcio-compressed-07-2024.mp4&quot;,&quot;background_play_on_mobile&quot;:&quot;yes&quot;}\">\n\t\t\t\t\t\t\t\t<div class=\"elementor-background-video-container\">\n\t\t\t\t\t\t\t\t\t\t\t\t\t<video class=\"elementor-background-video-hosted elementor-html5-video\" autoplay muted playsinline loop><\/video>\n\t\t\t\t\t\t\t\t\t\t\t<\/div>\n\t\t\t\t\t\t\t\t<div class=\"elementor-container elementor-column-gap-extended\">\n\t\t\t\t\t\t\t<div class=\"elementor-row\">\n\t\t\t\t\t<div class=\"elementor-column elementor-col-100 elementor-top-column elementor-element elementor-element-39f6d1e\" data-id=\"39f6d1e\" data-element_type=\"column\">\n\t\t\t<div class=\"elementor-column-wrap\">\n\t\t\t\t\t\t\t<div class=\"elementor-widget-wrap\">\n\t\t\t\t\t\t\t\t<\/div>\n\t\t\t\t\t<\/div>\n\t\t<\/div>\n\t\t\t\t\t\t\t\t<\/div>\n\t\t\t\t\t<\/div>\n\t\t<\/section>\n\t\t\t\t<section class=\"elementor-section elementor-top-section elementor-element elementor-element-34e0366 elementor-section-boxed elementor-section-height-default elementor-section-height-default\" data-id=\"34e0366\" data-element_type=\"section\" data-settings=\"{&quot;background_background&quot;:&quot;classic&quot;}\">\n\t\t\t\t\t\t<div class=\"elementor-container elementor-column-gap-default\">\n\t\t\t\t\t\t\t<div class=\"elementor-row\">\n\t\t\t\t\t<div class=\"elementor-column elementor-col-100 elementor-top-column elementor-element elementor-element-0382e00\" data-id=\"0382e00\" data-element_type=\"column\">\n\t\t\t<div class=\"elementor-column-wrap elementor-element-populated\">\n\t\t\t\t\t\t\t<div class=\"elementor-widget-wrap\">\n\t\t\t\t\t\t<div class=\"elementor-element elementor-element-77c6b51 elementor-widget elementor-widget-heading\" data-id=\"77c6b51\" data-element_type=\"widget\" data-widget_type=\"heading.default\">\n\t\t\t\t<div class=\"elementor-widget-container\">\n\t\t\t<h1 class=\"elementor-heading-title elementor-size-default\">Senza birra non c'\u00e8 partita<\/h1>\t\t<\/div>\n\t\t\t\t<\/div>\n\t\t\t\t<div class=\"elementor-element elementor-element-316cd99 elementor-widget elementor-widget-heading\" data-id=\"316cd99\" data-element_type=\"widget\" data-widget_type=\"heading.default\">\n\t\t\t\t<div class=\"elementor-widget-container\">\n\t\t\t<h1 class=\"elementor-heading-title elementor-size-default\">Stare in Sardegna ci piace. Stare sulla maglia del Cagliari anche di pi\u00f9.<br>Preparate birra e divano (noi prepariamo grandi sorprese).<br>Il format \u00e8 gi\u00e0 un goal.\n<br>Iscriviti alla nostra newsletter per restare aggiornato su tutte le attivit\u00e0 e sorprese in arrivo per i tifosi!<\/h1>\t\t<\/div>\n\t\t\t\t<\/div>\n\t\t\t\t<div class=\"elementor-element elementor-element-7bc78c9 form-nero elementor-widget elementor-widget-shortcode\" data-id=\"7bc78c9\" data-element_type=\"widget\" data-widget_type=\"shortcode.default\">\n\t\t\t\t<div class=\"elementor-widget-container\">\n\t\t\t\t\t<div class=\"elementor-shortcode\"><div role=\"form\" class=\"wpcf7\" id=\"wpcf7-f40097-o1\" lang=\"it-IT\" dir=\"ltr\">\n<div class=\"screen-reader-response\"><p role=\"status\" aria-live=\"polite\" aria-atomic=\"true\"><\/p> <ul><\/ul><\/div>\n<form action=\"\/it\/wp-json\/wp\/v2\/pages\/40098#wpcf7-f40097-o1\" method=\"post\" class=\"wpcf7-form init\" novalidate=\"novalidate\" data-status=\"init\">\n<div style=\"display: none;\">\n<input type=\"hidden\" name=\"_wpcf7\" value=\"40097\" \/>\n<input type=\"hidden\" name=\"_wpcf7_version\" value=\"5.4.1\" \/>\n<input type=\"hidden\" name=\"_wpcf7_locale\" value=\"it_IT\" \/>\n<input type=\"hidden\" name=\"_wpcf7_unit_tag\" value=\"wpcf7-f40097-o1\" \/>\n<input type=\"hidden\" name=\"_wpcf7_container_post\" value=\"0\" \/>\n<input type=\"hidden\" name=\"_wpcf7_posted_data_hash\" value=\"\" \/>\n<input type=\"hidden\" name=\"_wpcf7_recaptcha_response\" value=\"\" \/>\n<\/div>\n<p><label> Nome*<br \/>\n    <span class=\"wpcf7-form-control-wrap nome\"><input type=\"text\" name=\"nome\" value=\"\" size=\"40\" class=\"wpcf7-form-control wpcf7-text wpcf7-validates-as-required\" aria-required=\"true\" aria-invalid=\"false\" \/><\/span> <\/label><\/p>\n<p><label> Cognome*<br \/>\n    <span class=\"wpcf7-form-control-wrap cognome\"><input type=\"text\" name=\"cognome\" value=\"\" size=\"40\" class=\"wpcf7-form-control wpcf7-text wpcf7-validates-as-required\" aria-required=\"true\" aria-invalid=\"false\" \/><\/span> <\/label><\/p>\n<p><label> E-mail*<br \/>\n    <span class=\"wpcf7-form-control-wrap indirizzoemail\"><input type=\"email\" name=\"indirizzoemail\" value=\"\" size=\"40\" class=\"wpcf7-form-control wpcf7-text wpcf7-email wpcf7-validates-as-required wpcf7-validates-as-email\" aria-required=\"true\" aria-invalid=\"false\" \/><\/span> <\/label><\/p>\n<p><label> Telefono<br \/>\n    <span class=\"wpcf7-form-control-wrap telefono\"><input type=\"text\" name=\"telefono\" value=\"\" size=\"40\" class=\"wpcf7-form-control wpcf7-text\" aria-invalid=\"false\" \/><\/span> <\/label><\/p>\n<p><label> Data di nascita (devi avere almeno 18 anni per partecipare)*<\/p>\n<div style=\"width:33%;float:left;margin-right: 3px;\"><span class=\"wpcf7-form-control-wrap giorno\"><input type=\"number\" name=\"giorno\" value=\"\" class=\"wpcf7-form-control wpcf7-number wpcf7-validates-as-required wpcf7-validates-as-number\" min=\"01\" max=\"31\" aria-required=\"true\" aria-invalid=\"false\" placeholder=\"gg\" \/><\/span><\/div>\n<div style=\"width:33%;float:left;margin-right: 3px;\"><span class=\"wpcf7-form-control-wrap mese\"><input type=\"number\" name=\"mese\" value=\"\" class=\"wpcf7-form-control wpcf7-number wpcf7-validates-as-required wpcf7-validates-as-number\" min=\"01\" max=\"12\" aria-required=\"true\" aria-invalid=\"false\" placeholder=\"mm\" \/><\/span><\/div>\n<div style=\"width:33%;float:left\"><span class=\"wpcf7-form-control-wrap anno\"><input type=\"number\" name=\"anno\" value=\"\" class=\"wpcf7-form-control wpcf7-number wpcf7-validates-as-required wpcf7-validates-as-number\" min=\"1000\" max=\"2004\" aria-required=\"true\" aria-invalid=\"false\" placeholder=\"aaaa\" \/><\/span><\/div>\n<p><\/label><br \/>\n<br><\/p>\n<p><span class=\"wpcf7-form-control-wrap privacy\"><span class=\"wpcf7-form-control wpcf7-acceptance\"><span class=\"wpcf7-list-item\"><label><input type=\"checkbox\" name=\"privacy\" value=\"1\" aria-invalid=\"false\" \/><span class=\"wpcf7-list-item-label\">Ho letto e accettato l'<a href=\"https:\/\/www.doppiomalto.com\/it\/privacy-policy\/\" class=\"link-bianco\">informativa sulla privacy<\/a><\/span><\/label><\/span><\/span><\/span><\/p>\n<p><input type=\"submit\" value=\"Invia\" class=\"wpcf7-form-control wpcf7-submit\" \/><\/p>\n<input type='hidden' class='wpcf7-pum' value='{\"closepopup\":false,\"closedelay\":0,\"openpopup\":false,\"openpopup_id\":0}' \/><div class=\"wpcf7-response-output\" aria-hidden=\"true\"><\/div><\/form><\/div><\/div>\n\t\t\t\t<\/div>\n\t\t\t\t<\/div>\n\t\t\t\t\t\t<\/div>\n\t\t\t\t\t<\/div>\n\t\t<\/div>\n\t\t\t\t\t\t\t\t<\/div>\n\t\t\t\t\t<\/div>\n\t\t<\/section>\n\t\t\t\t\t\t\t\t\t<\/div>\n\t\t\t<\/div>\n\t\t\t\t\t<\/div>\n\t\t","protected":false},"excerpt":{"rendered":"<p>Senza birra non c&#8217;\u00e8 partita Stare in Sardegna ci piace. Stare sulla maglia del Cagliari anche di pi\u00f9.Preparate birra e divano (noi prepariamo grandi sorprese).Il format \u00e8 gi\u00e0 un goal. Iscriviti alla nostra newsletter per restare aggiornato su tutte le attivit\u00e0 e sorprese in arrivo per i tifosi!<\/p>\n","protected":false},"author":10,"featured_media":0,"parent":0,"menu_order":1,"comment_status":"closed","ping_status":"closed","template":"","meta":[],"acf":[],"yoast_head":"<!-- This site is optimized with the Yoast SEO plugin v16.2 - https:\/\/yoast.com\/wordpress\/plugins\/seo\/ -->\n<title>Doppio Malto | Facciamo birra, facciamo cucina, vi facciamo felici<\/title>\n<meta name=\"description\" content=\"Serviamo birra, cucina e felicit\u00e0. Prenota il tuo tavolo oppure ordina cibo delivery o da asporto. E puoi anche acquistare le nostre birre\" \/>\n<meta name=\"robots\" content=\"index, follow, max-snippet:-1, max-image-preview:large, max-video-preview:-1\" \/>\n<link rel=\"canonical\" href=\"https:\/\/www.doppiomalto.com\/it\/senza-birra-non-ce-partita\/\" \/>\n<meta property=\"og:locale\" content=\"it_IT\" \/>\n<meta property=\"og:type\" content=\"article\" \/>\n<meta property=\"og:title\" content=\"Doppio Malto | Facciamo birra, facciamo cucina, vi facciamo felici\" \/>\n<meta property=\"og:description\" content=\"Serviamo birra, cucina e felicit\u00e0. Prenota il tuo tavolo oppure ordina cibo delivery o da asporto. E puoi anche acquistare le nostre birre\" \/>\n<meta property=\"og:url\" content=\"https:\/\/www.doppiomalto.com\/it\/senza-birra-non-ce-partita\/\" \/>\n<meta property=\"og:site_name\" content=\"Doppio Malto\" \/>\n<meta property=\"article:publisher\" content=\"https:\/\/www.facebook.com\/DoppioMaltoPeople\/\" \/>\n<meta property=\"article:modified_time\" content=\"2024-08-05T07:35:15+00:00\" \/>\n<meta property=\"og:image\" content=\"https:\/\/www.doppiomalto.com\/wp-content\/uploads\/2020\/09\/social-doppiomalto.jpg\" \/>\n\t<meta property=\"og:image:width\" content=\"1080\" \/>\n\t<meta property=\"og:image:height\" content=\"528\" \/>\n<meta name=\"twitter:card\" content=\"summary_large_image\" \/>\n<meta name=\"twitter:label1\" content=\"Tempo di lettura stimato\">\n\t<meta name=\"twitter:data1\" content=\"1 minuto\">\n<script type=\"application\/ld+json\" class=\"yoast-schema-graph\">{\"@context\":\"https:\/\/schema.org\",\"@graph\":[{\"@type\":\"Organization\",\"@id\":\"https:\/\/www.doppiomalto.com\/it\/#organization\",\"name\":\"Doppio Malto\",\"url\":\"https:\/\/www.doppiomalto.com\/it\/\",\"sameAs\":[\"https:\/\/www.facebook.com\/DoppioMaltoPeople\/\",\"https:\/\/www.instagram.com\/doppiomalto_people\/\",\"https:\/\/www.linkedin.com\/company\/fodbrand-spa\/\"],\"logo\":{\"@type\":\"ImageObject\",\"@id\":\"https:\/\/www.doppiomalto.com\/it\/#logo\",\"inLanguage\":\"it-IT\",\"url\":\"https:\/\/www.doppiomalto.com\/wp-content\/uploads\/2020\/07\/logo-doppiomalto-colorato.png\",\"contentUrl\":\"https:\/\/www.doppiomalto.com\/wp-content\/uploads\/2020\/07\/logo-doppiomalto-colorato.png\",\"width\":709,\"height\":258,\"caption\":\"Doppio Malto\"},\"image\":{\"@id\":\"https:\/\/www.doppiomalto.com\/it\/#logo\"}},{\"@type\":\"WebSite\",\"@id\":\"https:\/\/www.doppiomalto.com\/it\/#website\",\"url\":\"https:\/\/www.doppiomalto.com\/it\/\",\"name\":\"Doppio Malto\",\"description\":\"\",\"publisher\":{\"@id\":\"https:\/\/www.doppiomalto.com\/it\/#organization\"},\"potentialAction\":[{\"@type\":\"SearchAction\",\"target\":\"https:\/\/www.doppiomalto.com\/it\/?s={search_term_string}\",\"query-input\":\"required name=search_term_string\"}],\"inLanguage\":\"it-IT\"},{\"@type\":\"ImageObject\",\"@id\":\"https:\/\/www.doppiomalto.com\/it\/senza-birra-non-ce-partita\/#primaryimage\",\"inLanguage\":\"it-IT\",\"url\":\"https:\/\/www.doppiomalto.com\/wp-content\/uploads\/2020\/09\/social-doppiomalto.jpg\",\"contentUrl\":\"https:\/\/www.doppiomalto.com\/wp-content\/uploads\/2020\/09\/social-doppiomalto.jpg\",\"width\":1080,\"height\":528},{\"@type\":\"WebPage\",\"@id\":\"https:\/\/www.doppiomalto.com\/it\/senza-birra-non-ce-partita\/#webpage\",\"url\":\"https:\/\/www.doppiomalto.com\/it\/senza-birra-non-ce-partita\/\",\"name\":\"Doppio Malto | Facciamo birra, facciamo cucina, vi facciamo felici\",\"isPartOf\":{\"@id\":\"https:\/\/www.doppiomalto.com\/it\/#website\"},\"primaryImageOfPage\":{\"@id\":\"https:\/\/www.doppiomalto.com\/it\/senza-birra-non-ce-partita\/#primaryimage\"},\"datePublished\":\"2024-07-23T16:51:08+00:00\",\"dateModified\":\"2024-08-05T07:35:15+00:00\",\"description\":\"Serviamo birra, cucina e felicit\\u00e0. Prenota il tuo tavolo oppure ordina cibo delivery o da asporto. E puoi anche acquistare le nostre birre\",\"breadcrumb\":{\"@id\":\"https:\/\/www.doppiomalto.com\/it\/senza-birra-non-ce-partita\/#breadcrumb\"},\"inLanguage\":\"it-IT\",\"potentialAction\":[{\"@type\":\"ReadAction\",\"target\":[\"https:\/\/www.doppiomalto.com\/it\/senza-birra-non-ce-partita\/\"]}]},{\"@type\":\"BreadcrumbList\",\"@id\":\"https:\/\/www.doppiomalto.com\/it\/senza-birra-non-ce-partita\/#breadcrumb\",\"itemListElement\":[{\"@type\":\"ListItem\",\"position\":1,\"item\":{\"@type\":\"WebPage\",\"@id\":\"https:\/\/www.doppiomalto.com\/it\/\",\"url\":\"https:\/\/www.doppiomalto.com\/it\/\",\"name\":\"Home\"}},{\"@type\":\"ListItem\",\"position\":2,\"item\":{\"@id\":\"https:\/\/www.doppiomalto.com\/it\/senza-birra-non-ce-partita\/#webpage\"}}]}]}<\/script>\n<!-- \/ Yoast SEO plugin. -->","_links":{"self":[{"href":"https:\/\/www.doppiomalto.com\/it\/wp-json\/wp\/v2\/pages\/40098"}],"collection":[{"href":"https:\/\/www.doppiomalto.com\/it\/wp-json\/wp\/v2\/pages"}],"about":[{"href":"https:\/\/www.doppiomalto.com\/it\/wp-json\/wp\/v2\/types\/page"}],"author":[{"embeddable":true,"href":"https:\/\/www.doppiomalto.com\/it\/wp-json\/wp\/v2\/users\/10"}],"replies":[{"embeddable":true,"href":"https:\/\/www.doppiomalto.com\/it\/wp-json\/wp\/v2\/comments?post=40098"}],"version-history":[{"count":32,"href":"https:\/\/www.doppiomalto.com\/it\/wp-json\/wp\/v2\/pages\/40098\/revisions"}],"predecessor-version":[{"id":45506,"href":"https:\/\/www.doppiomalto.com\/it\/wp-json\/wp\/v2\/pages\/40098\/revisions\/45506"}],"wp:attachment":[{"href":"https:\/\/www.doppiomalto.com\/it\/wp-json\/wp\/v2\/media?parent=40098"}],"curies":[{"name":"wp","href":"https:\/\/api.w.org\/{rel}","templated":true}]}}