{"id":3009,"date":"2020-06-25T14:48:28","date_gmt":"2020-06-25T12:48:28","guid":{"rendered":"https:\/\/www.doppiomalto.com\/franchising\/"},"modified":"2026-02-06T11:30:04","modified_gmt":"2026-02-06T10:30:04","slug":"franchise","status":"publish","type":"page","link":"https:\/\/www.doppiomalto.com\/fr\/franchise\/","title":{"rendered":"Franchise"},"content":{"rendered":"\t\t<div data-elementor-type=\"wp-page\" data-elementor-id=\"3009\" class=\"elementor elementor-3009 elementor-1041\">\n\t\t\t\t\t\t<div class=\"elementor-inner\">\n\t\t\t\t<div class=\"elementor-section-wrap\">\n\t\t\t\t\t\t\t\t\t<section class=\"elementor-section elementor-top-section elementor-element elementor-element-e7ccc18 elementor-section-height-min-height elementor-section-content-middle elementor-section-boxed elementor-section-height-default elementor-section-items-middle\" data-id=\"e7ccc18\" data-element_type=\"section\" data-settings=\"{&quot;background_background&quot;:&quot;classic&quot;}\">\n\t\t\t\t\t\t\t<div class=\"elementor-background-overlay\"><\/div>\n\t\t\t\t\t\t\t<div class=\"elementor-container elementor-column-gap-extended\">\n\t\t\t\t\t\t\t<div class=\"elementor-row\">\n\t\t\t\t\t<div class=\"elementor-column elementor-col-16 elementor-top-column elementor-element elementor-element-62d888b\" data-id=\"62d888b\" data-element_type=\"column\">\n\t\t\t<div class=\"elementor-column-wrap\">\n\t\t\t\t\t\t\t<div class=\"elementor-widget-wrap\">\n\t\t\t\t\t\t\t\t<\/div>\n\t\t\t\t\t<\/div>\n\t\t<\/div>\n\t\t\t\t<div class=\"elementor-column elementor-col-66 elementor-top-column elementor-element elementor-element-c08fca9\" data-id=\"c08fca9\" data-element_type=\"column\">\n\t\t\t<div class=\"elementor-column-wrap elementor-element-populated\">\n\t\t\t\t\t\t\t<div class=\"elementor-widget-wrap\">\n\t\t\t\t\t\t<div class=\"elementor-element elementor-element-8408cc4 elementor-invisible elementor-widget elementor-widget-heading\" data-id=\"8408cc4\" data-element_type=\"widget\" data-settings=\"{&quot;_animation&quot;:&quot;fadeInUp&quot;,&quot;_animation_delay&quot;:&quot;200&quot;}\" data-widget_type=\"heading.default\">\n\t\t\t\t<div class=\"elementor-widget-container\">\n\t\t\t<h1 class=\"elementor-heading-title elementor-size-default\">Franchise<\/h1>\t\t<\/div>\n\t\t\t\t<\/div>\n\t\t\t\t\t\t<\/div>\n\t\t\t\t\t<\/div>\n\t\t<\/div>\n\t\t\t\t<div class=\"elementor-column elementor-col-16 elementor-top-column elementor-element elementor-element-7161db2\" data-id=\"7161db2\" data-element_type=\"column\">\n\t\t\t<div class=\"elementor-column-wrap\">\n\t\t\t\t\t\t\t<div class=\"elementor-widget-wrap\">\n\t\t\t\t\t\t\t\t<\/div>\n\t\t\t\t\t<\/div>\n\t\t<\/div>\n\t\t\t\t\t\t\t\t<\/div>\n\t\t\t\t\t<\/div>\n\t\t<\/section>\n\t\t\t\t<section class=\"elementor-section elementor-top-section elementor-element elementor-element-2179542c elementor-section-full_width elementor-section-height-default elementor-section-height-default\" data-id=\"2179542c\" data-element_type=\"section\" data-settings=\"{&quot;background_background&quot;:&quot;classic&quot;}\">\n\t\t\t\t\t\t<div class=\"elementor-container elementor-column-gap-default\">\n\t\t\t\t\t\t\t<div class=\"elementor-row\">\n\t\t\t\t\t<div class=\"elementor-column elementor-col-100 elementor-top-column elementor-element elementor-element-62ed3711\" data-id=\"62ed3711\" data-element_type=\"column\">\n\t\t\t<div class=\"elementor-column-wrap elementor-element-populated\">\n\t\t\t\t\t\t\t<div class=\"elementor-widget-wrap\">\n\t\t\t\t\t\t<div class=\"elementor-element elementor-element-32bff865 elementor-widget elementor-widget-heading\" data-id=\"32bff865\" data-element_type=\"widget\" data-widget_type=\"heading.default\">\n\t\t\t\t<div class=\"elementor-widget-container\">\n\t\t\t<h2 class=\"elementor-heading-title elementor-size-default\">Un posto felice dans votre ville<\/h2>\t\t<\/div>\n\t\t\t\t<\/div>\n\t\t\t\t<div class=\"elementor-element elementor-element-26a45d77 elementor-widget elementor-widget-text-editor\" data-id=\"26a45d77\" data-element_type=\"widget\" data-widget_type=\"text-editor.default\">\n\t\t\t\t<div class=\"elementor-widget-container\">\n\t\t\t\t\t\t\t\t<div class=\"elementor-text-editor elementor-clearfix\">\n\t\t\t\t<p><span style=\"font-size: 15px;\">La force de Doppio Malto est bien son adaptabilit\u00e9. Le concept fonctionne aussi bien dans un local de 800m2 que dans un de 250m2. C&rsquo;est le format id\u00e9al pour tout ceux qui souhaiteraient ouvrir un local ou reconvertir leur activit\u00e9 : dans les deux cas, la force de la marque et l&rsquo;efficacit\u00e9 du projet garantissent la r\u00e9ussite.<\/span><\/p>\t\t\t\t\t<\/div>\n\t\t\t\t\t\t<\/div>\n\t\t\t\t<\/div>\n\t\t\t\t\t\t<\/div>\n\t\t\t\t\t<\/div>\n\t\t<\/div>\n\t\t\t\t\t\t\t\t<\/div>\n\t\t\t\t\t<\/div>\n\t\t<\/section>\n\t\t\t\t<section class=\"elementor-section elementor-top-section elementor-element elementor-element-45ca2405 elementor-section-full_width elementor-reverse-mobile elementor-section-height-default elementor-section-height-default\" data-id=\"45ca2405\" data-element_type=\"section\">\n\t\t\t\t\t\t<div class=\"elementor-container elementor-column-gap-no\">\n\t\t\t\t\t\t\t<div class=\"elementor-row\">\n\t\t\t\t\t<div class=\"elementor-column elementor-col-50 elementor-top-column elementor-element elementor-element-2e628242\" data-id=\"2e628242\" data-element_type=\"column\">\n\t\t\t<div class=\"elementor-column-wrap elementor-element-populated\">\n\t\t\t\t\t\t\t<div class=\"elementor-widget-wrap\">\n\t\t\t\t\t\t<div class=\"elementor-element elementor-element-629e5b90 elementor-widget elementor-widget-heading\" data-id=\"629e5b90\" data-element_type=\"widget\" data-widget_type=\"heading.default\">\n\t\t\t\t<div class=\"elementor-widget-container\">\n\t\t\t<h3 class=\"elementor-heading-title elementor-size-default\">Qui sommes-nous<\/h3>\t\t<\/div>\n\t\t\t\t<\/div>\n\t\t\t\t<div class=\"elementor-element elementor-element-3a29ca05 elementor-widget elementor-widget-text-editor\" data-id=\"3a29ca05\" data-element_type=\"widget\" data-widget_type=\"text-editor.default\">\n\t\t\t\t<div class=\"elementor-widget-container\">\n\t\t\t\t\t\t\t\t<div class=\"elementor-text-editor elementor-clearfix\">\n\t\t\t\t<p>Doppio Malto est l\u2019endroit o\u00f9 on peut d\u00e9couvrir une excellente bi\u00e8re, entre amis, autour d\u2019un bon repas, puis prendre une derni\u00e8re gorg\u00e9e avant une partie de billard. Au c\u0153ur de notre projet, il n\u2019y a pas la satisfaction du client, mais son bonheur.<\/p>\t\t\t\t\t<\/div>\n\t\t\t\t\t\t<\/div>\n\t\t\t\t<\/div>\n\t\t\t\t<div class=\"elementor-element elementor-element-78587ab2 elementor-align-left elementor-widget elementor-widget-button\" data-id=\"78587ab2\" data-element_type=\"widget\" data-widget_type=\"button.default\">\n\t\t\t\t<div class=\"elementor-widget-container\">\n\t\t\t\t\t<div class=\"elementor-button-wrapper\">\n\t\t\t<a href=\"https:\/\/www.doppiomalto.com\/fr\/franchise\/qui-nous-sommes\/\" class=\"elementor-button-link elementor-button elementor-size-sm\" role=\"button\">\n\t\t\t\t\t\t<span class=\"elementor-button-content-wrapper\">\n\t\t\t\t\t\t<span class=\"elementor-button-text\">En savoir plus<\/span>\n\t\t<\/span>\n\t\t\t\t\t<\/a>\n\t\t<\/div>\n\t\t\t\t<\/div>\n\t\t\t\t<\/div>\n\t\t\t\t\t\t<\/div>\n\t\t\t\t\t<\/div>\n\t\t<\/div>\n\t\t\t\t<div class=\"elementor-column elementor-col-50 elementor-top-column elementor-element elementor-element-4925b1c\" data-id=\"4925b1c\" data-element_type=\"column\">\n\t\t\t<div class=\"elementor-column-wrap elementor-element-populated\">\n\t\t\t\t\t\t\t<div class=\"elementor-widget-wrap\">\n\t\t\t\t\t\t<div class=\"elementor-element elementor-element-14492736 elementor-widget elementor-widget-image\" data-id=\"14492736\" data-element_type=\"widget\" data-widget_type=\"image.default\">\n\t\t\t\t<div class=\"elementor-widget-container\">\n\t\t\t\t\t\t\t\t<div class=\"elementor-image\">\n\t\t\t\t\t\t\t\t\t\t\t\t<img width=\"1024\" height=\"683\" src=\"https:\/\/www.doppiomalto.com\/wp-content\/uploads\/2023\/07\/image00014-1-1024x683.jpeg\" class=\"attachment-large size-large\" alt=\"\" loading=\"lazy\" srcset=\"https:\/\/www.doppiomalto.com\/wp-content\/uploads\/2023\/07\/image00014-1-1024x683.jpeg 1024w, https:\/\/www.doppiomalto.com\/wp-content\/uploads\/2023\/07\/image00014-1-300x200.jpeg 300w, https:\/\/www.doppiomalto.com\/wp-content\/uploads\/2023\/07\/image00014-1-768x512.jpeg 768w, https:\/\/www.doppiomalto.com\/wp-content\/uploads\/2023\/07\/image00014-1-1536x1024.jpeg 1536w, https:\/\/www.doppiomalto.com\/wp-content\/uploads\/2023\/07\/image00014-1-2048x1365.jpeg 2048w, https:\/\/www.doppiomalto.com\/wp-content\/uploads\/2023\/07\/image00014-1-600x400.jpeg 600w\" sizes=\"(max-width: 1024px) 100vw, 1024px\" \/>\t\t\t\t\t\t\t\t\t\t\t\t\t\t<\/div>\n\t\t\t\t\t\t<\/div>\n\t\t\t\t<\/div>\n\t\t\t\t\t\t<\/div>\n\t\t\t\t\t<\/div>\n\t\t<\/div>\n\t\t\t\t\t\t\t\t<\/div>\n\t\t\t\t\t<\/div>\n\t\t<\/section>\n\t\t\t\t<section class=\"elementor-section elementor-top-section elementor-element elementor-element-659a9ff4 elementor-section-full_width elementor-section-height-default elementor-section-height-default\" data-id=\"659a9ff4\" data-element_type=\"section\">\n\t\t\t\t\t\t<div class=\"elementor-container elementor-column-gap-no\">\n\t\t\t\t\t\t\t<div class=\"elementor-row\">\n\t\t\t\t\t<div class=\"elementor-column elementor-col-50 elementor-top-column elementor-element elementor-element-7cfc96c6\" data-id=\"7cfc96c6\" data-element_type=\"column\">\n\t\t\t<div class=\"elementor-column-wrap elementor-element-populated\">\n\t\t\t\t\t\t\t<div class=\"elementor-widget-wrap\">\n\t\t\t\t\t\t<div class=\"elementor-element elementor-element-47da7ca6 elementor-widget elementor-widget-image\" data-id=\"47da7ca6\" data-element_type=\"widget\" data-widget_type=\"image.default\">\n\t\t\t\t<div class=\"elementor-widget-container\">\n\t\t\t\t\t\t\t\t<div class=\"elementor-image\">\n\t\t\t\t\t\t\t\t\t\t\t\t<img width=\"768\" height=\"1024\" src=\"https:\/\/www.doppiomalto.com\/wp-content\/uploads\/2023\/11\/IMG_6892-2-768x1024.jpg\" class=\"attachment-large size-large\" alt=\"\" loading=\"lazy\" srcset=\"https:\/\/www.doppiomalto.com\/wp-content\/uploads\/2023\/11\/IMG_6892-2-768x1024.jpg 768w, https:\/\/www.doppiomalto.com\/wp-content\/uploads\/2023\/11\/IMG_6892-2-225x300.jpg 225w, https:\/\/www.doppiomalto.com\/wp-content\/uploads\/2023\/11\/IMG_6892-2-600x800.jpg 600w, https:\/\/www.doppiomalto.com\/wp-content\/uploads\/2023\/11\/IMG_6892-2.jpg 960w\" sizes=\"(max-width: 768px) 100vw, 768px\" \/>\t\t\t\t\t\t\t\t\t\t\t\t\t\t<\/div>\n\t\t\t\t\t\t<\/div>\n\t\t\t\t<\/div>\n\t\t\t\t\t\t<\/div>\n\t\t\t\t\t<\/div>\n\t\t<\/div>\n\t\t\t\t<div class=\"elementor-column elementor-col-50 elementor-top-column elementor-element elementor-element-458f9ee5\" data-id=\"458f9ee5\" data-element_type=\"column\">\n\t\t\t<div class=\"elementor-column-wrap elementor-element-populated\">\n\t\t\t\t\t\t\t<div class=\"elementor-widget-wrap\">\n\t\t\t\t\t\t<div class=\"elementor-element elementor-element-6e28955c elementor-widget elementor-widget-heading\" data-id=\"6e28955c\" data-element_type=\"widget\" data-widget_type=\"heading.default\">\n\t\t\t\t<div class=\"elementor-widget-container\">\n\t\t\t<h3 class=\"elementor-heading-title elementor-size-default\"><div data-id=\"ffaf5a3\" data-element_type=\"widget\" data-widget_type=\"heading.default\" style=\"font-size: 15px; font-style: normal; font-weight: 400; margin-bottom: 0px; width: 647.5px; white-space: normal;\"><div style=\"font-size: 15px;\"><h3>Vous voulez ouvrir un Doppio Malto?<\/h3><\/div><\/div><\/h3>\t\t<\/div>\n\t\t\t\t<\/div>\n\t\t\t\t<div class=\"elementor-element elementor-element-21f99b0e elementor-widget elementor-widget-text-editor\" data-id=\"21f99b0e\" data-element_type=\"widget\" data-widget_type=\"text-editor.default\">\n\t\t\t\t<div class=\"elementor-widget-container\">\n\t\t\t\t\t\t\t\t<div class=\"elementor-text-editor elementor-clearfix\">\n\t\t\t\t<p style=\"font-size: 15px; font-style: normal; font-weight: 400;\">Doppio Malto est une v\u00e9ritable occasion pour les diff\u00e9rents types d\u2019investisseurs et d\u2019entrepreneurs. Notre d\u00e9partement d\u00e9veloppement peut vous aider \u00e0 trouver la solution la plus adapt\u00e9e \u00e0 vos objectifs et \u00e0 votre exp\u00e9rience<\/p>\t\t\t\t\t<\/div>\n\t\t\t\t\t\t<\/div>\n\t\t\t\t<\/div>\n\t\t\t\t<div class=\"elementor-element elementor-element-21a7c8a2 elementor-align-left elementor-widget elementor-widget-button\" data-id=\"21a7c8a2\" data-element_type=\"widget\" data-widget_type=\"button.default\">\n\t\t\t\t<div class=\"elementor-widget-container\">\n\t\t\t\t\t<div class=\"elementor-button-wrapper\">\n\t\t\t<a href=\"https:\/\/www.doppiomalto.com\/fr\/franchise\/vous-voulez-ouvrir-doppio-malto\/\" class=\"elementor-button-link elementor-button elementor-size-sm\" role=\"button\">\n\t\t\t\t\t\t<span class=\"elementor-button-content-wrapper\">\n\t\t\t\t\t\t<span class=\"elementor-button-text\">En savoir plus<\/span>\n\t\t<\/span>\n\t\t\t\t\t<\/a>\n\t\t<\/div>\n\t\t\t\t<\/div>\n\t\t\t\t<\/div>\n\t\t\t\t\t\t<\/div>\n\t\t\t\t\t<\/div>\n\t\t<\/div>\n\t\t\t\t\t\t\t\t<\/div>\n\t\t\t\t\t<\/div>\n\t\t<\/section>\n\t\t\t\t<section class=\"elementor-section elementor-top-section elementor-element elementor-element-76c70aad elementor-section-full_width elementor-reverse-mobile elementor-section-height-default elementor-section-height-default\" data-id=\"76c70aad\" data-element_type=\"section\">\n\t\t\t\t\t\t<div class=\"elementor-container elementor-column-gap-no\">\n\t\t\t\t\t\t\t<div class=\"elementor-row\">\n\t\t\t\t\t<div class=\"elementor-column elementor-col-50 elementor-top-column elementor-element elementor-element-5f954880\" data-id=\"5f954880\" data-element_type=\"column\">\n\t\t\t<div class=\"elementor-column-wrap elementor-element-populated\">\n\t\t\t\t\t\t\t<div class=\"elementor-widget-wrap\">\n\t\t\t\t\t\t<div class=\"elementor-element elementor-element-26c30dbf elementor-widget elementor-widget-heading\" data-id=\"26c30dbf\" data-element_type=\"widget\" data-widget_type=\"heading.default\">\n\t\t\t\t<div class=\"elementor-widget-container\">\n\t\t\t<h3 class=\"elementor-heading-title elementor-size-default\">\nUn \u00e9cosyst\u00e8me qui fonctionne<\/h3>\t\t<\/div>\n\t\t\t\t<\/div>\n\t\t\t\t<div class=\"elementor-element elementor-element-66f5126a elementor-widget elementor-widget-text-editor\" data-id=\"66f5126a\" data-element_type=\"widget\" data-widget_type=\"text-editor.default\">\n\t\t\t\t<div class=\"elementor-widget-container\">\n\t\t\t\t\t\t\t\t<div class=\"elementor-text-editor elementor-clearfix\">\n\t\t\t\t<p>Doppio Malto est un \u00e9cosyst\u00e8me qui fonctionne bien. Un ensemble de fonctions qui collaborent pour la r\u00e9ussite d\u2019un projet partag\u00e9 : usine \u00e0 bi\u00e8re, centre de production, d\u00e9veloppement strat\u00e9gique, logistique, analyse financi\u00e8re, communication. Et le projet partag\u00e9 garantit des services sur mesure aux partenaires d\u2019entreprise, avec des param\u00e8tres minimaux et une flexibilit\u00e9 maximale d\u2019investissement.<\/p>\t\t\t\t\t<\/div>\n\t\t\t\t\t\t<\/div>\n\t\t\t\t<\/div>\n\t\t\t\t<div class=\"elementor-element elementor-element-68ec4632 elementor-align-left elementor-widget elementor-widget-button\" data-id=\"68ec4632\" data-element_type=\"widget\" data-widget_type=\"button.default\">\n\t\t\t\t<div class=\"elementor-widget-container\">\n\t\t\t\t\t<div class=\"elementor-button-wrapper\">\n\t\t\t<a href=\"https:\/\/www.doppiomalto.com\/fr\/franchise\/que-ferons-nous-pour-vous\/\" class=\"elementor-button-link elementor-button elementor-size-sm\" role=\"button\">\n\t\t\t\t\t\t<span class=\"elementor-button-content-wrapper\">\n\t\t\t\t\t\t<span class=\"elementor-button-text\">En savoir plus<\/span>\n\t\t<\/span>\n\t\t\t\t\t<\/a>\n\t\t<\/div>\n\t\t\t\t<\/div>\n\t\t\t\t<\/div>\n\t\t\t\t\t\t<\/div>\n\t\t\t\t\t<\/div>\n\t\t<\/div>\n\t\t\t\t<div class=\"elementor-column elementor-col-50 elementor-top-column elementor-element elementor-element-16a9fc9a\" data-id=\"16a9fc9a\" data-element_type=\"column\">\n\t\t\t<div class=\"elementor-column-wrap elementor-element-populated\">\n\t\t\t\t\t\t\t<div class=\"elementor-widget-wrap\">\n\t\t\t\t\t\t<div class=\"elementor-element elementor-element-206a9b5a elementor-widget elementor-widget-image\" data-id=\"206a9b5a\" data-element_type=\"widget\" data-widget_type=\"image.default\">\n\t\t\t\t<div class=\"elementor-widget-container\">\n\t\t\t\t\t\t\t\t<div class=\"elementor-image\">\n\t\t\t\t\t\t\t\t\t\t\t\t<img width=\"1024\" height=\"684\" src=\"https:\/\/www.doppiomalto.com\/wp-content\/uploads\/2020\/11\/Copia-di-DSC_5426-1024x684.jpg\" class=\"attachment-large size-large\" alt=\"\" loading=\"lazy\" srcset=\"https:\/\/www.doppiomalto.com\/wp-content\/uploads\/2020\/11\/Copia-di-DSC_5426-1024x684.jpg 1024w, https:\/\/www.doppiomalto.com\/wp-content\/uploads\/2020\/11\/Copia-di-DSC_5426-300x200.jpg 300w, https:\/\/www.doppiomalto.com\/wp-content\/uploads\/2020\/11\/Copia-di-DSC_5426-768x513.jpg 768w, https:\/\/www.doppiomalto.com\/wp-content\/uploads\/2020\/11\/Copia-di-DSC_5426-1536x1025.jpg 1536w, https:\/\/www.doppiomalto.com\/wp-content\/uploads\/2020\/11\/Copia-di-DSC_5426-2048x1367.jpg 2048w\" sizes=\"(max-width: 1024px) 100vw, 1024px\" \/>\t\t\t\t\t\t\t\t\t\t\t\t\t\t<\/div>\n\t\t\t\t\t\t<\/div>\n\t\t\t\t<\/div>\n\t\t\t\t\t\t<\/div>\n\t\t\t\t\t<\/div>\n\t\t<\/div>\n\t\t\t\t\t\t\t\t<\/div>\n\t\t\t\t\t<\/div>\n\t\t<\/section>\n\t\t\t\t<section class=\"elementor-section elementor-top-section elementor-element elementor-element-2c1e405f elementor-section-boxed elementor-section-height-default elementor-section-height-default\" data-id=\"2c1e405f\" data-element_type=\"section\" data-settings=\"{&quot;background_background&quot;:&quot;classic&quot;}\">\n\t\t\t\t\t\t<div class=\"elementor-container elementor-column-gap-default\">\n\t\t\t\t\t\t\t<div class=\"elementor-row\">\n\t\t\t\t\t<div class=\"elementor-column elementor-col-100 elementor-top-column elementor-element elementor-element-63c53dea\" data-id=\"63c53dea\" data-element_type=\"column\">\n\t\t\t<div class=\"elementor-column-wrap elementor-element-populated\">\n\t\t\t\t\t\t\t<div class=\"elementor-widget-wrap\">\n\t\t\t\t\t\t<div class=\"elementor-element elementor-element-4735a2f5 elementor-widget elementor-widget-heading\" data-id=\"4735a2f5\" data-element_type=\"widget\" data-widget_type=\"heading.default\">\n\t\t\t\t<div class=\"elementor-widget-container\">\n\t\t\t<h3 class=\"elementor-heading-title elementor-size-default\">Devenez notre partenaire!<\/h3>\t\t<\/div>\n\t\t\t\t<\/div>\n\t\t\t\t<div class=\"elementor-element elementor-element-24ffad55 elementor-widget elementor-widget-text-editor\" data-id=\"24ffad55\" data-element_type=\"widget\" data-widget_type=\"text-editor.default\">\n\t\t\t\t<div class=\"elementor-widget-container\">\n\t\t\t\t\t\t\t\t<div class=\"elementor-text-editor elementor-clearfix\">\n\t\t\t\t<p>Cliquez pour postuler pour ouvrir votre Doppio Malto<\/p>\t\t\t\t\t<\/div>\n\t\t\t\t\t\t<\/div>\n\t\t\t\t<\/div>\n\t\t\t\t<div class=\"elementor-element elementor-element-2cb7712b elementor-align-center elementor-widget elementor-widget-button\" data-id=\"2cb7712b\" data-element_type=\"widget\" data-widget_type=\"button.default\">\n\t\t\t\t<div class=\"elementor-widget-container\">\n\t\t\t\t\t<div class=\"elementor-button-wrapper\">\n\t\t\t<a href=\"https:\/\/www.doppiomalto.com\/fr\/franchise\/appliquer\/\" class=\"elementor-button-link elementor-button elementor-size-sm\" role=\"button\">\n\t\t\t\t\t\t<span class=\"elementor-button-content-wrapper\">\n\t\t\t\t\t\t<span class=\"elementor-button-text\">Envoyer une requ\u00eate<\/span>\n\t\t<\/span>\n\t\t\t\t\t<\/a>\n\t\t<\/div>\n\t\t\t\t<\/div>\n\t\t\t\t<\/div>\n\t\t\t\t<div class=\"elementor-element elementor-element-f13a525 elementor-align-center elementor-widget elementor-widget-button\" data-id=\"f13a525\" data-element_type=\"widget\" data-widget_type=\"button.default\">\n\t\t\t\t<div class=\"elementor-widget-container\">\n\t\t\t\t\t<div class=\"elementor-button-wrapper\">\n\t\t\t<a href=\"https:\/\/www.doppiomalto.com\/fr\/dm-fr-brochure-franchising-a4-digitale-2026-01-3\/\" class=\"elementor-button-link elementor-button elementor-size-sm\" role=\"button\">\n\t\t\t\t\t\t<span class=\"elementor-button-content-wrapper\">\n\t\t\t\t\t\t<span class=\"elementor-button-text\">T\u00e9l\u00e9chargez la plaquette<\/span>\n\t\t<\/span>\n\t\t\t\t\t<\/a>\n\t\t<\/div>\n\t\t\t\t<\/div>\n\t\t\t\t<\/div>\n\t\t\t\t\t\t<\/div>\n\t\t\t\t\t<\/div>\n\t\t<\/div>\n\t\t\t\t\t\t\t\t<\/div>\n\t\t\t\t\t<\/div>\n\t\t<\/section>\n\t\t\t\t\t\t\t\t\t<\/div>\n\t\t\t<\/div>\n\t\t\t\t\t<\/div>\n\t\t","protected":false},"excerpt":{"rendered":"<p>Franchise Un posto felice dans votre ville La force de Doppio Malto est bien son adaptabilit\u00e9. Le concept fonctionne aussi bien dans un local de 800m2 que dans un de 250m2. C&rsquo;est le format id\u00e9al pour tout ceux qui souhaiteraient ouvrir un local ou reconvertir leur activit\u00e9 : dans les deux cas, la force de &hellip;<\/p>\n<p class=\"read-more\"> <a class=\"\" href=\"https:\/\/www.doppiomalto.com\/fr\/franchise\/\"> <span class=\"screen-reader-text\">Franchise<\/span> Leggi di pi\u00f9 \u00bb<\/a><\/p>\n","protected":false},"author":1,"featured_media":32319,"parent":0,"menu_order":0,"comment_status":"closed","ping_status":"closed","template":"","meta":[],"acf":[],"yoast_head":"<!-- This site is optimized with the Yoast SEO plugin v16.2 - https:\/\/yoast.com\/wordpress\/plugins\/seo\/ -->\n<title>Franchise | Doppio Malto<\/title>\n<meta name=\"robots\" content=\"index, follow, max-snippet:-1, max-image-preview:large, max-video-preview:-1\" \/>\n<link rel=\"canonical\" href=\"https:\/\/www.doppiomalto.com\/fr\/franchise\/\" \/>\n<meta property=\"og:locale\" content=\"fr_FR\" \/>\n<meta property=\"og:type\" content=\"article\" \/>\n<meta property=\"og:title\" content=\"Franchise | Doppio Malto\" \/>\n<meta property=\"og:description\" content=\"Franchise Un posto felice dans votre ville La force de Doppio Malto est bien son adaptabilit\u00e9. Le concept fonctionne aussi bien dans un local de 800m2 que dans un de 250m2. C&rsquo;est le format id\u00e9al pour tout ceux qui souhaiteraient ouvrir un local ou reconvertir leur activit\u00e9 : dans les deux cas, la force de &hellip; Franchise Leggi di pi\u00f9 \u00bb\" \/>\n<meta property=\"og:url\" content=\"https:\/\/www.doppiomalto.com\/fr\/franchise\/\" \/>\n<meta property=\"og:site_name\" content=\"Doppio Malto\" \/>\n<meta property=\"article:publisher\" content=\"https:\/\/www.facebook.com\/DoppioMaltoPeople\/\" \/>\n<meta property=\"article:modified_time\" content=\"2026-02-06T10:30:04+00:00\" \/>\n<meta property=\"og:image\" content=\"https:\/\/www.doppiomalto.com\/wp-content\/uploads\/2023\/07\/image00016-scaled.jpeg\" \/>\n\t<meta property=\"og:image:width\" content=\"2560\" \/>\n\t<meta property=\"og:image:height\" content=\"1707\" \/>\n<meta name=\"twitter:card\" content=\"summary_large_image\" \/>\n<meta name=\"twitter:label1\" content=\"Dur\u00e9e de lecture est.\">\n\t<meta name=\"twitter:data1\" content=\"2 minutes\">\n<script type=\"application\/ld+json\" class=\"yoast-schema-graph\">{\"@context\":\"https:\/\/schema.org\",\"@graph\":[{\"@type\":\"Organization\",\"@id\":\"https:\/\/www.doppiomalto.com\/it\/#organization\",\"name\":\"Doppio Malto\",\"url\":\"https:\/\/www.doppiomalto.com\/it\/\",\"sameAs\":[\"https:\/\/www.facebook.com\/DoppioMaltoPeople\/\",\"https:\/\/www.instagram.com\/doppiomalto_people\/\",\"https:\/\/www.linkedin.com\/company\/fodbrand-spa\/\"],\"logo\":{\"@type\":\"ImageObject\",\"@id\":\"https:\/\/www.doppiomalto.com\/it\/#logo\",\"inLanguage\":\"fr-FR\",\"url\":\"https:\/\/www.doppiomalto.com\/wp-content\/uploads\/2020\/07\/logo-doppiomalto-colorato.png\",\"contentUrl\":\"https:\/\/www.doppiomalto.com\/wp-content\/uploads\/2020\/07\/logo-doppiomalto-colorato.png\",\"width\":709,\"height\":258,\"caption\":\"Doppio Malto\"},\"image\":{\"@id\":\"https:\/\/www.doppiomalto.com\/it\/#logo\"}},{\"@type\":\"WebSite\",\"@id\":\"https:\/\/www.doppiomalto.com\/it\/#website\",\"url\":\"https:\/\/www.doppiomalto.com\/it\/\",\"name\":\"Doppio Malto\",\"description\":\"\",\"publisher\":{\"@id\":\"https:\/\/www.doppiomalto.com\/it\/#organization\"},\"potentialAction\":[{\"@type\":\"SearchAction\",\"target\":\"https:\/\/www.doppiomalto.com\/it\/?s={search_term_string}\",\"query-input\":\"required name=search_term_string\"}],\"inLanguage\":\"fr-FR\"},{\"@type\":\"ImageObject\",\"@id\":\"https:\/\/www.doppiomalto.com\/fr\/franchise\/#primaryimage\",\"inLanguage\":\"fr-FR\",\"url\":\"https:\/\/www.doppiomalto.com\/wp-content\/uploads\/2023\/07\/image00016-scaled.jpeg\",\"contentUrl\":\"https:\/\/www.doppiomalto.com\/wp-content\/uploads\/2023\/07\/image00016-scaled.jpeg\",\"width\":2560,\"height\":1707},{\"@type\":\"WebPage\",\"@id\":\"https:\/\/www.doppiomalto.com\/fr\/franchise\/#webpage\",\"url\":\"https:\/\/www.doppiomalto.com\/fr\/franchise\/\",\"name\":\"Franchise | Doppio Malto\",\"isPartOf\":{\"@id\":\"https:\/\/www.doppiomalto.com\/it\/#website\"},\"primaryImageOfPage\":{\"@id\":\"https:\/\/www.doppiomalto.com\/fr\/franchise\/#primaryimage\"},\"datePublished\":\"2020-06-25T12:48:28+00:00\",\"dateModified\":\"2026-02-06T10:30:04+00:00\",\"breadcrumb\":{\"@id\":\"https:\/\/www.doppiomalto.com\/fr\/franchise\/#breadcrumb\"},\"inLanguage\":\"fr-FR\",\"potentialAction\":[{\"@type\":\"ReadAction\",\"target\":[\"https:\/\/www.doppiomalto.com\/fr\/franchise\/\"]}]},{\"@type\":\"BreadcrumbList\",\"@id\":\"https:\/\/www.doppiomalto.com\/fr\/franchise\/#breadcrumb\",\"itemListElement\":[{\"@type\":\"ListItem\",\"position\":1,\"item\":{\"@type\":\"WebPage\",\"@id\":\"https:\/\/www.doppiomalto.com\/fr\/\",\"url\":\"https:\/\/www.doppiomalto.com\/fr\/\",\"name\":\"Home\"}},{\"@type\":\"ListItem\",\"position\":2,\"item\":{\"@id\":\"https:\/\/www.doppiomalto.com\/fr\/franchise\/#webpage\"}}]}]}<\/script>\n<!-- \/ Yoast SEO plugin. -->","_links":{"self":[{"href":"https:\/\/www.doppiomalto.com\/fr\/wp-json\/wp\/v2\/pages\/3009"}],"collection":[{"href":"https:\/\/www.doppiomalto.com\/fr\/wp-json\/wp\/v2\/pages"}],"about":[{"href":"https:\/\/www.doppiomalto.com\/fr\/wp-json\/wp\/v2\/types\/page"}],"author":[{"embeddable":true,"href":"https:\/\/www.doppiomalto.com\/fr\/wp-json\/wp\/v2\/users\/1"}],"replies":[{"embeddable":true,"href":"https:\/\/www.doppiomalto.com\/fr\/wp-json\/wp\/v2\/comments?post=3009"}],"version-history":[{"count":47,"href":"https:\/\/www.doppiomalto.com\/fr\/wp-json\/wp\/v2\/pages\/3009\/revisions"}],"predecessor-version":[{"id":57593,"href":"https:\/\/www.doppiomalto.com\/fr\/wp-json\/wp\/v2\/pages\/3009\/revisions\/57593"}],"wp:featuredmedia":[{"embeddable":true,"href":"https:\/\/www.doppiomalto.com\/fr\/wp-json\/wp\/v2\/media\/32319"}],"wp:attachment":[{"href":"https:\/\/www.doppiomalto.com\/fr\/wp-json\/wp\/v2\/media?parent=3009"}],"curies":[{"name":"wp","href":"https:\/\/api.w.org\/{rel}","templated":true}]}}