{"id":3005,"date":"2020-06-26T17:27:21","date_gmt":"2020-06-26T15:27:21","guid":{"rendered":"https:\/\/www.doppiomalto.com\/candidati\/"},"modified":"2020-09-23T16:44:43","modified_gmt":"2020-09-23T14:44:43","slug":"appliquer","status":"publish","type":"page","link":"https:\/\/www.doppiomalto.com\/fr\/franchise\/appliquer\/","title":{"rendered":"Appliquer"},"content":{"rendered":"\t\t<div data-elementor-type=\"wp-page\" data-elementor-id=\"3005\" class=\"elementor elementor-3005 elementor-1170\">\n\t\t\t\t\t\t<div class=\"elementor-inner\">\n\t\t\t\t<div class=\"elementor-section-wrap\">\n\t\t\t\t\t\t\t\t\t<section class=\"elementor-section elementor-top-section elementor-element elementor-element-3dde1eb elementor-section-height-min-height elementor-section-content-middle elementor-section-boxed elementor-section-height-default elementor-section-items-middle\" data-id=\"3dde1eb\" data-element_type=\"section\" data-settings=\"{&quot;background_background&quot;:&quot;classic&quot;}\">\n\t\t\t\t\t\t\t<div class=\"elementor-background-overlay\"><\/div>\n\t\t\t\t\t\t\t<div class=\"elementor-container elementor-column-gap-extended\">\n\t\t\t\t\t\t\t<div class=\"elementor-row\">\n\t\t\t\t\t<div class=\"elementor-column elementor-col-16 elementor-top-column elementor-element elementor-element-701253a2\" data-id=\"701253a2\" data-element_type=\"column\">\n\t\t\t<div class=\"elementor-column-wrap\">\n\t\t\t\t\t\t\t<div class=\"elementor-widget-wrap\">\n\t\t\t\t\t\t\t\t<\/div>\n\t\t\t\t\t<\/div>\n\t\t<\/div>\n\t\t\t\t<div class=\"elementor-column elementor-col-66 elementor-top-column elementor-element elementor-element-1619ec65\" data-id=\"1619ec65\" data-element_type=\"column\">\n\t\t\t<div class=\"elementor-column-wrap elementor-element-populated\">\n\t\t\t\t\t\t\t<div class=\"elementor-widget-wrap\">\n\t\t\t\t\t\t<div class=\"elementor-element elementor-element-3509ab57 elementor-invisible elementor-widget elementor-widget-heading\" data-id=\"3509ab57\" data-element_type=\"widget\" data-settings=\"{&quot;_animation&quot;:&quot;fadeInUp&quot;,&quot;_animation_delay&quot;:200}\" data-widget_type=\"heading.default\">\n\t\t\t\t<div class=\"elementor-widget-container\">\n\t\t\t<h1 class=\"elementor-heading-title elementor-size-default\">Appliquer<\/h1>\t\t<\/div>\n\t\t\t\t<\/div>\n\t\t\t\t<div class=\"elementor-element elementor-element-16ac2151 elementor-invisible elementor-widget elementor-widget-heading\" data-id=\"16ac2151\" data-element_type=\"widget\" data-settings=\"{&quot;_animation&quot;:&quot;fadeInUp&quot;,&quot;_animation_delay&quot;:200}\" data-widget_type=\"heading.default\">\n\t\t\t\t<div class=\"elementor-widget-container\">\n\t\t\t<h2 class=\"elementor-heading-title elementor-size-default\">Franchise<\/h2>\t\t<\/div>\n\t\t\t\t<\/div>\n\t\t\t\t\t\t<\/div>\n\t\t\t\t\t<\/div>\n\t\t<\/div>\n\t\t\t\t<div class=\"elementor-column elementor-col-16 elementor-top-column elementor-element elementor-element-5595c967\" data-id=\"5595c967\" data-element_type=\"column\">\n\t\t\t<div class=\"elementor-column-wrap\">\n\t\t\t\t\t\t\t<div class=\"elementor-widget-wrap\">\n\t\t\t\t\t\t\t\t<\/div>\n\t\t\t\t\t<\/div>\n\t\t<\/div>\n\t\t\t\t\t\t\t\t<\/div>\n\t\t\t\t\t<\/div>\n\t\t<\/section>\n\t\t\t\t<section class=\"elementor-section elementor-top-section elementor-element elementor-element-682f7232 elementor-section-boxed elementor-section-height-default elementor-section-height-default\" data-id=\"682f7232\" data-element_type=\"section\" data-settings=\"{&quot;background_background&quot;:&quot;classic&quot;}\">\n\t\t\t\t\t\t<div class=\"elementor-container elementor-column-gap-default\">\n\t\t\t\t\t\t\t<div class=\"elementor-row\">\n\t\t\t\t\t<div class=\"elementor-column elementor-col-100 elementor-top-column elementor-element elementor-element-2f0d8781\" data-id=\"2f0d8781\" data-element_type=\"column\">\n\t\t\t<div class=\"elementor-column-wrap elementor-element-populated\">\n\t\t\t\t\t\t\t<div class=\"elementor-widget-wrap\">\n\t\t\t\t\t\t<div class=\"elementor-element elementor-element-69172e2f elementor-widget elementor-widget-heading\" data-id=\"69172e2f\" data-element_type=\"widget\" data-widget_type=\"heading.default\">\n\t\t\t\t<div class=\"elementor-widget-container\">\n\t\t\t<h3 class=\"elementor-heading-title elementor-size-default\">Vous \u00eates candidat pour ouvrir votre Doppio Malto!\n<\/h3>\t\t<\/div>\n\t\t\t\t<\/div>\n\t\t\t\t<div class=\"elementor-element elementor-element-68d6e1be elementor-widget elementor-widget-text-editor\" data-id=\"68d6e1be\" data-element_type=\"widget\" data-widget_type=\"text-editor.default\">\n\t\t\t\t<div class=\"elementor-widget-container\">\n\t\t\t\t\t\t\t\t<div class=\"elementor-text-editor elementor-clearfix\">\n\t\t\t\t<p>Remplissez le formulaire suivant pour postuler<\/p>\t\t\t\t\t<\/div>\n\t\t\t\t\t\t<\/div>\n\t\t\t\t<\/div>\n\t\t\t\t<div class=\"elementor-element elementor-element-2bf52cc elementor-widget elementor-widget-shortcode\" data-id=\"2bf52cc\" data-element_type=\"widget\" data-widget_type=\"shortcode.default\">\n\t\t\t\t<div class=\"elementor-widget-container\">\n\t\t\t\t\t<div class=\"elementor-shortcode\"><div role=\"form\" class=\"wpcf7\" id=\"wpcf7-f3008-o1\" lang=\"fr-FR\" dir=\"ltr\">\n<div class=\"screen-reader-response\"><p role=\"status\" aria-live=\"polite\" aria-atomic=\"true\"><\/p> <ul><\/ul><\/div>\n<form action=\"\/fr\/wp-json\/wp\/v2\/pages\/3005#wpcf7-f3008-o1\" method=\"post\" class=\"wpcf7-form init\" enctype=\"multipart\/form-data\" novalidate=\"novalidate\" data-status=\"init\">\n<div style=\"display: none;\">\n<input type=\"hidden\" name=\"_wpcf7\" value=\"3008\" \/>\n<input type=\"hidden\" name=\"_wpcf7_version\" value=\"5.4.1\" \/>\n<input type=\"hidden\" name=\"_wpcf7_locale\" value=\"fr_FR\" \/>\n<input type=\"hidden\" name=\"_wpcf7_unit_tag\" value=\"wpcf7-f3008-o1\" \/>\n<input type=\"hidden\" name=\"_wpcf7_container_post\" value=\"0\" \/>\n<input type=\"hidden\" name=\"_wpcf7_posted_data_hash\" value=\"\" \/>\n<input type=\"hidden\" name=\"_wpcf7_recaptcha_response\" value=\"\" \/>\n<\/div>\n<style>\n.flex{ display: flex; flex-direction: row; }\n.column{ width: 49.5%; margin-right:1%; }\n.last{ margin-right: 0; } \n.pb-1{ display:inline-block; padding-bottom: 1em; }\ninput[type=\"file\"]{ background-color: #F00; }\n<\/style>\n<div class=\"flex\">\n<div class=\"column\"><label> Pr\u00e9nom<br \/>\n    <span class=\"wpcf7-form-control-wrap nome\"><input type=\"text\" name=\"nome\" value=\"\" size=\"40\" class=\"wpcf7-form-control wpcf7-text wpcf7-validates-as-required\" aria-required=\"true\" aria-invalid=\"false\" \/><\/span> <\/label><\/div>\n<div class=\"column last\"><label> Nom de famille<br \/>\n    <span class=\"wpcf7-form-control-wrap cognome\"><input type=\"text\" name=\"cognome\" value=\"\" size=\"40\" class=\"wpcf7-form-control wpcf7-text wpcf7-validates-as-required\" aria-required=\"true\" aria-invalid=\"false\" \/><\/span> <\/label><\/div>\n<\/div>\n<div class=\"flex\">\n<div class=\"column\"><label> E-mail<br \/>\n    <span class=\"wpcf7-form-control-wrap indirizzoemail\"><input type=\"email\" name=\"indirizzoemail\" value=\"\" size=\"40\" class=\"wpcf7-form-control wpcf7-text wpcf7-email wpcf7-validates-as-required wpcf7-validates-as-email\" aria-required=\"true\" aria-invalid=\"false\" \/><\/span> <\/label><\/div>\n<div class=\"column last\"><label> T\u00e9l\u00e9phone\/portable<br \/>\n    <span class=\"wpcf7-form-control-wrap telefono\"><input type=\"tel\" name=\"telefono\" value=\"\" size=\"40\" class=\"wpcf7-form-control wpcf7-text wpcf7-tel wpcf7-validates-as-required wpcf7-validates-as-tel\" aria-required=\"true\" aria-invalid=\"false\" \/><\/span> <\/label><\/div>\n<\/div>\n<div class=\"flex\">\n<div class=\"column\"><label> Adresse<br \/>\n    <span class=\"wpcf7-form-control-wrap indirizzo\"><input type=\"text\" name=\"indirizzo\" value=\"\" size=\"40\" class=\"wpcf7-form-control wpcf7-text wpcf7-validates-as-required\" aria-required=\"true\" aria-invalid=\"false\" \/><\/span> <\/label><\/div>\n<div class=\"column last\"><label> Ville<br \/>\n    <span class=\"wpcf7-form-control-wrap citta\"><input type=\"text\" name=\"citta\" value=\"\" size=\"40\" class=\"wpcf7-form-control wpcf7-text wpcf7-validates-as-required\" aria-required=\"true\" aria-invalid=\"false\" \/><\/span> <\/label><\/div>\n<\/div>\n<div class=\"flex\">\n<div class=\"column\"><label> <span class=\"pb-1\">Disponibilit\u00e9 du capital<\/span><br \/>\n<span class=\"wpcf7-form-control-wrap disponibilita\"><span class=\"wpcf7-form-control wpcf7-radio\"><span class=\"wpcf7-list-item first\"><label><span class=\"wpcf7-list-item-label\">&lt;200.000 euro<\/span><input type=\"radio\" name=\"disponibilita\" value=\"&lt;200.000 euro\" checked=\"checked\" \/><\/label><\/span><span class=\"wpcf7-list-item\"><label><span class=\"wpcf7-list-item-label\">200.000-400.000 euro<\/span><input type=\"radio\" name=\"disponibilita\" value=\"200.000-400.000 euro\" \/><\/label><\/span><span class=\"wpcf7-list-item last\"><label><span class=\"wpcf7-list-item-label\">&gt;400.000 euro<\/span><input type=\"radio\" name=\"disponibilita\" value=\"&gt;400.000 euro\" \/><\/label><\/span><\/span><\/span><\/label><\/div>\n<div class=\"column last\"><label> <span class=\"pb-1\">M\u00e9thode d'investissement<\/span><br \/>\n<span class=\"wpcf7-form-control-wrap modalita_investimento\"><span class=\"wpcf7-form-control wpcf7-radio\"><span class=\"wpcf7-list-item first\"><label><span class=\"wpcf7-list-item-label\">propre capital<\/span><input type=\"radio\" name=\"modalita_investimento\" value=\"propre capital\" checked=\"checked\" \/><\/label><\/span><span class=\"wpcf7-list-item\"><label><span class=\"wpcf7-list-item-label\">consortium d&#039;investisseurs<\/span><input type=\"radio\" name=\"modalita_investimento\" value=\"consortium d&#039;investisseurs\" \/><\/label><\/span><span class=\"wpcf7-list-item last\"><label><span class=\"wpcf7-list-item-label\">financement par des tiers<\/span><input type=\"radio\" name=\"modalita_investimento\" value=\"financement par des tiers\" \/><\/label><\/span><\/span><\/span><\/label><\/div>\n<\/div>\n<p><label> Dans quel domaine vous souhaitez ouvrir??<br \/>\n    <span class=\"wpcf7-form-control-wrap dovevorrestiaprire\"><input type=\"text\" name=\"dovevorrestiaprire\" value=\"\" size=\"40\" class=\"wpcf7-form-control wpcf7-text wpcf7-validates-as-required\" aria-required=\"true\" aria-invalid=\"false\" \/><\/span> <\/label><\/p>\n<p><label> Joindre votre CV<br \/>\n    <span class=\"wpcf7-form-control-wrap cv\"><input type=\"file\" name=\"cv\" size=\"40\" class=\"wpcf7-form-control wpcf7-file\" accept=\".pdf\" aria-invalid=\"false\" \/><\/span> <\/label><\/p>\n<p><label> Pourquoi voulez-vous devenir notre partenaire et qu'attendez-vous ? Laissez-nous un message !<br \/>\n    <span class=\"wpcf7-form-control-wrap perche_vuoi_diventare_partner\"><textarea name=\"perche_vuoi_diventare_partner\" cols=\"40\" rows=\"10\" class=\"wpcf7-form-control wpcf7-textarea wpcf7-validates-as-required\" aria-required=\"true\" aria-invalid=\"false\"><\/textarea><\/span> <\/label><\/p>\n<p>Je reconnais que les informations fournies pour ma candidature sont essentielles pour permettre \u00e0 Doppio Malto d'\u00e9valuer les qualit\u00e9s requises pour l'affiliation \u00e0 la franchise. Je d\u00e9clare donc que ces derni\u00e8res sont compl\u00e8tes et authentiques.<\/p>\n<p><span class=\"wpcf7-form-control-wrap privacy\"><span class=\"wpcf7-form-control wpcf7-acceptance\"><span class=\"wpcf7-list-item\"><label><input type=\"checkbox\" name=\"privacy\" value=\"1\" aria-invalid=\"false\" \/><span class=\"wpcf7-list-item-label\">J'ai lu et accept\u00e9 la <a href=\"https:\/\/www.doppiomalto.co.uk\/it\/privacy-policy\/\" class=\"link-bianco\">politique de confidentialit\u00e9<\/a><\/span><\/label><\/span><\/span><\/span><\/p>\n<p><input type=\"submit\" value=\"Envoyer\" class=\"wpcf7-form-control wpcf7-submit\" \/><\/p>\n<input type='hidden' class='wpcf7-pum' value='{\"closepopup\":false,\"closedelay\":0,\"openpopup\":false,\"openpopup_id\":0}' \/><div class=\"wpcf7-response-output\" aria-hidden=\"true\"><\/div><\/form><\/div><\/div>\n\t\t\t\t<\/div>\n\t\t\t\t<\/div>\n\t\t\t\t\t\t<\/div>\n\t\t\t\t\t<\/div>\n\t\t<\/div>\n\t\t\t\t\t\t\t\t<\/div>\n\t\t\t\t\t<\/div>\n\t\t<\/section>\n\t\t\t\t\t\t\t\t\t<\/div>\n\t\t\t<\/div>\n\t\t\t\t\t<\/div>\n\t\t","protected":false},"excerpt":{"rendered":"<p>Appliquer Franchise Vous \u00eates candidat pour ouvrir votre Doppio Malto! Remplissez le formulaire suivant pour postuler<\/p>\n","protected":false},"author":1,"featured_media":0,"parent":3009,"menu_order":0,"comment_status":"closed","ping_status":"closed","template":"","meta":[],"acf":[],"yoast_head":"<!-- This site is optimized with the Yoast SEO plugin v16.2 - https:\/\/yoast.com\/wordpress\/plugins\/seo\/ -->\n<title>Appliquer - Franchising | Doppio Malto<\/title>\n<meta name=\"robots\" content=\"index, follow, max-snippet:-1, max-image-preview:large, max-video-preview:-1\" \/>\n<link rel=\"canonical\" href=\"https:\/\/www.doppiomalto.com\/fr\/franchise\/appliquer\/\" \/>\n<meta property=\"og:locale\" content=\"fr_FR\" \/>\n<meta property=\"og:type\" content=\"article\" \/>\n<meta property=\"og:title\" content=\"Appliquer - Franchising | Doppio Malto\" \/>\n<meta property=\"og:description\" content=\"Appliquer Franchise Vous \u00eates candidat pour ouvrir votre Doppio Malto! Remplissez le formulaire suivant pour postuler\" \/>\n<meta property=\"og:url\" content=\"https:\/\/www.doppiomalto.com\/fr\/franchise\/appliquer\/\" \/>\n<meta property=\"og:site_name\" content=\"Doppio Malto\" \/>\n<meta property=\"article:publisher\" content=\"https:\/\/www.facebook.com\/DoppioMaltoPeople\/\" \/>\n<meta property=\"article:modified_time\" content=\"2020-09-23T14:44:43+00:00\" \/>\n<meta property=\"og:image\" content=\"https:\/\/www.doppiomalto.com\/wp-content\/uploads\/2020\/09\/social-doppiomalto.jpg\" \/>\n\t<meta property=\"og:image:width\" content=\"1080\" \/>\n\t<meta property=\"og:image:height\" content=\"528\" \/>\n<meta name=\"twitter:card\" content=\"summary_large_image\" \/>\n<script type=\"application\/ld+json\" class=\"yoast-schema-graph\">{\"@context\":\"https:\/\/schema.org\",\"@graph\":[{\"@type\":\"Organization\",\"@id\":\"https:\/\/www.doppiomalto.com\/it\/#organization\",\"name\":\"Doppio Malto\",\"url\":\"https:\/\/www.doppiomalto.com\/it\/\",\"sameAs\":[\"https:\/\/www.facebook.com\/DoppioMaltoPeople\/\",\"https:\/\/www.instagram.com\/doppiomalto_people\/\",\"https:\/\/www.linkedin.com\/company\/fodbrand-spa\/\"],\"logo\":{\"@type\":\"ImageObject\",\"@id\":\"https:\/\/www.doppiomalto.com\/it\/#logo\",\"inLanguage\":\"fr-FR\",\"url\":\"https:\/\/www.doppiomalto.com\/wp-content\/uploads\/2020\/07\/logo-doppiomalto-colorato.png\",\"contentUrl\":\"https:\/\/www.doppiomalto.com\/wp-content\/uploads\/2020\/07\/logo-doppiomalto-colorato.png\",\"width\":709,\"height\":258,\"caption\":\"Doppio Malto\"},\"image\":{\"@id\":\"https:\/\/www.doppiomalto.com\/it\/#logo\"}},{\"@type\":\"WebSite\",\"@id\":\"https:\/\/www.doppiomalto.com\/it\/#website\",\"url\":\"https:\/\/www.doppiomalto.com\/it\/\",\"name\":\"Doppio Malto\",\"description\":\"\",\"publisher\":{\"@id\":\"https:\/\/www.doppiomalto.com\/it\/#organization\"},\"potentialAction\":[{\"@type\":\"SearchAction\",\"target\":\"https:\/\/www.doppiomalto.com\/it\/?s={search_term_string}\",\"query-input\":\"required name=search_term_string\"}],\"inLanguage\":\"fr-FR\"},{\"@type\":\"WebPage\",\"@id\":\"https:\/\/www.doppiomalto.com\/fr\/franchise\/appliquer\/#webpage\",\"url\":\"https:\/\/www.doppiomalto.com\/fr\/franchise\/appliquer\/\",\"name\":\"Appliquer - Franchising | Doppio Malto\",\"isPartOf\":{\"@id\":\"https:\/\/www.doppiomalto.com\/it\/#website\"},\"datePublished\":\"2020-06-26T15:27:21+00:00\",\"dateModified\":\"2020-09-23T14:44:43+00:00\",\"breadcrumb\":{\"@id\":\"https:\/\/www.doppiomalto.com\/fr\/franchise\/appliquer\/#breadcrumb\"},\"inLanguage\":\"fr-FR\",\"potentialAction\":[{\"@type\":\"ReadAction\",\"target\":[\"https:\/\/www.doppiomalto.com\/fr\/franchise\/appliquer\/\"]}]},{\"@type\":\"BreadcrumbList\",\"@id\":\"https:\/\/www.doppiomalto.com\/fr\/franchise\/appliquer\/#breadcrumb\",\"itemListElement\":[{\"@type\":\"ListItem\",\"position\":1,\"item\":{\"@type\":\"WebPage\",\"@id\":\"https:\/\/www.doppiomalto.com\/fr\/\",\"url\":\"https:\/\/www.doppiomalto.com\/fr\/\",\"name\":\"Home\"}},{\"@type\":\"ListItem\",\"position\":2,\"item\":{\"@type\":\"WebPage\",\"@id\":\"https:\/\/www.doppiomalto.com\/fr\/franchise\/\",\"url\":\"https:\/\/www.doppiomalto.com\/fr\/franchise\/\",\"name\":\"Franchise\"}},{\"@type\":\"ListItem\",\"position\":3,\"item\":{\"@id\":\"https:\/\/www.doppiomalto.com\/fr\/franchise\/appliquer\/#webpage\"}}]}]}<\/script>\n<!-- \/ Yoast SEO plugin. -->","_links":{"self":[{"href":"https:\/\/www.doppiomalto.com\/fr\/wp-json\/wp\/v2\/pages\/3005"}],"collection":[{"href":"https:\/\/www.doppiomalto.com\/fr\/wp-json\/wp\/v2\/pages"}],"about":[{"href":"https:\/\/www.doppiomalto.com\/fr\/wp-json\/wp\/v2\/types\/page"}],"author":[{"embeddable":true,"href":"https:\/\/www.doppiomalto.com\/fr\/wp-json\/wp\/v2\/users\/1"}],"replies":[{"embeddable":true,"href":"https:\/\/www.doppiomalto.com\/fr\/wp-json\/wp\/v2\/comments?post=3005"}],"version-history":[{"count":5,"href":"https:\/\/www.doppiomalto.com\/fr\/wp-json\/wp\/v2\/pages\/3005\/revisions"}],"predecessor-version":[{"id":37417,"href":"https:\/\/www.doppiomalto.com\/fr\/wp-json\/wp\/v2\/pages\/3005\/revisions\/37417"}],"up":[{"embeddable":true,"href":"https:\/\/www.doppiomalto.com\/fr\/wp-json\/wp\/v2\/pages\/3009"}],"wp:attachment":[{"href":"https:\/\/www.doppiomalto.com\/fr\/wp-json\/wp\/v2\/media?parent=3005"}],"curies":[{"name":"wp","href":"https:\/\/api.w.org\/{rel}","templated":true}]}}