{"id":2988,"date":"2020-06-26T16:33:56","date_gmt":"2020-06-26T14:33:56","guid":{"rendered":"https:\/\/www.doppiomalto.com\/vuoi-aprire-un-doppio-malto\/"},"modified":"2024-04-16T12:03:57","modified_gmt":"2024-04-16T10:03:57","slug":"vous-voulez-ouvrir-doppio-malto","status":"publish","type":"page","link":"https:\/\/www.doppiomalto.com\/fr\/franchise\/vous-voulez-ouvrir-doppio-malto\/","title":{"rendered":"Vous voulez ouvrir un Doppio Malto ?"},"content":{"rendered":"\t\t<div data-elementor-type=\"wp-page\" data-elementor-id=\"2988\" class=\"elementor elementor-2988 elementor-1138\">\n\t\t\t\t\t\t<div class=\"elementor-inner\">\n\t\t\t\t<div class=\"elementor-section-wrap\">\n\t\t\t\t\t\t\t\t\t<section class=\"elementor-section elementor-top-section elementor-element elementor-element-25abe012 elementor-section-height-min-height elementor-section-content-middle elementor-section-boxed elementor-section-height-default elementor-section-items-middle\" data-id=\"25abe012\" data-element_type=\"section\" data-settings=\"{&quot;background_background&quot;:&quot;classic&quot;}\">\n\t\t\t\t\t\t\t<div class=\"elementor-background-overlay\"><\/div>\n\t\t\t\t\t\t\t<div class=\"elementor-container elementor-column-gap-extended\">\n\t\t\t\t\t\t\t<div class=\"elementor-row\">\n\t\t\t\t\t<div class=\"elementor-column elementor-col-16 elementor-top-column elementor-element elementor-element-7ea129d4\" data-id=\"7ea129d4\" data-element_type=\"column\">\n\t\t\t<div class=\"elementor-column-wrap\">\n\t\t\t\t\t\t\t<div class=\"elementor-widget-wrap\">\n\t\t\t\t\t\t\t\t<\/div>\n\t\t\t\t\t<\/div>\n\t\t<\/div>\n\t\t\t\t<div class=\"elementor-column elementor-col-66 elementor-top-column elementor-element elementor-element-7e59a8c8\" data-id=\"7e59a8c8\" data-element_type=\"column\">\n\t\t\t<div class=\"elementor-column-wrap elementor-element-populated\">\n\t\t\t\t\t\t\t<div class=\"elementor-widget-wrap\">\n\t\t\t\t\t\t<div class=\"elementor-element elementor-element-3d584f12 elementor-invisible elementor-widget elementor-widget-heading\" data-id=\"3d584f12\" data-element_type=\"widget\" data-settings=\"{&quot;_animation&quot;:&quot;fadeInUp&quot;,&quot;_animation_delay&quot;:200}\" data-widget_type=\"heading.default\">\n\t\t\t\t<div class=\"elementor-widget-container\">\n\t\t\t<h1 class=\"elementor-heading-title elementor-size-default\">Voulez-vous ouvrir un Doppio Malto?<\/h1>\t\t<\/div>\n\t\t\t\t<\/div>\n\t\t\t\t<div class=\"elementor-element elementor-element-63ffaf73 elementor-invisible elementor-widget elementor-widget-heading\" data-id=\"63ffaf73\" data-element_type=\"widget\" data-settings=\"{&quot;_animation&quot;:&quot;fadeInUp&quot;,&quot;_animation_delay&quot;:200}\" data-widget_type=\"heading.default\">\n\t\t\t\t<div class=\"elementor-widget-container\">\n\t\t\t<h2 class=\"elementor-heading-title elementor-size-default\">Franchise<\/h2>\t\t<\/div>\n\t\t\t\t<\/div>\n\t\t\t\t\t\t<\/div>\n\t\t\t\t\t<\/div>\n\t\t<\/div>\n\t\t\t\t<div class=\"elementor-column elementor-col-16 elementor-top-column elementor-element elementor-element-c828a6c\" data-id=\"c828a6c\" data-element_type=\"column\">\n\t\t\t<div class=\"elementor-column-wrap\">\n\t\t\t\t\t\t\t<div class=\"elementor-widget-wrap\">\n\t\t\t\t\t\t\t\t<\/div>\n\t\t\t\t\t<\/div>\n\t\t<\/div>\n\t\t\t\t\t\t\t\t<\/div>\n\t\t\t\t\t<\/div>\n\t\t<\/section>\n\t\t\t\t<section class=\"elementor-section elementor-top-section elementor-element elementor-element-21081e86 elementor-section-full_width elementor-section-height-default elementor-section-height-default\" data-id=\"21081e86\" data-element_type=\"section\" data-settings=\"{&quot;background_background&quot;:&quot;classic&quot;}\">\n\t\t\t\t\t\t<div class=\"elementor-container elementor-column-gap-default\">\n\t\t\t\t\t\t\t<div class=\"elementor-row\">\n\t\t\t\t\t<div class=\"elementor-column elementor-col-100 elementor-top-column elementor-element elementor-element-ee71b3c\" data-id=\"ee71b3c\" data-element_type=\"column\">\n\t\t\t<div class=\"elementor-column-wrap elementor-element-populated\">\n\t\t\t\t\t\t\t<div class=\"elementor-widget-wrap\">\n\t\t\t\t\t\t<div class=\"elementor-element elementor-element-46d79e0e elementor-widget elementor-widget-heading\" data-id=\"46d79e0e\" data-element_type=\"widget\" data-widget_type=\"heading.default\">\n\t\t\t\t<div class=\"elementor-widget-container\">\n\t\t\t<h2 class=\"elementor-heading-title elementor-size-default\">Un posto felice dans votre ville<\/h2>\t\t<\/div>\n\t\t\t\t<\/div>\n\t\t\t\t<div class=\"elementor-element elementor-element-143612f8 elementor-widget elementor-widget-text-editor\" data-id=\"143612f8\" data-element_type=\"widget\" data-widget_type=\"text-editor.default\">\n\t\t\t\t<div class=\"elementor-widget-container\">\n\t\t\t\t\t\t\t\t<div class=\"elementor-text-editor elementor-clearfix\">\n\t\t\t\t<p>Doppio Malto est une si bonne id\u00e9e qu\u2019elle fonctionne dans huit cents m\u00e8tres carr\u00e9s comme dans deux cent cinquante. C\u2019est le bon format pour ceux qui veulent ouvrir un local ou reconvertir leur activit\u00e9 : dans les deux cas, la force de la marque et l\u2019efficacit\u00e9 du projet sont le meilleur soutien \u00e0 l\u2019entreprise.<\/p>\t\t\t\t\t<\/div>\n\t\t\t\t\t\t<\/div>\n\t\t\t\t<\/div>\n\t\t\t\t\t\t<\/div>\n\t\t\t\t\t<\/div>\n\t\t<\/div>\n\t\t\t\t\t\t\t\t<\/div>\n\t\t\t\t\t<\/div>\n\t\t<\/section>\n\t\t\t\t<section class=\"elementor-section elementor-top-section elementor-element elementor-element-364d283a elementor-section-full_width elementor-reverse-mobile elementor-section-height-default elementor-section-height-default\" data-id=\"364d283a\" data-element_type=\"section\">\n\t\t\t\t\t\t<div class=\"elementor-container elementor-column-gap-no\">\n\t\t\t\t\t\t\t<div class=\"elementor-row\">\n\t\t\t\t\t<div class=\"elementor-column elementor-col-50 elementor-top-column elementor-element elementor-element-3896e934\" data-id=\"3896e934\" data-element_type=\"column\">\n\t\t\t<div class=\"elementor-column-wrap elementor-element-populated\">\n\t\t\t\t\t\t\t<div class=\"elementor-widget-wrap\">\n\t\t\t\t\t\t<div class=\"elementor-element elementor-element-16f8fec6 elementor-widget elementor-widget-heading\" data-id=\"16f8fec6\" data-element_type=\"widget\" data-widget_type=\"heading.default\">\n\t\t\t\t<div class=\"elementor-widget-container\">\n\t\t\t<h3 class=\"elementor-heading-title elementor-size-default\">Vous souhaitez transformer votre pub\/restaurant en un Doppio Malto?<\/h3>\t\t<\/div>\n\t\t\t\t<\/div>\n\t\t\t\t<div class=\"elementor-element elementor-element-33547f58 elementor-widget elementor-widget-text-editor\" data-id=\"33547f58\" data-element_type=\"widget\" data-widget_type=\"text-editor.default\">\n\t\t\t\t<div class=\"elementor-widget-container\">\n\t\t\t\t\t\t\t\t<div class=\"elementor-text-editor elementor-clearfix\">\n\t\t\t\t<p>Une bonne id\u00e9e ne se mesure pas avec un m\u00e8tre ou une calculatrice. C\u2019est pourquoi ouvrir un Doppio Malto est une aventure \u00e0 la port\u00e9e de tout entrepreneur qui veut se mettre en jeu : m\u00eame en reconvertissant une activit\u00e9 d\u00e9j\u00e0 existante.<\/p>\t\t\t\t\t<\/div>\n\t\t\t\t\t\t<\/div>\n\t\t\t\t<\/div>\n\t\t\t\t<div class=\"elementor-element elementor-element-328a5f20 elementor-widget elementor-widget-heading\" data-id=\"328a5f20\" data-element_type=\"widget\" data-widget_type=\"heading.default\">\n\t\t\t\t<div class=\"elementor-widget-container\">\n\t\t\t<h3 class=\"elementor-heading-title elementor-size-default\">Vous \u00eates \u00e0 la recherche d\u2019un lieu d\u2019implantation ?<\/h3>\t\t<\/div>\n\t\t\t\t<\/div>\n\t\t\t\t<div class=\"elementor-element elementor-element-d631275 elementor-widget elementor-widget-text-editor\" data-id=\"d631275\" data-element_type=\"widget\" data-widget_type=\"text-editor.default\">\n\t\t\t\t<div class=\"elementor-widget-container\">\n\t\t\t\t\t\t\t\t<div class=\"elementor-text-editor elementor-clearfix\">\n\t\t\t\t<p>Le d\u00e9partement de d\u00e9veloppement de Doppio Malto \u00e9value les conditions immobili\u00e8res et projets des franchis\u00e9s potentiels et leur offre tout le support n\u00e9cessaire dans les phases de recherche et de n\u00e9gociations pour de nouveaux \u00e9tablissements.<\/p>\t\t\t\t\t<\/div>\n\t\t\t\t\t\t<\/div>\n\t\t\t\t<\/div>\n\t\t\t\t\t\t<\/div>\n\t\t\t\t\t<\/div>\n\t\t<\/div>\n\t\t\t\t<div class=\"elementor-column elementor-col-50 elementor-top-column elementor-element elementor-element-15690ce5\" data-id=\"15690ce5\" data-element_type=\"column\">\n\t\t\t<div class=\"elementor-column-wrap elementor-element-populated\">\n\t\t\t\t\t\t\t<div class=\"elementor-widget-wrap\">\n\t\t\t\t\t\t<div class=\"elementor-element elementor-element-33507b10 elementor-widget elementor-widget-image\" data-id=\"33507b10\" data-element_type=\"widget\" data-widget_type=\"image.default\">\n\t\t\t\t<div class=\"elementor-widget-container\">\n\t\t\t\t\t\t\t\t<div class=\"elementor-image\">\n\t\t\t\t\t\t\t\t\t\t\t\t<img width=\"1080\" height=\"1080\" src=\"https:\/\/www.doppiomalto.com\/wp-content\/uploads\/2020\/10\/2.png\" class=\"attachment-1536x1536 size-1536x1536\" alt=\"\" loading=\"lazy\" srcset=\"https:\/\/www.doppiomalto.com\/wp-content\/uploads\/2020\/10\/2.png 1080w, https:\/\/www.doppiomalto.com\/wp-content\/uploads\/2020\/10\/2-300x300.png 300w, https:\/\/www.doppiomalto.com\/wp-content\/uploads\/2020\/10\/2-1024x1024.png 1024w, https:\/\/www.doppiomalto.com\/wp-content\/uploads\/2020\/10\/2-150x150.png 150w, https:\/\/www.doppiomalto.com\/wp-content\/uploads\/2020\/10\/2-768x768.png 768w\" sizes=\"(max-width: 1080px) 100vw, 1080px\" \/>\t\t\t\t\t\t\t\t\t\t\t\t\t\t<\/div>\n\t\t\t\t\t\t<\/div>\n\t\t\t\t<\/div>\n\t\t\t\t\t\t<\/div>\n\t\t\t\t\t<\/div>\n\t\t<\/div>\n\t\t\t\t\t\t\t\t<\/div>\n\t\t\t\t\t<\/div>\n\t\t<\/section>\n\t\t\t\t<section class=\"elementor-section elementor-top-section elementor-element elementor-element-4a622857 elementor-section-boxed elementor-section-height-default elementor-section-height-default\" data-id=\"4a622857\" data-element_type=\"section\" data-settings=\"{&quot;background_background&quot;:&quot;classic&quot;}\">\n\t\t\t\t\t\t<div class=\"elementor-container elementor-column-gap-default\">\n\t\t\t\t\t\t\t<div class=\"elementor-row\">\n\t\t\t\t\t<div class=\"elementor-column elementor-col-100 elementor-top-column elementor-element elementor-element-12af9464\" data-id=\"12af9464\" data-element_type=\"column\">\n\t\t\t<div class=\"elementor-column-wrap elementor-element-populated\">\n\t\t\t\t\t\t\t<div class=\"elementor-widget-wrap\">\n\t\t\t\t\t\t<div class=\"elementor-element elementor-element-4c85ddbe elementor-widget elementor-widget-heading\" data-id=\"4c85ddbe\" data-element_type=\"widget\" data-widget_type=\"heading.default\">\n\t\t\t\t<div class=\"elementor-widget-container\">\n\t\t\t<h3 class=\"elementor-heading-title elementor-size-default\">Devenir notre partenaire<\/h3>\t\t<\/div>\n\t\t\t\t<\/div>\n\t\t\t\t<div class=\"elementor-element elementor-element-7c4f42f elementor-widget elementor-widget-text-editor\" data-id=\"7c4f42f\" data-element_type=\"widget\" data-widget_type=\"text-editor.default\">\n\t\t\t\t<div class=\"elementor-widget-container\">\n\t\t\t\t\t\t\t\t<div class=\"elementor-text-editor elementor-clearfix\">\n\t\t\t\t<p><span style=\"font-size: 15px; font-style: normal; font-weight: 400;\">Cliquez pour postuler pour ouvrir votre Doppio Malto<\/span><\/p>\t\t\t\t\t<\/div>\n\t\t\t\t\t\t<\/div>\n\t\t\t\t<\/div>\n\t\t\t\t<div class=\"elementor-element elementor-element-13fd4aa9 elementor-align-center elementor-widget elementor-widget-button\" data-id=\"13fd4aa9\" data-element_type=\"widget\" data-widget_type=\"button.default\">\n\t\t\t\t<div class=\"elementor-widget-container\">\n\t\t\t\t\t<div class=\"elementor-button-wrapper\">\n\t\t\t<a href=\"https:\/\/www.doppiomalto.com\/fr\/franchise\/appliquer\/\" class=\"elementor-button-link elementor-button elementor-size-sm\" role=\"button\">\n\t\t\t\t\t\t<span class=\"elementor-button-content-wrapper\">\n\t\t\t\t\t\t<span class=\"elementor-button-text\">Envoyer une requ\u00eate<\/span>\n\t\t<\/span>\n\t\t\t\t\t<\/a>\n\t\t<\/div>\n\t\t\t\t<\/div>\n\t\t\t\t<\/div>\n\t\t\t\t<div class=\"elementor-element elementor-element-5e19ebc elementor-align-center elementor-hidden-desktop elementor-hidden-tablet elementor-hidden-mobile elementor-widget elementor-widget-button\" data-id=\"5e19ebc\" data-element_type=\"widget\" data-widget_type=\"button.default\">\n\t\t\t\t<div class=\"elementor-widget-container\">\n\t\t\t\t\t<div class=\"elementor-button-wrapper\">\n\t\t\t<a href=\"https:\/\/www.doppiomalto.com\/wp-content\/uploads\/2024\/03\/B-FR-19.6-Brochure-FRANCHISING-2024-v02-03.pdf\" class=\"elementor-button-link elementor-button elementor-size-sm\" role=\"button\">\n\t\t\t\t\t\t<span class=\"elementor-button-content-wrapper\">\n\t\t\t\t\t\t<span class=\"elementor-button-text\">T\u00e9l\u00e9chargez la plaquette<\/span>\n\t\t<\/span>\n\t\t\t\t\t<\/a>\n\t\t<\/div>\n\t\t\t\t<\/div>\n\t\t\t\t<\/div>\n\t\t\t\t\t\t<\/div>\n\t\t\t\t\t<\/div>\n\t\t<\/div>\n\t\t\t\t\t\t\t\t<\/div>\n\t\t\t\t\t<\/div>\n\t\t<\/section>\n\t\t\t\t\t\t\t\t\t<\/div>\n\t\t\t<\/div>\n\t\t\t\t\t<\/div>\n\t\t","protected":false},"excerpt":{"rendered":"<p>Voulez-vous ouvrir un Doppio Malto? Franchise Un posto felice dans votre ville Doppio Malto est une si bonne id\u00e9e qu\u2019elle fonctionne dans huit cents m\u00e8tres carr\u00e9s comme dans deux cent cinquante. C\u2019est le bon format pour ceux qui veulent ouvrir un local ou reconvertir leur activit\u00e9 : dans les deux cas, la force de la &hellip;<\/p>\n<p class=\"read-more\"> <a class=\"\" href=\"https:\/\/www.doppiomalto.com\/fr\/franchise\/vous-voulez-ouvrir-doppio-malto\/\"> <span class=\"screen-reader-text\">Vous voulez ouvrir un Doppio Malto ?<\/span> Leggi di pi\u00f9 \u00bb<\/a><\/p>\n","protected":false},"author":1,"featured_media":0,"parent":3009,"menu_order":0,"comment_status":"closed","ping_status":"closed","template":"","meta":[],"acf":[],"yoast_head":"<!-- This site is optimized with the Yoast SEO plugin v16.2 - https:\/\/yoast.com\/wordpress\/plugins\/seo\/ -->\n<title>Vous voulez ouvrir un Doppio Malto ? - Franchising | Doppio Malto<\/title>\n<meta name=\"robots\" content=\"index, follow, max-snippet:-1, max-image-preview:large, max-video-preview:-1\" \/>\n<link rel=\"canonical\" href=\"https:\/\/www.doppiomalto.com\/fr\/franchise\/vous-voulez-ouvrir-doppio-malto\/\" \/>\n<meta property=\"og:locale\" content=\"fr_FR\" \/>\n<meta property=\"og:type\" content=\"article\" \/>\n<meta property=\"og:title\" content=\"Vous voulez ouvrir un Doppio Malto ? - Franchising | Doppio Malto\" \/>\n<meta property=\"og:description\" content=\"Voulez-vous ouvrir un Doppio Malto? Franchise Un posto felice dans votre ville Doppio Malto est une si bonne id\u00e9e qu\u2019elle fonctionne dans huit cents m\u00e8tres carr\u00e9s comme dans deux cent cinquante. C\u2019est le bon format pour ceux qui veulent ouvrir un local ou reconvertir leur activit\u00e9 : dans les deux cas, la force de la &hellip; Vous voulez ouvrir un Doppio Malto ? Leggi di pi\u00f9 \u00bb\" \/>\n<meta property=\"og:url\" content=\"https:\/\/www.doppiomalto.com\/fr\/franchise\/vous-voulez-ouvrir-doppio-malto\/\" \/>\n<meta property=\"og:site_name\" content=\"Doppio Malto\" \/>\n<meta property=\"article:publisher\" content=\"https:\/\/www.facebook.com\/DoppioMaltoPeople\/\" \/>\n<meta property=\"article:modified_time\" content=\"2024-04-16T10:03:57+00:00\" \/>\n<meta property=\"og:image\" content=\"https:\/\/www.doppiomalto.com\/wp-content\/uploads\/2020\/10\/2.png\" \/>\n<meta name=\"twitter:card\" content=\"summary_large_image\" \/>\n<meta name=\"twitter:label1\" content=\"Dur\u00e9e de lecture est.\">\n\t<meta name=\"twitter:data1\" content=\"1 minute\">\n<script type=\"application\/ld+json\" class=\"yoast-schema-graph\">{\"@context\":\"https:\/\/schema.org\",\"@graph\":[{\"@type\":\"Organization\",\"@id\":\"https:\/\/www.doppiomalto.com\/it\/#organization\",\"name\":\"Doppio Malto\",\"url\":\"https:\/\/www.doppiomalto.com\/it\/\",\"sameAs\":[\"https:\/\/www.facebook.com\/DoppioMaltoPeople\/\",\"https:\/\/www.instagram.com\/doppiomalto_people\/\",\"https:\/\/www.linkedin.com\/company\/fodbrand-spa\/\"],\"logo\":{\"@type\":\"ImageObject\",\"@id\":\"https:\/\/www.doppiomalto.com\/it\/#logo\",\"inLanguage\":\"fr-FR\",\"url\":\"https:\/\/www.doppiomalto.com\/wp-content\/uploads\/2020\/07\/logo-doppiomalto-colorato.png\",\"contentUrl\":\"https:\/\/www.doppiomalto.com\/wp-content\/uploads\/2020\/07\/logo-doppiomalto-colorato.png\",\"width\":709,\"height\":258,\"caption\":\"Doppio Malto\"},\"image\":{\"@id\":\"https:\/\/www.doppiomalto.com\/it\/#logo\"}},{\"@type\":\"WebSite\",\"@id\":\"https:\/\/www.doppiomalto.com\/it\/#website\",\"url\":\"https:\/\/www.doppiomalto.com\/it\/\",\"name\":\"Doppio Malto\",\"description\":\"\",\"publisher\":{\"@id\":\"https:\/\/www.doppiomalto.com\/it\/#organization\"},\"potentialAction\":[{\"@type\":\"SearchAction\",\"target\":\"https:\/\/www.doppiomalto.com\/it\/?s={search_term_string}\",\"query-input\":\"required name=search_term_string\"}],\"inLanguage\":\"fr-FR\"},{\"@type\":\"ImageObject\",\"@id\":\"https:\/\/www.doppiomalto.com\/fr\/franchise\/vous-voulez-ouvrir-doppio-malto\/#primaryimage\",\"inLanguage\":\"fr-FR\",\"url\":\"https:\/\/www.doppiomalto.com\/wp-content\/uploads\/2020\/10\/2.png\",\"contentUrl\":\"https:\/\/www.doppiomalto.com\/wp-content\/uploads\/2020\/10\/2.png\",\"width\":1080,\"height\":1080},{\"@type\":\"WebPage\",\"@id\":\"https:\/\/www.doppiomalto.com\/fr\/franchise\/vous-voulez-ouvrir-doppio-malto\/#webpage\",\"url\":\"https:\/\/www.doppiomalto.com\/fr\/franchise\/vous-voulez-ouvrir-doppio-malto\/\",\"name\":\"Vous voulez ouvrir un Doppio Malto ? - Franchising | Doppio Malto\",\"isPartOf\":{\"@id\":\"https:\/\/www.doppiomalto.com\/it\/#website\"},\"primaryImageOfPage\":{\"@id\":\"https:\/\/www.doppiomalto.com\/fr\/franchise\/vous-voulez-ouvrir-doppio-malto\/#primaryimage\"},\"datePublished\":\"2020-06-26T14:33:56+00:00\",\"dateModified\":\"2024-04-16T10:03:57+00:00\",\"breadcrumb\":{\"@id\":\"https:\/\/www.doppiomalto.com\/fr\/franchise\/vous-voulez-ouvrir-doppio-malto\/#breadcrumb\"},\"inLanguage\":\"fr-FR\",\"potentialAction\":[{\"@type\":\"ReadAction\",\"target\":[\"https:\/\/www.doppiomalto.com\/fr\/franchise\/vous-voulez-ouvrir-doppio-malto\/\"]}]},{\"@type\":\"BreadcrumbList\",\"@id\":\"https:\/\/www.doppiomalto.com\/fr\/franchise\/vous-voulez-ouvrir-doppio-malto\/#breadcrumb\",\"itemListElement\":[{\"@type\":\"ListItem\",\"position\":1,\"item\":{\"@type\":\"WebPage\",\"@id\":\"https:\/\/www.doppiomalto.com\/fr\/\",\"url\":\"https:\/\/www.doppiomalto.com\/fr\/\",\"name\":\"Home\"}},{\"@type\":\"ListItem\",\"position\":2,\"item\":{\"@type\":\"WebPage\",\"@id\":\"https:\/\/www.doppiomalto.com\/fr\/franchise\/\",\"url\":\"https:\/\/www.doppiomalto.com\/fr\/franchise\/\",\"name\":\"Franchise\"}},{\"@type\":\"ListItem\",\"position\":3,\"item\":{\"@id\":\"https:\/\/www.doppiomalto.com\/fr\/franchise\/vous-voulez-ouvrir-doppio-malto\/#webpage\"}}]}]}<\/script>\n<!-- \/ Yoast SEO plugin. -->","_links":{"self":[{"href":"https:\/\/www.doppiomalto.com\/fr\/wp-json\/wp\/v2\/pages\/2988"}],"collection":[{"href":"https:\/\/www.doppiomalto.com\/fr\/wp-json\/wp\/v2\/pages"}],"about":[{"href":"https:\/\/www.doppiomalto.com\/fr\/wp-json\/wp\/v2\/types\/page"}],"author":[{"embeddable":true,"href":"https:\/\/www.doppiomalto.com\/fr\/wp-json\/wp\/v2\/users\/1"}],"replies":[{"embeddable":true,"href":"https:\/\/www.doppiomalto.com\/fr\/wp-json\/wp\/v2\/comments?post=2988"}],"version-history":[{"count":16,"href":"https:\/\/www.doppiomalto.com\/fr\/wp-json\/wp\/v2\/pages\/2988\/revisions"}],"predecessor-version":[{"id":38012,"href":"https:\/\/www.doppiomalto.com\/fr\/wp-json\/wp\/v2\/pages\/2988\/revisions\/38012"}],"up":[{"embeddable":true,"href":"https:\/\/www.doppiomalto.com\/fr\/wp-json\/wp\/v2\/pages\/3009"}],"wp:attachment":[{"href":"https:\/\/www.doppiomalto.com\/fr\/wp-json\/wp\/v2\/media?parent=2988"}],"curies":[{"name":"wp","href":"https:\/\/api.w.org\/{rel}","templated":true}]}}