{"id":2985,"date":"2020-06-24T17:50:42","date_gmt":"2020-06-24T15:50:42","guid":{"rendered":"https:\/\/www.doppiomalto.com\/birrifici\/"},"modified":"2024-04-16T16:25:20","modified_gmt":"2024-04-16T14:25:20","slug":"brasseries","status":"publish","type":"page","link":"https:\/\/www.doppiomalto.com\/fr\/brasseries\/","title":{"rendered":"Les brasseries"},"content":{"rendered":"\t\t<div data-elementor-type=\"wp-page\" data-elementor-id=\"2985\" class=\"elementor elementor-2985 elementor-970\">\n\t\t\t\t\t\t<div class=\"elementor-inner\">\n\t\t\t\t<div class=\"elementor-section-wrap\">\n\t\t\t\t\t\t\t\t\t<section class=\"elementor-section elementor-top-section elementor-element elementor-element-69300195 elementor-section-height-min-height elementor-section-content-middle elementor-section-boxed elementor-section-height-default elementor-section-items-middle\" data-id=\"69300195\" data-element_type=\"section\" data-settings=\"{&quot;background_background&quot;:&quot;classic&quot;}\">\n\t\t\t\t\t\t\t<div class=\"elementor-background-overlay\"><\/div>\n\t\t\t\t\t\t\t<div class=\"elementor-container elementor-column-gap-extended\">\n\t\t\t\t\t\t\t<div class=\"elementor-row\">\n\t\t\t\t\t<div class=\"elementor-column elementor-col-16 elementor-top-column elementor-element elementor-element-5164dadd\" data-id=\"5164dadd\" data-element_type=\"column\">\n\t\t\t<div class=\"elementor-column-wrap\">\n\t\t\t\t\t\t\t<div class=\"elementor-widget-wrap\">\n\t\t\t\t\t\t\t\t<\/div>\n\t\t\t\t\t<\/div>\n\t\t<\/div>\n\t\t\t\t<div class=\"elementor-column elementor-col-66 elementor-top-column elementor-element elementor-element-50fc6fd2\" data-id=\"50fc6fd2\" data-element_type=\"column\">\n\t\t\t<div class=\"elementor-column-wrap elementor-element-populated\">\n\t\t\t\t\t\t\t<div class=\"elementor-widget-wrap\">\n\t\t\t\t\t\t<div class=\"elementor-element elementor-element-39e1c3ca elementor-invisible elementor-widget elementor-widget-heading\" data-id=\"39e1c3ca\" data-element_type=\"widget\" data-settings=\"{&quot;_animation&quot;:&quot;fadeInUp&quot;,&quot;_animation_delay&quot;:200}\" data-widget_type=\"heading.default\">\n\t\t\t\t<div class=\"elementor-widget-container\">\n\t\t\t<h1 class=\"elementor-heading-title elementor-size-default\">Les brasseries<\/h1>\t\t<\/div>\n\t\t\t\t<\/div>\n\t\t\t\t\t\t<\/div>\n\t\t\t\t\t<\/div>\n\t\t<\/div>\n\t\t\t\t<div class=\"elementor-column elementor-col-16 elementor-top-column elementor-element elementor-element-521a753\" data-id=\"521a753\" data-element_type=\"column\">\n\t\t\t<div class=\"elementor-column-wrap\">\n\t\t\t\t\t\t\t<div class=\"elementor-widget-wrap\">\n\t\t\t\t\t\t\t\t<\/div>\n\t\t\t\t\t<\/div>\n\t\t<\/div>\n\t\t\t\t\t\t\t\t<\/div>\n\t\t\t\t\t<\/div>\n\t\t<\/section>\n\t\t\t\t<section class=\"elementor-section elementor-top-section elementor-element elementor-element-cd72d83 elementor-section-full_width elementor-section-height-default elementor-section-height-default\" data-id=\"cd72d83\" data-element_type=\"section\" data-settings=\"{&quot;background_background&quot;:&quot;classic&quot;}\">\n\t\t\t\t\t\t<div class=\"elementor-container elementor-column-gap-default\">\n\t\t\t\t\t\t\t<div class=\"elementor-row\">\n\t\t\t\t\t<div class=\"elementor-column elementor-col-100 elementor-top-column elementor-element elementor-element-29704a1\" data-id=\"29704a1\" data-element_type=\"column\">\n\t\t\t<div class=\"elementor-column-wrap elementor-element-populated\">\n\t\t\t\t\t\t\t<div class=\"elementor-widget-wrap\">\n\t\t\t\t\t\t<div class=\"elementor-element elementor-element-65cd1b0 elementor-widget elementor-widget-heading\" data-id=\"65cd1b0\" data-element_type=\"widget\" data-widget_type=\"heading.default\">\n\t\t\t\t<div class=\"elementor-widget-container\">\n\t\t\t<h2 class=\"elementor-heading-title elementor-size-default\">Le bonheur se mesure en hectolitres<\/h2>\t\t<\/div>\n\t\t\t\t<\/div>\n\t\t\t\t<div class=\"elementor-element elementor-element-945af9b elementor-widget elementor-widget-text-editor\" data-id=\"945af9b\" data-element_type=\"widget\" data-widget_type=\"text-editor.default\">\n\t\t\t\t<div class=\"elementor-widget-container\">\n\t\t\t\t\t\t\t\t<div class=\"elementor-text-editor elementor-clearfix\">\n\t\t\t\t<p>Les brasseurs Doppio Malto ne ressemblent pas tous au P\u00e8re No\u00ebl, mais tous, avec exp\u00e9rience, sagesse et cr\u00e9ativit\u00e9, travaillent chaque jour dans nos deux brasseries pour offrir aux clients des hectolitres de bonheur.<br \/>Gr\u00e2ce \u00e0 des ingr\u00e9dients issus des meilleures mati\u00e8res premi\u00e8res, du souci du d\u00e9tail et d&rsquo;un cycle de production v\u00e9ritablement artisanal : nous offrons une bi\u00e8re d&rsquo;une qualit\u00e9 fabuleuse.<\/p>\t\t\t\t\t<\/div>\n\t\t\t\t\t\t<\/div>\n\t\t\t\t<\/div>\n\t\t\t\t\t\t<\/div>\n\t\t\t\t\t<\/div>\n\t\t<\/div>\n\t\t\t\t\t\t\t\t<\/div>\n\t\t\t\t\t<\/div>\n\t\t<\/section>\n\t\t\t\t<section class=\"elementor-section elementor-top-section elementor-element elementor-element-309b2851 elementor-section-full_width elementor-section-height-default elementor-section-height-default\" data-id=\"309b2851\" data-element_type=\"section\" data-settings=\"{&quot;background_background&quot;:&quot;classic&quot;}\">\n\t\t\t\t\t\t<div class=\"elementor-container elementor-column-gap-default\">\n\t\t\t\t\t\t\t<div class=\"elementor-row\">\n\t\t\t\t\t<div class=\"elementor-column elementor-col-100 elementor-top-column elementor-element elementor-element-27427c7d\" data-id=\"27427c7d\" data-element_type=\"column\">\n\t\t\t<div class=\"elementor-column-wrap elementor-element-populated\">\n\t\t\t\t\t\t\t<div class=\"elementor-widget-wrap\">\n\t\t\t\t\t\t<div class=\"elementor-element elementor-element-417c0069 elementor-widget elementor-widget-uael-google-map\" data-id=\"417c0069\" data-element_type=\"widget\" data-widget_type=\"uael-google-map.default\">\n\t\t\t\t<div class=\"elementor-widget-container\">\n\t\t\t\t\t<div class=\"uael-google-map-wrap\">\n\t\t\t<div id=\"uael-google-map-417c0069\" class=\"uael-google-map\" data-map_options=\"{&quot;zoom&quot;:6,&quot;mapTypeId&quot;:&quot;roadmap&quot;,&quot;mapTypeControl&quot;:false,&quot;streetViewControl&quot;:false,&quot;zoomControl&quot;:false,&quot;fullscreenControl&quot;:false,&quot;gestureHandling&quot;:true}\" data-cluster=\"\" data-cluster-attr=\"[]\" data-max-width=\"250\" data-locations=\"[[&quot;45.802860&quot;,&quot;9.237150&quot;,true,&quot;Erba&quot;,&quot;Via Milano 9, 22036 Erba, Lombardia, Italy&quot;,&quot;custom&quot;,&quot;https:\\\/\\\/www.doppiomalto.com\\\/wp-content\\\/uploads\\\/2020\\\/09\\\/marker-dm.svg&quot;,30,&quot;&quot;],[&quot;39.295770&quot;,&quot;8.576220&quot;,true,&quot;Iglesias&quot;,&quot;Via Andromeda ang. via Fenice Loc. Sa Stoia, 09016 Iglesias, Sardegna, Italy&quot;,&quot;custom&quot;,&quot;https:\\\/\\\/www.doppiomalto.com\\\/wp-content\\\/uploads\\\/2020\\\/09\\\/marker-dm.svg&quot;,30,&quot;&quot;]]\" data-animate=\"drop\" data-auto-center=\"center\" data-custom-style=\"[{&quot;elementType&quot;:&quot;labels.icon&quot;,&quot;stylers&quot;:[{&quot;visibility&quot;:&quot;off&quot;}]},{&quot;elementType&quot;:&quot;labels.text.fill&quot;,&quot;stylers&quot;:[{&quot;color&quot;:&quot;#1d1d1b&quot;}]},{&quot;elementType&quot;:&quot;labels.text.stroke&quot;,&quot;stylers&quot;:[{&quot;color&quot;:&quot;#000000&quot;},{&quot;lightness&quot;:15},{&quot;visibility&quot;:&quot;off&quot;}]},{&quot;featureType&quot;:&quot;administrative&quot;,&quot;elementType&quot;:&quot;geometry.fill&quot;,&quot;stylers&quot;:[{&quot;color&quot;:&quot;#000000&quot;},{&quot;lightness&quot;:20}]},{&quot;featureType&quot;:&quot;administrative&quot;,&quot;elementType&quot;:&quot;geometry.stroke&quot;,&quot;stylers&quot;:[{&quot;color&quot;:&quot;#000000&quot;},{&quot;lightness&quot;:15},{&quot;weight&quot;:0.5}]},{&quot;featureType&quot;:&quot;landscape&quot;,&quot;elementType&quot;:&quot;geometry&quot;,&quot;stylers&quot;:[{&quot;color&quot;:&quot;#f4bb1f&quot;}]},{&quot;featureType&quot;:&quot;poi&quot;,&quot;elementType&quot;:&quot;geometry&quot;,&quot;stylers&quot;:[{&quot;lightness&quot;:65},{&quot;visibility&quot;:&quot;off&quot;}]},{&quot;featureType&quot;:&quot;road.arterial&quot;,&quot;elementType&quot;:&quot;geometry&quot;,&quot;stylers&quot;:[{&quot;color&quot;:&quot;#1d1d1b&quot;},{&quot;lightness&quot;:50},{&quot;visibility&quot;:&quot;simplified&quot;},{&quot;weight&quot;:0.5}]},{&quot;featureType&quot;:&quot;road.highway&quot;,&quot;elementType&quot;:&quot;geometry.fill&quot;,&quot;stylers&quot;:[{&quot;color&quot;:&quot;#1d1d1b&quot;},{&quot;lightness&quot;:20},{&quot;weight&quot;:0.5}]},{&quot;featureType&quot;:&quot;road.highway&quot;,&quot;elementType&quot;:&quot;geometry.stroke&quot;,&quot;stylers&quot;:[{&quot;lightness&quot;:25},{&quot;visibility&quot;:&quot;simplified&quot;},{&quot;weight&quot;:0.5}]},{&quot;featureType&quot;:&quot;road.local&quot;,&quot;elementType&quot;:&quot;geometry&quot;,&quot;stylers&quot;:[{&quot;color&quot;:&quot;#fec603&quot;},{&quot;lightness&quot;:20},{&quot;visibility&quot;:&quot;on&quot;},{&quot;weight&quot;:0.5}]},{&quot;featureType&quot;:&quot;transit&quot;,&quot;elementType&quot;:&quot;geometry&quot;,&quot;stylers&quot;:[{&quot;color&quot;:&quot;#1d1d1b&quot;},{&quot;lightness&quot;:20}]},{&quot;featureType&quot;:&quot;water&quot;,&quot;elementType&quot;:&quot;geometry&quot;,&quot;stylers&quot;:[{&quot;color&quot;:&quot;#8dccc8&quot;}]}]\"><\/div>\n\t\t<\/div>\n\t\t\t\t<\/div>\n\t\t\t\t<\/div>\n\t\t\t\t\t\t<\/div>\n\t\t\t\t\t<\/div>\n\t\t<\/div>\n\t\t\t\t\t\t\t\t<\/div>\n\t\t\t\t\t<\/div>\n\t\t<\/section>\n\t\t\t\t<section class=\"elementor-section elementor-top-section elementor-element elementor-element-2108e4f1 elementor-section-full_width elementor-section-height-default elementor-section-height-default\" data-id=\"2108e4f1\" data-element_type=\"section\" data-settings=\"{&quot;background_background&quot;:&quot;classic&quot;}\">\n\t\t\t\t\t\t<div class=\"elementor-container elementor-column-gap-default\">\n\t\t\t\t\t\t\t<div class=\"elementor-row\">\n\t\t\t\t\t<div class=\"elementor-column elementor-col-100 elementor-top-column elementor-element elementor-element-18894ce\" data-id=\"18894ce\" data-element_type=\"column\">\n\t\t\t<div class=\"elementor-column-wrap elementor-element-populated\">\n\t\t\t\t\t\t\t<div class=\"elementor-widget-wrap\">\n\t\t\t\t\t\t<div class=\"elementor-element elementor-element-6f5d98d4 elementor-widget elementor-widget-heading\" data-id=\"6f5d98d4\" data-element_type=\"widget\" data-widget_type=\"heading.default\">\n\t\t\t\t<div class=\"elementor-widget-container\">\n\t\t\t<h3 class=\"elementor-heading-title elementor-size-default\">O\u00f9 nous la fabriquons<\/h3>\t\t<\/div>\n\t\t\t\t<\/div>\n\t\t\t\t<div class=\"elementor-element elementor-element-77f9452e elementor-widget elementor-widget-text-editor\" data-id=\"77f9452e\" data-element_type=\"widget\" data-widget_type=\"text-editor.default\">\n\t\t\t\t<div class=\"elementor-widget-container\">\n\t\t\t\t\t\t\t\t<div class=\"elementor-text-editor elementor-clearfix\">\n\t\t\t\t<p>Tout a commenc\u00e9 dans la brasserie Doppio Malto \u00e0 Erba, dans la province de C\u00f4me, o\u00f9 sont n\u00e9s des dizaines de types de bi\u00e8res qui, au fil des ans, ont obtenu plus de 100 r\u00e9compenses \u00e0 travers le monde. <br \/>\u00c0 partir de 2020, la brasserie \u00e0 Erba reste active en tant que site d&rsquo;exp\u00e9rimentation de nouvelles recettes, tandis que la production est d\u00e9plac\u00e9e en Sardaigne, \u00e0 Iglesias, dans la nouvelle brasserie Doppio Malto d&rsquo;une capacit\u00e9 de production de cinq millions de litres.<\/p>\t\t\t\t\t<\/div>\n\t\t\t\t\t\t<\/div>\n\t\t\t\t<\/div>\n\t\t\t\t\t\t<\/div>\n\t\t\t\t\t<\/div>\n\t\t<\/div>\n\t\t\t\t\t\t\t\t<\/div>\n\t\t\t\t\t<\/div>\n\t\t<\/section>\n\t\t\t\t<section class=\"elementor-section elementor-top-section elementor-element elementor-element-16e4ce83 elementor-section-full_width elementor-section-height-default elementor-section-height-default\" data-id=\"16e4ce83\" data-element_type=\"section\" data-settings=\"{&quot;background_background&quot;:&quot;classic&quot;}\">\n\t\t\t\t\t\t<div class=\"elementor-container elementor-column-gap-default\">\n\t\t\t\t\t\t\t<div class=\"elementor-row\">\n\t\t\t\t\t<div class=\"elementor-column elementor-col-100 elementor-top-column elementor-element elementor-element-673942b5\" data-id=\"673942b5\" data-element_type=\"column\">\n\t\t\t<div class=\"elementor-column-wrap elementor-element-populated\">\n\t\t\t\t\t\t\t<div class=\"elementor-widget-wrap\">\n\t\t\t\t\t\t<div class=\"elementor-element elementor-element-6a6769a elementor-widget elementor-widget-heading\" data-id=\"6a6769a\" data-element_type=\"widget\" data-widget_type=\"heading.default\">\n\t\t\t\t<div class=\"elementor-widget-container\">\n\t\t\t<h3 class=\"elementor-heading-title elementor-size-default\">Comment nous la fabriquons<\/h3>\t\t<\/div>\n\t\t\t\t<\/div>\n\t\t\t\t<div class=\"elementor-element elementor-element-af3ba53 elementor-widget elementor-widget-text-editor\" data-id=\"af3ba53\" data-element_type=\"widget\" data-widget_type=\"text-editor.default\">\n\t\t\t\t<div class=\"elementor-widget-container\">\n\t\t\t\t\t\t\t\t<div class=\"elementor-text-editor elementor-clearfix\">\n\t\t\t\t<p>Nous sommes si convaincus de fabriquer une bi\u00e8re vraiment sp\u00e9ciale que nous devons la faire go\u00fbter \u00e0 tout le monde. Litt\u00e9ralement tout le monde. Parce que nous sommes g\u00e9n\u00e9reux et ambitieux. <br \/>Nous sommes des artisans et nous sommes des industriels. C&rsquo;est incroyable, mais \u00e7a fonctionne.<\/p>\t\t\t\t\t<\/div>\n\t\t\t\t\t\t<\/div>\n\t\t\t\t<\/div>\n\t\t\t\t<div class=\"elementor-element elementor-element-4329e89 elementor-invisible elementor-widget elementor-widget-image\" data-id=\"4329e89\" data-element_type=\"widget\" data-settings=\"{&quot;_animation&quot;:&quot;fadeInLeft&quot;}\" data-widget_type=\"image.default\">\n\t\t\t\t<div class=\"elementor-widget-container\">\n\t\t\t\t\t\t\t\t<div class=\"elementor-image\">\n\t\t\t\t\t\t\t\t\t\t\t\t<img src=\"https:\/\/www.doppiomalto.com\/wp-content\/uploads\/2020\/07\/come-la-facciamo.svg\" class=\"attachment-full size-full\" alt=\"\" loading=\"lazy\" \/>\t\t\t\t\t\t\t\t\t\t\t\t\t\t<\/div>\n\t\t\t\t\t\t<\/div>\n\t\t\t\t<\/div>\n\t\t\t\t\t\t<\/div>\n\t\t\t\t\t<\/div>\n\t\t<\/div>\n\t\t\t\t\t\t\t\t<\/div>\n\t\t\t\t\t<\/div>\n\t\t<\/section>\n\t\t\t\t<section class=\"elementor-section elementor-top-section elementor-element elementor-element-5977eb30 elementor-section-full_width elementor-section-height-default elementor-section-height-default\" data-id=\"5977eb30\" data-element_type=\"section\" data-settings=\"{&quot;background_background&quot;:&quot;classic&quot;}\">\n\t\t\t\t\t\t<div class=\"elementor-container elementor-column-gap-default\">\n\t\t\t\t\t\t\t<div class=\"elementor-row\">\n\t\t\t\t\t<div class=\"elementor-column elementor-col-100 elementor-top-column elementor-element elementor-element-19b0bb51\" data-id=\"19b0bb51\" data-element_type=\"column\">\n\t\t\t<div class=\"elementor-column-wrap elementor-element-populated\">\n\t\t\t\t\t\t\t<div class=\"elementor-widget-wrap\">\n\t\t\t\t\t\t<div class=\"elementor-element elementor-element-652b9e81 elementor-widget elementor-widget-heading\" data-id=\"652b9e81\" data-element_type=\"widget\" data-widget_type=\"heading.default\">\n\t\t\t\t<div class=\"elementor-widget-container\">\n\t\t\t<h3 class=\"elementor-heading-title elementor-size-default\">Pourquoi nous la fabriquons<\/h3>\t\t<\/div>\n\t\t\t\t<\/div>\n\t\t\t\t<div class=\"elementor-element elementor-element-4bafd243 elementor-widget elementor-widget-text-editor\" data-id=\"4bafd243\" data-element_type=\"widget\" data-widget_type=\"text-editor.default\">\n\t\t\t\t<div class=\"elementor-widget-container\">\n\t\t\t\t\t\t\t\t<div class=\"elementor-text-editor elementor-clearfix\">\n\t\t\t\t<p>Nous croyons en une bi\u00e8re sinc\u00e8re. Surtout quand elle parle notre langage artisanal et intr\u00e9pide, quand elle parle de voyages, de d\u00e9couvertes, d&rsquo;\u00e9motions. Chaque gorg\u00e9e est une le\u00e7on de g\u00e9ographie, d&rsquo;amour et de magie.<br>Chaque ingr\u00e9dient est un r\u00e9gal de bonheur. Pour l&rsquo;entendre parler ainsi, nous avons fond\u00e9 la brasserie Doppio Malto et \u00e9crit la Grande Charte du Ma\u00eetre Brasseur.<\/p>\t\t\t\t\t<\/div>\n\t\t\t\t\t\t<\/div>\n\t\t\t\t<\/div>\n\t\t\t\t\t\t<\/div>\n\t\t\t\t\t<\/div>\n\t\t<\/div>\n\t\t\t\t\t\t\t\t<\/div>\n\t\t\t\t\t<\/div>\n\t\t<\/section>\n\t\t\t\t\t\t\t\t\t<\/div>\n\t\t\t<\/div>\n\t\t\t\t\t<\/div>\n\t\t","protected":false},"excerpt":{"rendered":"<p>Les brasseries Le bonheur se mesure en hectolitres Les brasseurs Doppio Malto ne ressemblent pas tous au P\u00e8re No\u00ebl, mais tous, avec exp\u00e9rience, sagesse et cr\u00e9ativit\u00e9, travaillent chaque jour dans nos deux brasseries pour offrir aux clients des hectolitres de bonheur.Gr\u00e2ce \u00e0 des ingr\u00e9dients issus des meilleures mati\u00e8res premi\u00e8res, du souci du d\u00e9tail et d&rsquo;un &hellip;<\/p>\n<p class=\"read-more\"> <a class=\"\" href=\"https:\/\/www.doppiomalto.com\/fr\/brasseries\/\"> <span class=\"screen-reader-text\">Les brasseries<\/span> Leggi di pi\u00f9 \u00bb<\/a><\/p>\n","protected":false},"author":1,"featured_media":0,"parent":0,"menu_order":0,"comment_status":"closed","ping_status":"closed","template":"","meta":[],"acf":[],"yoast_head":"<!-- This site is optimized with the Yoast SEO plugin v16.2 - https:\/\/yoast.com\/wordpress\/plugins\/seo\/ -->\n<title>Les brasseries | Doppio Malto<\/title>\n<meta name=\"robots\" content=\"index, follow, max-snippet:-1, max-image-preview:large, max-video-preview:-1\" \/>\n<link rel=\"canonical\" href=\"https:\/\/www.doppiomalto.com\/fr\/brasseries\/\" \/>\n<meta property=\"og:locale\" content=\"fr_FR\" \/>\n<meta property=\"og:type\" content=\"article\" \/>\n<meta property=\"og:title\" content=\"Les brasseries | Doppio Malto\" \/>\n<meta property=\"og:description\" content=\"Les brasseries Le bonheur se mesure en hectolitres Les brasseurs Doppio Malto ne ressemblent pas tous au P\u00e8re No\u00ebl, mais tous, avec exp\u00e9rience, sagesse et cr\u00e9ativit\u00e9, travaillent chaque jour dans nos deux brasseries pour offrir aux clients des hectolitres de bonheur.Gr\u00e2ce \u00e0 des ingr\u00e9dients issus des meilleures mati\u00e8res premi\u00e8res, du souci du d\u00e9tail et d&rsquo;un &hellip; Les brasseries Leggi di pi\u00f9 \u00bb\" \/>\n<meta property=\"og:url\" content=\"https:\/\/www.doppiomalto.com\/fr\/brasseries\/\" \/>\n<meta property=\"og:site_name\" content=\"Doppio Malto\" \/>\n<meta property=\"article:publisher\" content=\"https:\/\/www.facebook.com\/DoppioMaltoPeople\/\" \/>\n<meta property=\"article:modified_time\" content=\"2024-04-16T14:25:20+00:00\" \/>\n<meta property=\"og:image\" content=\"https:\/\/www.doppiomalto.com\/wp-content\/uploads\/2020\/07\/come-la-facciamo.svg\" \/>\n<meta name=\"twitter:card\" content=\"summary_large_image\" \/>\n<meta name=\"twitter:label1\" content=\"Dur\u00e9e de lecture est.\">\n\t<meta name=\"twitter:data1\" content=\"2 minutes\">\n<script type=\"application\/ld+json\" class=\"yoast-schema-graph\">{\"@context\":\"https:\/\/schema.org\",\"@graph\":[{\"@type\":\"Organization\",\"@id\":\"https:\/\/www.doppiomalto.com\/it\/#organization\",\"name\":\"Doppio Malto\",\"url\":\"https:\/\/www.doppiomalto.com\/it\/\",\"sameAs\":[\"https:\/\/www.facebook.com\/DoppioMaltoPeople\/\",\"https:\/\/www.instagram.com\/doppiomalto_people\/\",\"https:\/\/www.linkedin.com\/company\/fodbrand-spa\/\"],\"logo\":{\"@type\":\"ImageObject\",\"@id\":\"https:\/\/www.doppiomalto.com\/it\/#logo\",\"inLanguage\":\"fr-FR\",\"url\":\"https:\/\/www.doppiomalto.com\/wp-content\/uploads\/2020\/07\/logo-doppiomalto-colorato.png\",\"contentUrl\":\"https:\/\/www.doppiomalto.com\/wp-content\/uploads\/2020\/07\/logo-doppiomalto-colorato.png\",\"width\":709,\"height\":258,\"caption\":\"Doppio Malto\"},\"image\":{\"@id\":\"https:\/\/www.doppiomalto.com\/it\/#logo\"}},{\"@type\":\"WebSite\",\"@id\":\"https:\/\/www.doppiomalto.com\/it\/#website\",\"url\":\"https:\/\/www.doppiomalto.com\/it\/\",\"name\":\"Doppio Malto\",\"description\":\"\",\"publisher\":{\"@id\":\"https:\/\/www.doppiomalto.com\/it\/#organization\"},\"potentialAction\":[{\"@type\":\"SearchAction\",\"target\":\"https:\/\/www.doppiomalto.com\/it\/?s={search_term_string}\",\"query-input\":\"required name=search_term_string\"}],\"inLanguage\":\"fr-FR\"},{\"@type\":\"ImageObject\",\"@id\":\"https:\/\/www.doppiomalto.com\/fr\/brasseries\/#primaryimage\",\"inLanguage\":\"fr-FR\",\"url\":\"https:\/\/www.doppiomalto.com\/wp-content\/uploads\/2020\/07\/come-la-facciamo.svg\",\"contentUrl\":\"https:\/\/www.doppiomalto.com\/wp-content\/uploads\/2020\/07\/come-la-facciamo.svg\"},{\"@type\":\"WebPage\",\"@id\":\"https:\/\/www.doppiomalto.com\/fr\/brasseries\/#webpage\",\"url\":\"https:\/\/www.doppiomalto.com\/fr\/brasseries\/\",\"name\":\"Les brasseries | Doppio Malto\",\"isPartOf\":{\"@id\":\"https:\/\/www.doppiomalto.com\/it\/#website\"},\"primaryImageOfPage\":{\"@id\":\"https:\/\/www.doppiomalto.com\/fr\/brasseries\/#primaryimage\"},\"datePublished\":\"2020-06-24T15:50:42+00:00\",\"dateModified\":\"2024-04-16T14:25:20+00:00\",\"breadcrumb\":{\"@id\":\"https:\/\/www.doppiomalto.com\/fr\/brasseries\/#breadcrumb\"},\"inLanguage\":\"fr-FR\",\"potentialAction\":[{\"@type\":\"ReadAction\",\"target\":[\"https:\/\/www.doppiomalto.com\/fr\/brasseries\/\"]}]},{\"@type\":\"BreadcrumbList\",\"@id\":\"https:\/\/www.doppiomalto.com\/fr\/brasseries\/#breadcrumb\",\"itemListElement\":[{\"@type\":\"ListItem\",\"position\":1,\"item\":{\"@type\":\"WebPage\",\"@id\":\"https:\/\/www.doppiomalto.com\/fr\/\",\"url\":\"https:\/\/www.doppiomalto.com\/fr\/\",\"name\":\"Home\"}},{\"@type\":\"ListItem\",\"position\":2,\"item\":{\"@id\":\"https:\/\/www.doppiomalto.com\/fr\/brasseries\/#webpage\"}}]}]}<\/script>\n<!-- \/ Yoast SEO plugin. -->","_links":{"self":[{"href":"https:\/\/www.doppiomalto.com\/fr\/wp-json\/wp\/v2\/pages\/2985"}],"collection":[{"href":"https:\/\/www.doppiomalto.com\/fr\/wp-json\/wp\/v2\/pages"}],"about":[{"href":"https:\/\/www.doppiomalto.com\/fr\/wp-json\/wp\/v2\/types\/page"}],"author":[{"embeddable":true,"href":"https:\/\/www.doppiomalto.com\/fr\/wp-json\/wp\/v2\/users\/1"}],"replies":[{"embeddable":true,"href":"https:\/\/www.doppiomalto.com\/fr\/wp-json\/wp\/v2\/comments?post=2985"}],"version-history":[{"count":18,"href":"https:\/\/www.doppiomalto.com\/fr\/wp-json\/wp\/v2\/pages\/2985\/revisions"}],"predecessor-version":[{"id":38194,"href":"https:\/\/www.doppiomalto.com\/fr\/wp-json\/wp\/v2\/pages\/2985\/revisions\/38194"}],"wp:attachment":[{"href":"https:\/\/www.doppiomalto.com\/fr\/wp-json\/wp\/v2\/media?parent=2985"}],"curies":[{"name":"wp","href":"https:\/\/api.w.org\/{rel}","templated":true}]}}