{"id":2950,"date":"2018-10-01T13:09:39","date_gmt":"2018-10-01T13:09:39","guid":{"rendered":"https:\/\/www.doppiomalto.com\/home\/"},"modified":"2026-03-19T09:32:41","modified_gmt":"2026-03-19T08:32:41","slug":"home","status":"publish","type":"page","link":"https:\/\/www.doppiomalto.com\/fr\/","title":{"rendered":"Home"},"content":{"rendered":"\t\t<div data-elementor-type=\"wp-post\" data-elementor-id=\"2950\" class=\"elementor elementor-2950 elementor-607\">\n\t\t\t\t\t\t<div class=\"elementor-inner\">\n\t\t\t\t<div class=\"elementor-section-wrap\">\n\t\t\t\t\t\t\t\t\t<section class=\"elementor-section elementor-top-section elementor-element elementor-element-3c635b68 elementor-section-height-min-height elementor-section-content-middle elementor-section-boxed elementor-section-height-default elementor-section-items-middle\" data-id=\"3c635b68\" data-element_type=\"section\" data-settings=\"{&quot;background_background&quot;:&quot;video&quot;,&quot;background_video_link&quot;:&quot;https:\\\/\\\/www.doppiomalto.com\\\/wp-content\\\/uploads\\\/2024\\\/07\\\/Doppio-Malto-Site-Header-2.mp4&quot;,&quot;background_play_on_mobile&quot;:&quot;yes&quot;}\">\n\t\t\t\t\t\t\t\t<div class=\"elementor-background-video-container\">\n\t\t\t\t\t\t\t\t\t\t\t\t\t<video class=\"elementor-background-video-hosted elementor-html5-video\" autoplay muted playsinline loop><\/video>\n\t\t\t\t\t\t\t\t\t\t\t<\/div>\n\t\t\t\t\t\t\t\t\t<div class=\"elementor-background-overlay\"><\/div>\n\t\t\t\t\t\t\t<div class=\"elementor-container elementor-column-gap-extended\">\n\t\t\t\t\t\t\t<div class=\"elementor-row\">\n\t\t\t\t\t<div class=\"elementor-column elementor-col-100 elementor-top-column elementor-element elementor-element-3fbf88b\" data-id=\"3fbf88b\" data-element_type=\"column\">\n\t\t\t<div class=\"elementor-column-wrap\">\n\t\t\t\t\t\t\t<div class=\"elementor-widget-wrap\">\n\t\t\t\t\t\t\t\t<\/div>\n\t\t\t\t\t<\/div>\n\t\t<\/div>\n\t\t\t\t\t\t\t\t<\/div>\n\t\t\t\t\t<\/div>\n\t\t<\/section>\n\t\t\t\t<section class=\"elementor-section elementor-top-section elementor-element elementor-element-a5f3040 elementor-section-full_width elementor-section-height-default elementor-section-height-default\" data-id=\"a5f3040\" data-element_type=\"section\" data-settings=\"{&quot;background_background&quot;:&quot;classic&quot;}\">\n\t\t\t\t\t\t<div class=\"elementor-container elementor-column-gap-default\">\n\t\t\t\t\t\t\t<div class=\"elementor-row\">\n\t\t\t\t\t<div class=\"elementor-column elementor-col-50 elementor-top-column elementor-element elementor-element-64a7ad3\" data-id=\"64a7ad3\" data-element_type=\"column\" data-settings=\"{&quot;background_background&quot;:&quot;classic&quot;,&quot;animation&quot;:&quot;none&quot;}\">\n\t\t\t<div class=\"elementor-column-wrap elementor-element-populated\">\n\t\t\t\t\t\t\t<div class=\"elementor-widget-wrap\">\n\t\t\t\t\t\t<div class=\"elementor-element elementor-element-b2f7d8d animated-slow elementor-invisible elementor-widget elementor-widget-image\" data-id=\"b2f7d8d\" data-element_type=\"widget\" data-settings=\"{&quot;motion_fx_motion_fx_scrolling&quot;:&quot;yes&quot;,&quot;motion_fx_translateX_effect&quot;:&quot;yes&quot;,&quot;motion_fx_translateX_direction&quot;:&quot;negative&quot;,&quot;motion_fx_translateX_speed&quot;:{&quot;unit&quot;:&quot;px&quot;,&quot;size&quot;:10,&quot;sizes&quot;:[]},&quot;motion_fx_translateX_affectedRange&quot;:{&quot;unit&quot;:&quot;%&quot;,&quot;size&quot;:&quot;&quot;,&quot;sizes&quot;:{&quot;start&quot;:&quot;0&quot;,&quot;end&quot;:50}},&quot;_animation&quot;:&quot;slideInLeft&quot;,&quot;_animation_delay&quot;:300,&quot;motion_fx_devices&quot;:[&quot;desktop&quot;,&quot;tablet&quot;,&quot;mobile&quot;]}\" data-widget_type=\"image.default\">\n\t\t\t\t<div class=\"elementor-widget-container\">\n\t\t\t\t\t\t\t\t<div class=\"elementor-image\">\n\t\t\t\t\t\t\t\t\t\t\t\t<img width=\"1243\" height=\"523\" src=\"https:\/\/www.doppiomalto.com\/wp-content\/uploads\/2023\/02\/DM-Rete-1243x523-SexyIpa-2023-01.png\" class=\"attachment-full size-full\" alt=\"\" loading=\"lazy\" srcset=\"https:\/\/www.doppiomalto.com\/wp-content\/uploads\/2023\/02\/DM-Rete-1243x523-SexyIpa-2023-01.png 1243w, https:\/\/www.doppiomalto.com\/wp-content\/uploads\/2023\/02\/DM-Rete-1243x523-SexyIpa-2023-01-300x126.png 300w, https:\/\/www.doppiomalto.com\/wp-content\/uploads\/2023\/02\/DM-Rete-1243x523-SexyIpa-2023-01-1024x431.png 1024w, https:\/\/www.doppiomalto.com\/wp-content\/uploads\/2023\/02\/DM-Rete-1243x523-SexyIpa-2023-01-768x323.png 768w, https:\/\/www.doppiomalto.com\/wp-content\/uploads\/2023\/02\/DM-Rete-1243x523-SexyIpa-2023-01-600x252.png 600w\" sizes=\"(max-width: 1243px) 100vw, 1243px\" \/>\t\t\t\t\t\t\t\t\t\t\t\t\t\t<\/div>\n\t\t\t\t\t\t<\/div>\n\t\t\t\t<\/div>\n\t\t\t\t\t\t<\/div>\n\t\t\t\t\t<\/div>\n\t\t<\/div>\n\t\t\t\t<div class=\"elementor-column elementor-col-50 elementor-top-column elementor-element elementor-element-d3a15ce\" data-id=\"d3a15ce\" data-element_type=\"column\">\n\t\t\t<div class=\"elementor-column-wrap elementor-element-populated\">\n\t\t\t\t\t\t\t<div class=\"elementor-widget-wrap\">\n\t\t\t\t\t\t<div class=\"elementor-element elementor-element-066cf44 elementor-widget elementor-widget-heading\" data-id=\"066cf44\" data-element_type=\"widget\" data-widget_type=\"heading.default\">\n\t\t\t\t<div class=\"elementor-widget-container\">\n\t\t\t<h2 class=\"elementor-heading-title elementor-size-default\">Nos bi\u00e8res<\/h2>\t\t<\/div>\n\t\t\t\t<\/div>\n\t\t\t\t<div class=\"elementor-element elementor-element-c7e7ebe elementor-widget elementor-widget-text-editor\" data-id=\"c7e7ebe\" data-element_type=\"widget\" data-widget_type=\"text-editor.default\">\n\t\t\t\t<div class=\"elementor-widget-container\">\n\t\t\t\t\t\t\t\t<div class=\"elementor-text-editor elementor-clearfix\">\n\t\t\t\t<p>Nos ma\u00eetres brasseurs travaillent tous les jours dans les deux brasseries Doppio Malto pour offrir \u00e0 nos clients des hectolitres de bonheur.<\/p>\t\t\t\t\t<\/div>\n\t\t\t\t\t\t<\/div>\n\t\t\t\t<\/div>\n\t\t\t\t<div class=\"elementor-element elementor-element-c071f24 elementor-align-center elementor-widget elementor-widget-button\" data-id=\"c071f24\" data-element_type=\"widget\" data-widget_type=\"button.default\">\n\t\t\t\t<div class=\"elementor-widget-container\">\n\t\t\t\t\t<div class=\"elementor-button-wrapper\">\n\t\t\t<a href=\"https:\/\/www.doppiomalto.com\/fr\/bieres\/\" class=\"elementor-button-link elementor-button elementor-size-sm\" role=\"button\">\n\t\t\t\t\t\t<span class=\"elementor-button-content-wrapper\">\n\t\t\t\t\t\t<span class=\"elementor-button-text\">En savoir plus<\/span>\n\t\t<\/span>\n\t\t\t\t\t<\/a>\n\t\t<\/div>\n\t\t\t\t<\/div>\n\t\t\t\t<\/div>\n\t\t\t\t\t\t<\/div>\n\t\t\t\t\t<\/div>\n\t\t<\/div>\n\t\t\t\t\t\t\t\t<\/div>\n\t\t\t\t\t<\/div>\n\t\t<\/section>\n\t\t\t\t<section class=\"elementor-section elementor-top-section elementor-element elementor-element-f52afd0 elementor-section-boxed elementor-section-height-default elementor-section-height-default\" data-id=\"f52afd0\" data-element_type=\"section\" data-settings=\"{&quot;background_background&quot;:&quot;classic&quot;,&quot;animation&quot;:&quot;none&quot;,&quot;background_motion_fx_motion_fx_scrolling&quot;:&quot;yes&quot;,&quot;background_motion_fx_scale_effect&quot;:&quot;yes&quot;,&quot;background_motion_fx_scale_direction&quot;:&quot;in-out&quot;,&quot;background_motion_fx_scale_range&quot;:{&quot;unit&quot;:&quot;%&quot;,&quot;size&quot;:&quot;&quot;,&quot;sizes&quot;:{&quot;start&quot;:&quot;54&quot;,&quot;end&quot;:&quot;76&quot;}},&quot;background_motion_fx_scale_speed&quot;:{&quot;unit&quot;:&quot;px&quot;,&quot;size&quot;:4,&quot;sizes&quot;:[]},&quot;background_motion_fx_devices&quot;:[&quot;desktop&quot;,&quot;tablet&quot;,&quot;mobile&quot;]}\">\n\t\t\t\t\t\t\t<div class=\"elementor-background-overlay\"><\/div>\n\t\t\t\t\t\t\t<div class=\"elementor-container elementor-column-gap-no\">\n\t\t\t\t\t\t\t<div class=\"elementor-row\">\n\t\t\t\t\t<div class=\"elementor-column elementor-col-100 elementor-top-column elementor-element elementor-element-f1ad956\" data-id=\"f1ad956\" data-element_type=\"column\">\n\t\t\t<div class=\"elementor-column-wrap elementor-element-populated\">\n\t\t\t\t\t\t\t<div class=\"elementor-widget-wrap\">\n\t\t\t\t\t\t<div class=\"elementor-element elementor-element-044bcc1 elementor-widget elementor-widget-heading\" data-id=\"044bcc1\" data-element_type=\"widget\" data-widget_type=\"heading.default\">\n\t\t\t\t<div class=\"elementor-widget-container\">\n\t\t\t<h2 class=\"elementor-heading-title elementor-size-default\">Les restaurants<\/h2>\t\t<\/div>\n\t\t\t\t<\/div>\n\t\t\t\t<div class=\"elementor-element elementor-element-fdd8b45 elementor-hidden-phone elementor-widget elementor-widget-text-editor\" data-id=\"fdd8b45\" data-element_type=\"widget\" data-widget_type=\"text-editor.default\">\n\t\t\t\t<div class=\"elementor-widget-container\">\n\t\t\t\t\t\t\t\t<div class=\"elementor-text-editor elementor-clearfix\">\n\t\t\t\t<p>Un d\u00eener entre amis, un d\u00e9jeuner d\u2019affaires, un ap\u00e9ritif :\u00a0<\/p><p>Doppio Malto est l\u2019endroit id\u00e9al pour d\u00e9couvrir les secrets de la bi\u00e8re avec des plats excellents.<\/p>\t\t\t\t\t<\/div>\n\t\t\t\t\t\t<\/div>\n\t\t\t\t<\/div>\n\t\t\t\t<div class=\"elementor-element elementor-element-dd14369 elementor-align-center elementor-widget elementor-widget-button\" data-id=\"dd14369\" data-element_type=\"widget\" data-widget_type=\"button.default\">\n\t\t\t\t<div class=\"elementor-widget-container\">\n\t\t\t\t\t<div class=\"elementor-button-wrapper\">\n\t\t\t<a href=\"https:\/\/www.doppiomalto.com\/fr\/restaurants\/\" class=\"elementor-button-link elementor-button elementor-size-sm\" role=\"button\">\n\t\t\t\t\t\t<span class=\"elementor-button-content-wrapper\">\n\t\t\t\t\t\t<span class=\"elementor-button-text\">Trouvez le Doppio Malto le plus proche<\/span>\n\t\t<\/span>\n\t\t\t\t\t<\/a>\n\t\t<\/div>\n\t\t\t\t<\/div>\n\t\t\t\t<\/div>\n\t\t\t\t\t\t<\/div>\n\t\t\t\t\t<\/div>\n\t\t<\/div>\n\t\t\t\t\t\t\t\t<\/div>\n\t\t\t\t\t<\/div>\n\t\t<\/section>\n\t\t\t\t<section class=\"elementor-section elementor-top-section elementor-element elementor-element-ffa5953 elementor-section-full_width elementor-section-height-default elementor-section-height-default elementor-invisible\" data-id=\"ffa5953\" data-element_type=\"section\" data-settings=\"{&quot;animation&quot;:&quot;slideInUp&quot;}\">\n\t\t\t\t\t\t<div class=\"elementor-container elementor-column-gap-no\">\n\t\t\t\t\t\t\t<div class=\"elementor-row\">\n\t\t\t\t\t<div class=\"elementor-column elementor-col-100 elementor-top-column elementor-element elementor-element-c8480b7\" data-id=\"c8480b7\" data-element_type=\"column\">\n\t\t\t<div class=\"elementor-column-wrap elementor-element-populated\">\n\t\t\t\t\t\t\t<div class=\"elementor-widget-wrap\">\n\t\t\t\t\t\t<section class=\"elementor-section elementor-inner-section elementor-element elementor-element-aaa89ea elementor-section-full_width elementor-section-height-default elementor-section-height-default\" data-id=\"aaa89ea\" data-element_type=\"section\">\n\t\t\t\t\t\t<div class=\"elementor-container elementor-column-gap-no\">\n\t\t\t\t\t\t\t<div class=\"elementor-row\">\n\t\t\t\t\t<div class=\"elementor-column elementor-col-100 elementor-inner-column elementor-element elementor-element-2aef7d2\" data-id=\"2aef7d2\" data-element_type=\"column\">\n\t\t\t<div class=\"elementor-column-wrap elementor-element-populated\">\n\t\t\t\t\t\t\t<div class=\"elementor-widget-wrap\">\n\t\t\t\t\t\t<div class=\"elementor-element elementor-element-024de65 elementor-cta--skin-cover elementor-cta--valign-middle elementor-bg-transform elementor-bg-transform-zoom-in elementor-widget elementor-widget-call-to-action\" data-id=\"024de65\" data-element_type=\"widget\" data-widget_type=\"call-to-action.default\">\n\t\t\t\t<div class=\"elementor-widget-container\">\n\t\t\t\t\t<div class=\"elementor-cta\">\n\t\t\t\t\t<div class=\"elementor-cta__bg-wrapper\">\n\t\t\t\t<div class=\"elementor-cta__bg elementor-bg\" style=\"background-image: url(https:\/\/www.doppiomalto.com\/wp-content\/uploads\/2025\/02\/menu.png);\"><\/div>\n\t\t\t\t<div class=\"elementor-cta__bg-overlay\"><\/div>\n\t\t\t<\/div>\n\t\t\t\t\t\t\t<div class=\"elementor-cta__content\">\n\t\t\t\t\n\t\t\t\t<h2 class=\"elementor-cta__title elementor-cta__content-item elementor-content-item\">La carte<\/h2>\n\t\t\t\t\t\t\t\t\t<div class=\"elementor-cta__description elementor-cta__content-item elementor-content-item\">\n\t\t\t\t\t\tUn menu pour le bonheur, \u00e7a existe ? Oui ? Super !\t\t\t\t\t<\/div>\n\t\t\t\t\n\t\t\t\t\t\t\t\t\t<div class=\"elementor-cta__button-wrapper elementor-cta__content-item elementor-content-item \">\n\t\t\t\t\t<a class=\"elementor-cta__button elementor-button elementor-size-md\" href=\"https:\/\/www.doppiomalto.com\/fr\/carte\/\">\n\t\t\t\t\t\tEn savoir plus\t\t\t\t\t<\/a>\n\t\t\t\t\t<\/div>\n\t\t\t\t\t\t\t<\/div>\n\t\t\t\t\t\t<\/div>\n\t\t\t\t<\/div>\n\t\t\t\t<\/div>\n\t\t\t\t\t\t<\/div>\n\t\t\t\t\t<\/div>\n\t\t<\/div>\n\t\t\t\t\t\t\t\t<\/div>\n\t\t\t\t\t<\/div>\n\t\t<\/section>\n\t\t\t\t\t\t<\/div>\n\t\t\t\t\t<\/div>\n\t\t<\/div>\n\t\t\t\t\t\t\t\t<\/div>\n\t\t\t\t\t<\/div>\n\t\t<\/section>\n\t\t\t\t<section class=\"elementor-section elementor-top-section elementor-element elementor-element-3f601d7 elementor-section-full_width elementor-section-height-default elementor-section-height-default elementor-invisible\" data-id=\"3f601d7\" data-element_type=\"section\" data-settings=\"{&quot;animation&quot;:&quot;slideInUp&quot;}\">\n\t\t\t\t\t\t<div class=\"elementor-container elementor-column-gap-no\">\n\t\t\t\t\t\t\t<div class=\"elementor-row\">\n\t\t\t\t\t<div class=\"elementor-column elementor-col-100 elementor-top-column elementor-element elementor-element-2b30ef5\" data-id=\"2b30ef5\" data-element_type=\"column\">\n\t\t\t<div class=\"elementor-column-wrap elementor-element-populated\">\n\t\t\t\t\t\t\t<div class=\"elementor-widget-wrap\">\n\t\t\t\t\t\t<section class=\"elementor-section elementor-inner-section elementor-element elementor-element-5b59a8e elementor-section-full_width elementor-section-height-default elementor-section-height-default\" data-id=\"5b59a8e\" data-element_type=\"section\">\n\t\t\t\t\t\t<div class=\"elementor-container elementor-column-gap-no\">\n\t\t\t\t\t\t\t<div class=\"elementor-row\">\n\t\t\t\t\t<div class=\"elementor-column elementor-col-100 elementor-inner-column elementor-element elementor-element-97747e1\" data-id=\"97747e1\" data-element_type=\"column\">\n\t\t\t<div class=\"elementor-column-wrap elementor-element-populated\">\n\t\t\t\t\t\t\t<div class=\"elementor-widget-wrap\">\n\t\t\t\t\t\t<div class=\"elementor-element elementor-element-b0288b7 elementor-cta--skin-cover elementor-cta--valign-middle elementor-bg-transform elementor-bg-transform-zoom-in elementor-widget elementor-widget-call-to-action\" data-id=\"b0288b7\" data-element_type=\"widget\" data-widget_type=\"call-to-action.default\">\n\t\t\t\t<div class=\"elementor-widget-container\">\n\t\t\t\t\t<div class=\"elementor-cta\">\n\t\t\t\t\t<div class=\"elementor-cta__bg-wrapper\">\n\t\t\t\t<div class=\"elementor-cta__bg elementor-bg\" style=\"background-image: url(https:\/\/www.doppiomalto.com\/wp-content\/uploads\/2023\/11\/DSC09664-scaled.jpeg);\"><\/div>\n\t\t\t\t<div class=\"elementor-cta__bg-overlay\"><\/div>\n\t\t\t<\/div>\n\t\t\t\t\t\t\t<div class=\"elementor-cta__content\">\n\t\t\t\t\n\t\t\t\t<h2 class=\"elementor-cta__title elementor-cta__content-item elementor-content-item\">R\u00e9servez une table<\/h2>\n\t\t\t\t\t\t\t\t\t<div class=\"elementor-cta__description elementor-cta__content-item elementor-content-item\">\n\t\t\t\t\t\tChoisissez votre endroit pr\u00e9f\u00e9r\u00e9\t\t\t\t\t<\/div>\n\t\t\t\t\n\t\t\t\t\t\t\t\t\t<div class=\"elementor-cta__button-wrapper elementor-cta__content-item elementor-content-item \">\n\t\t\t\t\t<a class=\"elementor-cta__button elementor-button elementor-size-md\" href=\"https:\/\/www.doppiomalto.com\/fr\/reserver\/\">\n\t\t\t\t\t\tR\u00e9servez\t\t\t\t\t<\/a>\n\t\t\t\t\t<\/div>\n\t\t\t\t\t\t\t<\/div>\n\t\t\t\t\t\t<\/div>\n\t\t\t\t<\/div>\n\t\t\t\t<\/div>\n\t\t\t\t\t\t<\/div>\n\t\t\t\t\t<\/div>\n\t\t<\/div>\n\t\t\t\t\t\t\t\t<\/div>\n\t\t\t\t\t<\/div>\n\t\t<\/section>\n\t\t\t\t\t\t<\/div>\n\t\t\t\t\t<\/div>\n\t\t<\/div>\n\t\t\t\t\t\t\t\t<\/div>\n\t\t\t\t\t<\/div>\n\t\t<\/section>\n\t\t\t\t<section class=\"elementor-section elementor-top-section elementor-element elementor-element-3012a19 elementor-section-boxed elementor-section-height-default elementor-section-height-default\" data-id=\"3012a19\" data-element_type=\"section\">\n\t\t\t\t\t\t<div class=\"elementor-container elementor-column-gap-default\">\n\t\t\t\t\t\t\t<div class=\"elementor-row\">\n\t\t\t\t\t<div class=\"elementor-column elementor-col-100 elementor-top-column elementor-element elementor-element-09d4552\" data-id=\"09d4552\" data-element_type=\"column\">\n\t\t\t<div class=\"elementor-column-wrap elementor-element-populated\">\n\t\t\t\t\t\t\t<div class=\"elementor-widget-wrap\">\n\t\t\t\t\t\t<div class=\"elementor-element elementor-element-6d91c77 elementor-widget elementor-widget-menu-anchor\" data-id=\"6d91c77\" data-element_type=\"widget\" data-widget_type=\"menu-anchor.default\">\n\t\t\t\t<div class=\"elementor-widget-container\">\n\t\t\t\t\t<div id=\"Privatizzazioni\" class=\"elementor-menu-anchor\"><\/div>\n\t\t\t\t<\/div>\n\t\t\t\t<\/div>\n\t\t\t\t<div class=\"elementor-element elementor-element-3b77b10 elementor-widget elementor-widget-menu-anchor\" data-id=\"3b77b10\" data-element_type=\"widget\" data-widget_type=\"menu-anchor.default\">\n\t\t\t\t<div class=\"elementor-widget-container\">\n\t\t\t\t\t<div id=\"Privatizzazioni\" class=\"elementor-menu-anchor\"><\/div>\n\t\t\t\t<\/div>\n\t\t\t\t<\/div>\n\t\t\t\t<section class=\"elementor-section elementor-inner-section elementor-element elementor-element-d504dbe elementor-section-content-middle elementor-section-boxed elementor-section-height-default elementor-section-height-default\" data-id=\"d504dbe\" data-element_type=\"section\">\n\t\t\t\t\t\t<div class=\"elementor-container elementor-column-gap-default\">\n\t\t\t\t\t\t\t<div class=\"elementor-row\">\n\t\t\t\t\t<div class=\"elementor-column elementor-col-100 elementor-inner-column elementor-element elementor-element-4fcf7e8\" data-id=\"4fcf7e8\" data-element_type=\"column\">\n\t\t\t<div class=\"elementor-column-wrap\">\n\t\t\t\t\t\t\t<div class=\"elementor-widget-wrap\">\n\t\t\t\t\t\t\t\t<\/div>\n\t\t\t\t\t<\/div>\n\t\t<\/div>\n\t\t\t\t\t\t\t\t<\/div>\n\t\t\t\t\t<\/div>\n\t\t<\/section>\n\t\t\t\t\t\t<\/div>\n\t\t\t\t\t<\/div>\n\t\t<\/div>\n\t\t\t\t\t\t\t\t<\/div>\n\t\t\t\t\t<\/div>\n\t\t<\/section>\n\t\t\t\t\t\t\t\t\t<\/div>\n\t\t\t<\/div>\n\t\t\t\t\t<\/div>\n\t\t","protected":false},"excerpt":{"rendered":"<p>Nos bi\u00e8res Nos ma\u00eetres brasseurs travaillent tous les jours dans les deux brasseries Doppio Malto pour offrir \u00e0 nos clients des hectolitres de bonheur. En savoir plus Les restaurants Un d\u00eener entre amis, un d\u00e9jeuner d\u2019affaires, un ap\u00e9ritif :\u00a0 Doppio Malto est l\u2019endroit id\u00e9al pour d\u00e9couvrir les secrets de la bi\u00e8re avec des plats excellents. &hellip;<\/p>\n<p class=\"read-more\"> <a class=\"\" href=\"https:\/\/www.doppiomalto.com\/fr\/\"> <span class=\"screen-reader-text\">Home<\/span> Leggi di pi\u00f9 \u00bb<\/a><\/p>\n","protected":false},"author":1,"featured_media":49567,"parent":0,"menu_order":1,"comment_status":"closed","ping_status":"closed","template":"","meta":[],"acf":[],"yoast_head":"<!-- This site is optimized with the Yoast SEO plugin v16.2 - https:\/\/yoast.com\/wordpress\/plugins\/seo\/ -->\n<title>Doppio Malto | On fait de la bi\u00e8re, on fait la cuisine, on vous rend heureux<\/title>\n<meta name=\"description\" content=\"Grandes tables, fauteuils, tables de billard. Et nourriture de qualit\u00e9: viandes \u00e0 la braise, g\u00e2teauxfaits-maison, hamburger \u00e0 lviande fra\u00eeche.\" \/>\n<meta name=\"robots\" content=\"index, follow, max-snippet:-1, max-image-preview:large, max-video-preview:-1\" \/>\n<link rel=\"canonical\" href=\"https:\/\/www.doppiomalto.com\/fr\/\" \/>\n<meta property=\"og:locale\" content=\"fr_FR\" \/>\n<meta property=\"og:type\" content=\"article\" \/>\n<meta property=\"og:title\" content=\"Doppio Malto | On fait de la bi\u00e8re, on fait la cuisine, on vous rend heureux\" \/>\n<meta property=\"og:description\" content=\"Grandes tables, fauteuils, tables de billard. Et nourriture de qualit\u00e9: viandes \u00e0 la braise, g\u00e2teauxfaits-maison, hamburger \u00e0 lviande fra\u00eeche.\" \/>\n<meta property=\"og:url\" content=\"https:\/\/www.doppiomalto.com\/fr\/\" \/>\n<meta property=\"og:site_name\" content=\"Doppio Malto\" \/>\n<meta property=\"article:publisher\" content=\"https:\/\/www.facebook.com\/DoppioMaltoPeople\/\" \/>\n<meta property=\"article:modified_time\" content=\"2026-03-19T08:32:41+00:00\" \/>\n<meta property=\"og:image\" content=\"https:\/\/www.doppiomalto.com\/wp-content\/uploads\/2020\/09\/social-doppiomalto.jpg\" \/>\n\t<meta property=\"og:image:width\" content=\"1080\" \/>\n\t<meta property=\"og:image:height\" content=\"528\" \/>\n<meta name=\"twitter:card\" content=\"summary_large_image\" \/>\n<meta name=\"twitter:label1\" content=\"Dur\u00e9e de lecture est.\">\n\t<meta name=\"twitter:data1\" content=\"1 minute\">\n<script type=\"application\/ld+json\" class=\"yoast-schema-graph\">{\"@context\":\"https:\/\/schema.org\",\"@graph\":[{\"@type\":\"Organization\",\"@id\":\"https:\/\/www.doppiomalto.com\/it\/#organization\",\"name\":\"Doppio Malto\",\"url\":\"https:\/\/www.doppiomalto.com\/it\/\",\"sameAs\":[\"https:\/\/www.facebook.com\/DoppioMaltoPeople\/\",\"https:\/\/www.instagram.com\/doppiomalto_people\/\",\"https:\/\/www.linkedin.com\/company\/fodbrand-spa\/\"],\"logo\":{\"@type\":\"ImageObject\",\"@id\":\"https:\/\/www.doppiomalto.com\/it\/#logo\",\"inLanguage\":\"fr-FR\",\"url\":\"https:\/\/www.doppiomalto.com\/wp-content\/uploads\/2020\/07\/logo-doppiomalto-colorato.png\",\"contentUrl\":\"https:\/\/www.doppiomalto.com\/wp-content\/uploads\/2020\/07\/logo-doppiomalto-colorato.png\",\"width\":709,\"height\":258,\"caption\":\"Doppio Malto\"},\"image\":{\"@id\":\"https:\/\/www.doppiomalto.com\/it\/#logo\"}},{\"@type\":\"WebSite\",\"@id\":\"https:\/\/www.doppiomalto.com\/it\/#website\",\"url\":\"https:\/\/www.doppiomalto.com\/it\/\",\"name\":\"Doppio Malto\",\"description\":\"\",\"publisher\":{\"@id\":\"https:\/\/www.doppiomalto.com\/it\/#organization\"},\"potentialAction\":[{\"@type\":\"SearchAction\",\"target\":\"https:\/\/www.doppiomalto.com\/it\/?s={search_term_string}\",\"query-input\":\"required name=search_term_string\"}],\"inLanguage\":\"fr-FR\"},{\"@type\":\"ImageObject\",\"@id\":\"https:\/\/www.doppiomalto.com\/fr\/#primaryimage\",\"inLanguage\":\"fr-FR\",\"url\":\"https:\/\/www.doppiomalto.com\/wp-content\/uploads\/2020\/09\/social-doppiomalto.jpg\",\"contentUrl\":\"https:\/\/www.doppiomalto.com\/wp-content\/uploads\/2020\/09\/social-doppiomalto.jpg\",\"width\":1080,\"height\":528},{\"@type\":\"WebPage\",\"@id\":\"https:\/\/www.doppiomalto.com\/fr\/#webpage\",\"url\":\"https:\/\/www.doppiomalto.com\/fr\/\",\"name\":\"Doppio Malto | On fait de la bi\\u00e8re, on fait la cuisine, on vous rend heureux\",\"isPartOf\":{\"@id\":\"https:\/\/www.doppiomalto.com\/it\/#website\"},\"primaryImageOfPage\":{\"@id\":\"https:\/\/www.doppiomalto.com\/fr\/#primaryimage\"},\"datePublished\":\"2018-10-01T13:09:39+00:00\",\"dateModified\":\"2026-03-19T08:32:41+00:00\",\"description\":\"Grandes tables, fauteuils, tables de billard. Et nourriture de qualit\\u00e9: viandes \\u00e0 la braise, g\\u00e2teauxfaits-maison, hamburger \\u00e0 lviande fra\\u00eeche.\",\"breadcrumb\":{\"@id\":\"https:\/\/www.doppiomalto.com\/fr\/#breadcrumb\"},\"inLanguage\":\"fr-FR\",\"potentialAction\":[{\"@type\":\"ReadAction\",\"target\":[\"https:\/\/www.doppiomalto.com\/fr\/\"]}]},{\"@type\":\"BreadcrumbList\",\"@id\":\"https:\/\/www.doppiomalto.com\/fr\/#breadcrumb\",\"itemListElement\":[{\"@type\":\"ListItem\",\"position\":1,\"item\":{\"@type\":\"WebPage\",\"@id\":\"https:\/\/www.doppiomalto.com\/fr\/\",\"url\":\"https:\/\/www.doppiomalto.com\/fr\/\",\"name\":\"Home\"}},{\"@type\":\"ListItem\",\"position\":2,\"item\":{\"@id\":\"https:\/\/www.doppiomalto.com\/fr\/#webpage\"}}]}]}<\/script>\n<!-- \/ Yoast SEO plugin. -->","_links":{"self":[{"href":"https:\/\/www.doppiomalto.com\/fr\/wp-json\/wp\/v2\/pages\/2950"}],"collection":[{"href":"https:\/\/www.doppiomalto.com\/fr\/wp-json\/wp\/v2\/pages"}],"about":[{"href":"https:\/\/www.doppiomalto.com\/fr\/wp-json\/wp\/v2\/types\/page"}],"author":[{"embeddable":true,"href":"https:\/\/www.doppiomalto.com\/fr\/wp-json\/wp\/v2\/users\/1"}],"replies":[{"embeddable":true,"href":"https:\/\/www.doppiomalto.com\/fr\/wp-json\/wp\/v2\/comments?post=2950"}],"version-history":[{"count":97,"href":"https:\/\/www.doppiomalto.com\/fr\/wp-json\/wp\/v2\/pages\/2950\/revisions"}],"predecessor-version":[{"id":58980,"href":"https:\/\/www.doppiomalto.com\/fr\/wp-json\/wp\/v2\/pages\/2950\/revisions\/58980"}],"wp:featuredmedia":[{"embeddable":true,"href":"https:\/\/www.doppiomalto.com\/fr\/wp-json\/wp\/v2\/media\/49567"}],"wp:attachment":[{"href":"https:\/\/www.doppiomalto.com\/fr\/wp-json\/wp\/v2\/media?parent=2950"}],"curies":[{"name":"wp","href":"https:\/\/api.w.org\/{rel}","templated":true}]}}